{"id":426,"date":"2016-09-06T22:07:21","date_gmt":"2016-09-06T20:07:21","guid":{"rendered":"https:\/\/e-parts.dk\/?product=teroson-pu-8599-hmlc"},"modified":"2023-06-15T18:58:21","modified_gmt":"2023-06-15T16:58:21","slug":"teroson-pu-8599-hmlc-2","status":"publish","type":"product","link":"https:\/\/e-parts.dk\/sv\/vare\/teroson-pu-8599-hmlc-2\/","title":{"rendered":"TEROSON BOND 15"},"content":{"rendered":"<p>TEROSON\u00ae BOND 15 er en h\u00f8jtydende 1-komponent rudelim af polyurethan. der p\u00e5f\u00f8res varm, og hvor man kan k\u00f8re efter blot 15 min., til sikker, hurtig og p\u00e5lidelig udskiftning af bilruder.<\/p>\n<p>Du kan k\u00f8re sikkert igen efter 15 min. (med airbags) i overensstemmelse med ECE 212\/208<br \/>\nKompatibelt med ADAS-sensorer takket v\u00e6re lav ledningsevne<br \/>\nOEM-godkendt<br \/>\nVarm, nem og hurtig behandling<br \/>\nPositionsvedh\u00e6ftning \u2013 ingen gardindannelse<\/p>\n","protected":false},"excerpt":{"rendered":"<p>310ML<\/p>\n","protected":false},"featured_media":17570,"template":"","meta":{"_seopress_robots_primary_cat":"","_seopress_titles_title":"","_seopress_titles_desc":"","_seopress_robots_index":"","_mo_disable_npp":""},"product_brand":[],"product_cat":[2260,2285],"product_tag":[],"display":[],"carmodels":[],"brands":[],"class_list":{"0":"post-426","1":"product","2":"type-product","3":"status-publish","4":"has-post-thumbnail","6":"product_cat-kemi-sv","7":"product_cat-rudelim-sv","9":"first","10":"onbackorder","11":"taxable","12":"shipping-taxable","13":"purchasable","14":"product-type-simple"},"tiered_pricing_type":"fixed","tiered_pricing_fixed_rules":[],"tiered_pricing_product_settings":{"layout":"default","base_unit_name":{"singular":null,"plural":null},"default_variation":null},"tiered_pricing_minimum_quantity":null,"tiered_pricing_roles_data":[],"tiered_pricing_percentage_rules":[],"_links":{"self":[{"href":"https:\/\/e-parts.dk\/sv\/wp-json\/wp\/v2\/product\/426","targetHints":{"allow":["GET"]}}],"collection":[{"href":"https:\/\/e-parts.dk\/sv\/wp-json\/wp\/v2\/product"}],"about":[{"href":"https:\/\/e-parts.dk\/sv\/wp-json\/wp\/v2\/types\/product"}],"wp:featuredmedia":[{"embeddable":true,"href":"https:\/\/e-parts.dk\/sv\/wp-json\/wp\/v2\/media\/17570"}],"wp:attachment":[{"href":"https:\/\/e-parts.dk\/sv\/wp-json\/wp\/v2\/media?parent=426"}],"wp:term":[{"taxonomy":"product_brand","embeddable":true,"href":"https:\/\/e-parts.dk\/sv\/wp-json\/wp\/v2\/product_brand?post=426"},{"taxonomy":"product_cat","embeddable":true,"href":"https:\/\/e-parts.dk\/sv\/wp-json\/wp\/v2\/product_cat?post=426"},{"taxonomy":"product_tag","embeddable":true,"href":"https:\/\/e-parts.dk\/sv\/wp-json\/wp\/v2\/product_tag?post=426"},{"taxonomy":"display","embeddable":true,"href":"https:\/\/e-parts.dk\/sv\/wp-json\/wp\/v2\/display?post=426"},{"taxonomy":"carmodels","embeddable":true,"href":"https:\/\/e-parts.dk\/sv\/wp-json\/wp\/v2\/carmodels?post=426"},{"taxonomy":"brands","embeddable":true,"href":"https:\/\/e-parts.dk\/sv\/wp-json\/wp\/v2\/brands?post=426"}],"curies":[{"name":"wp","href":"https:\/\/api.w.org\/{rel}","templated":true}]}}