{"id":31060,"date":"2024-11-15T09:30:52","date_gmt":"2024-11-15T08:30:52","guid":{"rendered":"https:\/\/e-parts.dk\/?post_type=product&#038;p=31060"},"modified":"2026-04-15T10:01:56","modified_gmt":"2026-04-15T08:01:56","slug":"koelervaeske-bs-5l","status":"publish","type":"product","link":"https:\/\/e-parts.dk\/sv\/vare\/koelervaeske-bs-5l\/","title":{"rendered":"K\u00f8lerv\u00e6ske BS, 5L"},"content":{"rendered":"<p>K\u00f8lerv\u00e6ske BS giver en enest\u00e5ende beskyttelse mod frost, korrosion og overophedning i alle moderne motorer. Er udviklet til moderne motorer og opfylder de f\u00f8rende bilproducenters krav til beskyttelse af alle metaller og legeringer. Indeholder ikke nitrit, amin og phosphat. Frostsikrer til \u00f737\u00b0 C ved 50% blanding. Dunk med 5 liter.<\/p>\n","protected":false},"excerpt":{"rendered":"<p>5L<\/p>\n","protected":false},"featured_media":31064,"template":"","meta":{"_seopress_robots_primary_cat":"","_seopress_titles_title":"","_seopress_titles_desc":"","_seopress_robots_index":"","_mo_disable_npp":"","iawp_total_views":0},"product_brand":[],"product_cat":[2433],"product_tag":[],"display":[],"carmodels":[],"brands":[],"class_list":{"0":"post-31060","1":"product","2":"type-product","3":"status-publish","4":"has-post-thumbnail","6":"product_cat-kolervaeske","8":"first","9":"instock","10":"taxable","11":"shipping-taxable","12":"purchasable","13":"product-type-simple"},"tiered_pricing_type":"fixed","tiered_pricing_fixed_rules":[],"tiered_pricing_product_settings":{"layout":"default","base_unit_name":{"singular":null,"plural":null},"default_variation":null},"tiered_pricing_minimum_quantity":null,"tiered_pricing_roles_data":[],"tiered_pricing_percentage_rules":[],"_links":{"self":[{"href":"https:\/\/e-parts.dk\/sv\/wp-json\/wp\/v2\/product\/31060","targetHints":{"allow":["GET"]}}],"collection":[{"href":"https:\/\/e-parts.dk\/sv\/wp-json\/wp\/v2\/product"}],"about":[{"href":"https:\/\/e-parts.dk\/sv\/wp-json\/wp\/v2\/types\/product"}],"wp:featuredmedia":[{"embeddable":true,"href":"https:\/\/e-parts.dk\/sv\/wp-json\/wp\/v2\/media\/31064"}],"wp:attachment":[{"href":"https:\/\/e-parts.dk\/sv\/wp-json\/wp\/v2\/media?parent=31060"}],"wp:term":[{"taxonomy":"product_brand","embeddable":true,"href":"https:\/\/e-parts.dk\/sv\/wp-json\/wp\/v2\/product_brand?post=31060"},{"taxonomy":"product_cat","embeddable":true,"href":"https:\/\/e-parts.dk\/sv\/wp-json\/wp\/v2\/product_cat?post=31060"},{"taxonomy":"product_tag","embeddable":true,"href":"https:\/\/e-parts.dk\/sv\/wp-json\/wp\/v2\/product_tag?post=31060"},{"taxonomy":"display","embeddable":true,"href":"https:\/\/e-parts.dk\/sv\/wp-json\/wp\/v2\/display?post=31060"},{"taxonomy":"carmodels","embeddable":true,"href":"https:\/\/e-parts.dk\/sv\/wp-json\/wp\/v2\/carmodels?post=31060"},{"taxonomy":"brands","embeddable":true,"href":"https:\/\/e-parts.dk\/sv\/wp-json\/wp\/v2\/brands?post=31060"}],"curies":[{"name":"wp","href":"https:\/\/api.w.org\/{rel}","templated":true}]}}