{"id":30839,"date":"2024-10-18T12:02:26","date_gmt":"2024-10-18T10:02:26","guid":{"rendered":"https:\/\/e-parts.dk\/?post_type=product&#038;p=30839"},"modified":"2026-04-15T12:02:10","modified_gmt":"2026-04-15T10:02:10","slug":"wepp-2246-rustloesner-tp-103","status":"publish","type":"product","link":"https:\/\/e-parts.dk\/sv\/vare\/wepp-2246-rustloesner-tp-103\/","title":{"rendered":"WEPP 2246 Rustl\u00f8sner (TP 103)"},"content":{"rendered":"<p>400ml<\/p>\n<p>Et moderne produkt til hurtig adskillelse af oxiderede forbindelser som bolte, skruer og m\u00f8trikker. Det tr\u00e6nger godt ind i det oxiderede lag. Fremragende krybeegenskaber og st\u00e6rk kapill\u00e6rvirkning. P\u00e5 grund af produktets langvarige effekt er demontering gjort meget lettere. Beskytter mod yderligere oxidation.<\/p>\n<p>Datablad: <a href=\"https:\/\/e-parts.dk\/wp-content\/uploads\/2024\/10\/WEPP2246.pdf\">WEPP2246<\/a><\/p>\n","protected":false},"excerpt":{"rendered":"<p>WEPP 2246 Rustl\u00f8sner &#8211; TUNAP 103<\/p>\n","protected":false},"featured_media":30846,"template":"","meta":{"_seopress_robots_primary_cat":"none","_seopress_titles_title":"","_seopress_titles_desc":"","_seopress_robots_index":"","_mo_disable_npp":""},"product_brand":[],"product_cat":[2423],"product_tag":[],"display":[],"carmodels":[],"brands":[],"class_list":{"0":"post-30839","1":"product","2":"type-product","3":"status-publish","4":"has-post-thumbnail","6":"product_cat-affedtning-rens","8":"first","9":"instock","10":"taxable","11":"shipping-taxable","12":"purchasable","13":"product-type-simple"},"tiered_pricing_type":"fixed","tiered_pricing_fixed_rules":[],"tiered_pricing_product_settings":{"layout":"default","base_unit_name":{"singular":null,"plural":null},"default_variation":null},"tiered_pricing_minimum_quantity":null,"tiered_pricing_roles_data":[],"tiered_pricing_percentage_rules":[],"_links":{"self":[{"href":"https:\/\/e-parts.dk\/sv\/wp-json\/wp\/v2\/product\/30839","targetHints":{"allow":["GET"]}}],"collection":[{"href":"https:\/\/e-parts.dk\/sv\/wp-json\/wp\/v2\/product"}],"about":[{"href":"https:\/\/e-parts.dk\/sv\/wp-json\/wp\/v2\/types\/product"}],"wp:featuredmedia":[{"embeddable":true,"href":"https:\/\/e-parts.dk\/sv\/wp-json\/wp\/v2\/media\/30846"}],"wp:attachment":[{"href":"https:\/\/e-parts.dk\/sv\/wp-json\/wp\/v2\/media?parent=30839"}],"wp:term":[{"taxonomy":"product_brand","embeddable":true,"href":"https:\/\/e-parts.dk\/sv\/wp-json\/wp\/v2\/product_brand?post=30839"},{"taxonomy":"product_cat","embeddable":true,"href":"https:\/\/e-parts.dk\/sv\/wp-json\/wp\/v2\/product_cat?post=30839"},{"taxonomy":"product_tag","embeddable":true,"href":"https:\/\/e-parts.dk\/sv\/wp-json\/wp\/v2\/product_tag?post=30839"},{"taxonomy":"display","embeddable":true,"href":"https:\/\/e-parts.dk\/sv\/wp-json\/wp\/v2\/display?post=30839"},{"taxonomy":"carmodels","embeddable":true,"href":"https:\/\/e-parts.dk\/sv\/wp-json\/wp\/v2\/carmodels?post=30839"},{"taxonomy":"brands","embeddable":true,"href":"https:\/\/e-parts.dk\/sv\/wp-json\/wp\/v2\/brands?post=30839"}],"curies":[{"name":"wp","href":"https:\/\/api.w.org\/{rel}","templated":true}]}}