{"id":23338,"date":"2023-03-01T08:00:00","date_gmt":"2023-03-01T07:00:00","guid":{"rendered":"https:\/\/e-parts.dk\/vare\/vinterhjul-14-daek-staalfaelg-celerio\/"},"modified":"2024-08-01T10:12:59","modified_gmt":"2024-08-01T08:12:59","slug":"vinterhjul-14-daek-staalfaelg-celerio","status":"publish","type":"product","link":"https:\/\/e-parts.dk\/sv\/vare\/vinterhjul-14-daek-staalfaelg-celerio\/","title":{"rendered":"VINTERHJUL 14&#8243; (d\u00e6k, st\u00e5lf\u00e6lg), Celerio"},"content":{"rendered":"<p>Bredde: 165<br \/>\nProfil: 65<br \/>\nTommer: 14<br \/>\nD\u00e6km\u00f8nster: V903-KOMPLET<br \/>\nHastighedskode: T<br \/>\nSt\u00f8j: 70 (DB)<br \/>\nBr\u00e6ndstofsforbrug: F<br \/>\nBremseegenskaber: C<br \/>\nSt\u00f8jkategori klasse: 2<br \/>\nLoadindex: 79<br \/>\nForst\u00e6rket: Nej<br \/>\nRPB: Nej<br \/>\nAnbefalet f\u00e6lgst\u00f8rrelse:<br \/>\nF\u00e6lgst\u00f8rrelser:<br \/>\nEAN-kode: 181<br \/>\nEU d\u00e6kkategori: C1<\/p>\n","protected":false},"excerpt":{"rendered":"<p>Bredde: 165 Profil: 65 Tommer: 14 D\u00e6km\u00f8nster: V903-KOMPLET Hastighedskode: T St\u00f8j: 70 (DB) Br\u00e6ndstofsforbrug: F Bremseegenskaber: C St\u00f8jkategori klasse: 2 Loadindex: 79 Forst\u00e6rket: Nej RPB: Nej Anbefalet f\u00e6lgst\u00f8rrelse: F\u00e6lgst\u00f8rrelser: EAN-kode: 181 EU d\u00e6kkategori: C1<\/p>\n","protected":false},"featured_media":23334,"template":"","meta":{"_seopress_robots_primary_cat":"","_seopress_titles_title":"","_seopress_titles_desc":"","_seopress_robots_index":"","_mo_disable_npp":"","iawp_total_views":3},"product_brand":[],"product_cat":[7566],"product_tag":[],"display":[],"carmodels":[],"brands":[],"class_list":{"0":"post-23338","1":"product","2":"type-product","3":"status-publish","4":"has-post-thumbnail","6":"product_cat-ukategoriseret","8":"first","9":"instock","10":"taxable","11":"shipping-taxable","12":"purchasable","13":"product-type-simple"},"tiered_pricing_type":"fixed","tiered_pricing_fixed_rules":[],"tiered_pricing_product_settings":{"layout":"default","base_unit_name":{"singular":null,"plural":null},"default_variation":null},"tiered_pricing_minimum_quantity":null,"tiered_pricing_roles_data":[],"tiered_pricing_percentage_rules":[],"_links":{"self":[{"href":"https:\/\/e-parts.dk\/sv\/wp-json\/wp\/v2\/product\/23338","targetHints":{"allow":["GET"]}}],"collection":[{"href":"https:\/\/e-parts.dk\/sv\/wp-json\/wp\/v2\/product"}],"about":[{"href":"https:\/\/e-parts.dk\/sv\/wp-json\/wp\/v2\/types\/product"}],"wp:featuredmedia":[{"embeddable":true,"href":"https:\/\/e-parts.dk\/sv\/wp-json\/wp\/v2\/media\/23334"}],"wp:attachment":[{"href":"https:\/\/e-parts.dk\/sv\/wp-json\/wp\/v2\/media?parent=23338"}],"wp:term":[{"taxonomy":"product_brand","embeddable":true,"href":"https:\/\/e-parts.dk\/sv\/wp-json\/wp\/v2\/product_brand?post=23338"},{"taxonomy":"product_cat","embeddable":true,"href":"https:\/\/e-parts.dk\/sv\/wp-json\/wp\/v2\/product_cat?post=23338"},{"taxonomy":"product_tag","embeddable":true,"href":"https:\/\/e-parts.dk\/sv\/wp-json\/wp\/v2\/product_tag?post=23338"},{"taxonomy":"display","embeddable":true,"href":"https:\/\/e-parts.dk\/sv\/wp-json\/wp\/v2\/display?post=23338"},{"taxonomy":"carmodels","embeddable":true,"href":"https:\/\/e-parts.dk\/sv\/wp-json\/wp\/v2\/carmodels?post=23338"},{"taxonomy":"brands","embeddable":true,"href":"https:\/\/e-parts.dk\/sv\/wp-json\/wp\/v2\/brands?post=23338"}],"curies":[{"name":"wp","href":"https:\/\/api.w.org\/{rel}","templated":true}]}}