{"id":22778,"date":"2023-03-01T00:00:00","date_gmt":"2023-02-28T23:00:00","guid":{"rendered":"https:\/\/e-parts.dk\/vare\/225-50r15-91v-advan-hf-type-d-a008\/"},"modified":"2024-05-29T09:23:04","modified_gmt":"2024-05-29T07:23:04","slug":"225-50r15-91v-advan-hf-type-d-a008","status":"publish","type":"product","link":"https:\/\/e-parts.dk\/sv\/vare\/225-50r15-91v-advan-hf-type-d-a008\/","title":{"rendered":"225\/50R15 91V ADVAN HF Type-D A008"},"content":{"rendered":"<p>Bredde: 225<br \/>\nProfil: 50<br \/>\nTommer: 15<br \/>\nD\u00e6km\u00f8nster: A008S<br \/>\nHastighedskode: V<br \/>\nSt\u00f8j: 69 (DB)<br \/>\nBr\u00e6ndstofsforbrug: D<br \/>\nBremseegenskaber: C<br \/>\nSt\u00f8jkategori klasse: 0<br \/>\nLoadindex: 91<br \/>\nForst\u00e6rket:<br \/>\nRPB:<br \/>\nAnbefalet f\u00e6lgst\u00f8rrelse:<br \/>\nF\u00e6lgst\u00f8rrelser:<br \/>\nEAN-kode: 4968814934705<br \/>\nEU d\u00e6kkategori: C1<\/p>\n","protected":false},"excerpt":{"rendered":"<p>Bredde: 225 Profil: 50 Tommer: 15 D\u00e6km\u00f8nster: A008S Hastighedskode: V St\u00f8j: 69 (DB) Br\u00e6ndstofsforbrug: D Bremseegenskaber: C St\u00f8jkategori klasse: 0 Loadindex: 91 Forst\u00e6rket: RPB: Anbefalet f\u00e6lgst\u00f8rrelse: F\u00e6lgst\u00f8rrelser: EAN-kode: 4968814934705 EU d\u00e6kkategori: C1<\/p>\n","protected":false},"featured_media":0,"template":"","meta":{"_seopress_robots_primary_cat":"","_seopress_titles_title":"","_seopress_titles_desc":"","_seopress_robots_index":"","_mo_disable_npp":""},"product_brand":[],"product_cat":[7566],"product_tag":[],"display":[],"carmodels":[],"brands":[],"class_list":{"0":"post-22778","1":"product","2":"type-product","3":"status-publish","5":"product_cat-ukategoriseret","7":"first","8":"outofstock","9":"taxable","10":"shipping-taxable","11":"purchasable","12":"product-type-simple"},"tiered_pricing_type":"fixed","tiered_pricing_fixed_rules":[],"tiered_pricing_product_settings":{"layout":"default","base_unit_name":{"singular":null,"plural":null},"default_variation":null},"tiered_pricing_minimum_quantity":null,"tiered_pricing_roles_data":[],"tiered_pricing_percentage_rules":[],"_links":{"self":[{"href":"https:\/\/e-parts.dk\/sv\/wp-json\/wp\/v2\/product\/22778","targetHints":{"allow":["GET"]}}],"collection":[{"href":"https:\/\/e-parts.dk\/sv\/wp-json\/wp\/v2\/product"}],"about":[{"href":"https:\/\/e-parts.dk\/sv\/wp-json\/wp\/v2\/types\/product"}],"wp:attachment":[{"href":"https:\/\/e-parts.dk\/sv\/wp-json\/wp\/v2\/media?parent=22778"}],"wp:term":[{"taxonomy":"product_brand","embeddable":true,"href":"https:\/\/e-parts.dk\/sv\/wp-json\/wp\/v2\/product_brand?post=22778"},{"taxonomy":"product_cat","embeddable":true,"href":"https:\/\/e-parts.dk\/sv\/wp-json\/wp\/v2\/product_cat?post=22778"},{"taxonomy":"product_tag","embeddable":true,"href":"https:\/\/e-parts.dk\/sv\/wp-json\/wp\/v2\/product_tag?post=22778"},{"taxonomy":"display","embeddable":true,"href":"https:\/\/e-parts.dk\/sv\/wp-json\/wp\/v2\/display?post=22778"},{"taxonomy":"carmodels","embeddable":true,"href":"https:\/\/e-parts.dk\/sv\/wp-json\/wp\/v2\/carmodels?post=22778"},{"taxonomy":"brands","embeddable":true,"href":"https:\/\/e-parts.dk\/sv\/wp-json\/wp\/v2\/brands?post=22778"}],"curies":[{"name":"wp","href":"https:\/\/api.w.org\/{rel}","templated":true}]}}