{"id":22766,"date":"2023-03-01T00:00:00","date_gmt":"2023-02-28T23:00:00","guid":{"rendered":"https:\/\/e-parts.dk\/vare\/225-45zr18-95y-adv-sp-v105s\/"},"modified":"2024-05-03T13:21:37","modified_gmt":"2024-05-03T11:21:37","slug":"225-45zr18-95y-adv-sp-v105s","status":"publish","type":"product","link":"https:\/\/e-parts.dk\/sv\/vare\/225-45zr18-95y-adv-sp-v105s\/","title":{"rendered":"225\/45ZR18 (95Y) ADV. SP V105S"},"content":{"rendered":"<p>Bredde: 225<br \/>\nProfil: 45<br \/>\nTommer: 18<br \/>\nD\u00e6km\u00f8nster: V105<br \/>\nHastighedskode: Y<br \/>\nSt\u00f8j: 72 (DB)<br \/>\nBr\u00e6ndstofsforbrug: E<br \/>\nBremseegenskaber: A<br \/>\nSt\u00f8jkategori klasse: 2<br \/>\nLoadindex: 95<br \/>\nForst\u00e6rket: Ja<br \/>\nRPB: Ja<br \/>\nAnbefalet f\u00e6lgst\u00f8rrelse: 7.5<br \/>\nF\u00e6lgst\u00f8rrelser: 7,0-8,0<br \/>\nEAN-kode: 4968814819279<br \/>\nEU d\u00e6kkategori: C1<\/p>\n","protected":false},"excerpt":{"rendered":"<p>Bredde: 225 Profil: 45 Tommer: 18 D\u00e6km\u00f8nster: V105 Hastighedskode: Y St\u00f8j: 72 (DB) Br\u00e6ndstofsforbrug: E Bremseegenskaber: A St\u00f8jkategori klasse: 2 Loadindex: 95 Forst\u00e6rket: Ja RPB: Ja Anbefalet f\u00e6lgst\u00f8rrelse: 7.5 F\u00e6lgst\u00f8rrelser: 7,0-8,0 EAN-kode: 4968814819279 EU d\u00e6kkategori: C1<\/p>\n","protected":false},"featured_media":22586,"template":"","meta":{"_seopress_robots_primary_cat":"","_seopress_titles_title":"","_seopress_titles_desc":"","_seopress_robots_index":"","_mo_disable_npp":""},"product_brand":[],"product_cat":[7566],"product_tag":[],"display":[],"carmodels":[],"brands":[],"class_list":{"0":"post-22766","1":"product","2":"type-product","3":"status-publish","4":"has-post-thumbnail","6":"product_cat-ukategoriseret","8":"first","9":"outofstock","10":"taxable","11":"shipping-taxable","12":"purchasable","13":"product-type-simple"},"tiered_pricing_type":"fixed","tiered_pricing_fixed_rules":[],"tiered_pricing_product_settings":{"layout":"default","base_unit_name":{"singular":null,"plural":null},"default_variation":null},"tiered_pricing_minimum_quantity":null,"tiered_pricing_roles_data":[],"tiered_pricing_percentage_rules":[],"_links":{"self":[{"href":"https:\/\/e-parts.dk\/sv\/wp-json\/wp\/v2\/product\/22766","targetHints":{"allow":["GET"]}}],"collection":[{"href":"https:\/\/e-parts.dk\/sv\/wp-json\/wp\/v2\/product"}],"about":[{"href":"https:\/\/e-parts.dk\/sv\/wp-json\/wp\/v2\/types\/product"}],"wp:featuredmedia":[{"embeddable":true,"href":"https:\/\/e-parts.dk\/sv\/wp-json\/wp\/v2\/media\/22586"}],"wp:attachment":[{"href":"https:\/\/e-parts.dk\/sv\/wp-json\/wp\/v2\/media?parent=22766"}],"wp:term":[{"taxonomy":"product_brand","embeddable":true,"href":"https:\/\/e-parts.dk\/sv\/wp-json\/wp\/v2\/product_brand?post=22766"},{"taxonomy":"product_cat","embeddable":true,"href":"https:\/\/e-parts.dk\/sv\/wp-json\/wp\/v2\/product_cat?post=22766"},{"taxonomy":"product_tag","embeddable":true,"href":"https:\/\/e-parts.dk\/sv\/wp-json\/wp\/v2\/product_tag?post=22766"},{"taxonomy":"display","embeddable":true,"href":"https:\/\/e-parts.dk\/sv\/wp-json\/wp\/v2\/display?post=22766"},{"taxonomy":"carmodels","embeddable":true,"href":"https:\/\/e-parts.dk\/sv\/wp-json\/wp\/v2\/carmodels?post=22766"},{"taxonomy":"brands","embeddable":true,"href":"https:\/\/e-parts.dk\/sv\/wp-json\/wp\/v2\/brands?post=22766"}],"curies":[{"name":"wp","href":"https:\/\/api.w.org\/{rel}","templated":true}]}}