{"id":22529,"date":"2023-03-01T00:00:00","date_gmt":"2023-02-28T23:00:00","guid":{"rendered":"https:\/\/e-parts.dk\/vare\/205-55r16-91v-alliance-al30\/"},"modified":"2024-05-29T09:23:02","modified_gmt":"2024-05-29T07:23:02","slug":"205-55r16-91v-alliance-al30","status":"publish","type":"product","link":"https:\/\/e-parts.dk\/sv\/vare\/205-55r16-91v-alliance-al30\/","title":{"rendered":"205\/55R16 91V ALLIANCE AL30"},"content":{"rendered":"<p>Bredde: 205<br \/>\nProfil: 55<br \/>\nTommer: 16<br \/>\nD\u00e6km\u00f8nster: AL30<br \/>\nHastighedskode: V<br \/>\nSt\u00f8j: 71 (DB)<br \/>\nBr\u00e6ndstofsforbrug: C<br \/>\nBremseegenskaber: C<br \/>\nSt\u00f8jkategori klasse: 2<br \/>\nLoadindex: 91<br \/>\nForst\u00e6rket: Nej<br \/>\nRPB: Ja<br \/>\nAnbefalet f\u00e6lgst\u00f8rrelse: 6.5<br \/>\nF\u00e6lgst\u00f8rrelser: 5,5-7,5<br \/>\nEAN-kode: 4968814933692<br \/>\nEU d\u00e6kkategori: C1<\/p>\n","protected":false},"excerpt":{"rendered":"<p>Bredde: 205 Profil: 55 Tommer: 16 D\u00e6km\u00f8nster: AL30 Hastighedskode: V St\u00f8j: 71 (DB) Br\u00e6ndstofsforbrug: C Bremseegenskaber: C St\u00f8jkategori klasse: 2 Loadindex: 91 Forst\u00e6rket: Nej RPB: Ja Anbefalet f\u00e6lgst\u00f8rrelse: 6.5 F\u00e6lgst\u00f8rrelser: 5,5-7,5 EAN-kode: 4968814933692 EU d\u00e6kkategori: C1<\/p>\n","protected":false},"featured_media":22267,"template":"","meta":{"_seopress_robots_primary_cat":"","_seopress_titles_title":"","_seopress_titles_desc":"","_seopress_robots_index":"","_mo_disable_npp":"","iawp_total_views":0},"product_brand":[],"product_cat":[7566],"product_tag":[],"display":[],"carmodels":[],"brands":[],"class_list":{"0":"post-22529","1":"product","2":"type-product","3":"status-publish","4":"has-post-thumbnail","6":"product_cat-ukategoriseret","8":"first","9":"outofstock","10":"taxable","11":"shipping-taxable","12":"purchasable","13":"product-type-simple"},"tiered_pricing_type":"fixed","tiered_pricing_fixed_rules":[],"tiered_pricing_product_settings":{"layout":"default","base_unit_name":{"singular":null,"plural":null},"default_variation":null},"tiered_pricing_minimum_quantity":null,"tiered_pricing_roles_data":[],"tiered_pricing_percentage_rules":[],"_links":{"self":[{"href":"https:\/\/e-parts.dk\/sv\/wp-json\/wp\/v2\/product\/22529","targetHints":{"allow":["GET"]}}],"collection":[{"href":"https:\/\/e-parts.dk\/sv\/wp-json\/wp\/v2\/product"}],"about":[{"href":"https:\/\/e-parts.dk\/sv\/wp-json\/wp\/v2\/types\/product"}],"wp:featuredmedia":[{"embeddable":true,"href":"https:\/\/e-parts.dk\/sv\/wp-json\/wp\/v2\/media\/22267"}],"wp:attachment":[{"href":"https:\/\/e-parts.dk\/sv\/wp-json\/wp\/v2\/media?parent=22529"}],"wp:term":[{"taxonomy":"product_brand","embeddable":true,"href":"https:\/\/e-parts.dk\/sv\/wp-json\/wp\/v2\/product_brand?post=22529"},{"taxonomy":"product_cat","embeddable":true,"href":"https:\/\/e-parts.dk\/sv\/wp-json\/wp\/v2\/product_cat?post=22529"},{"taxonomy":"product_tag","embeddable":true,"href":"https:\/\/e-parts.dk\/sv\/wp-json\/wp\/v2\/product_tag?post=22529"},{"taxonomy":"display","embeddable":true,"href":"https:\/\/e-parts.dk\/sv\/wp-json\/wp\/v2\/display?post=22529"},{"taxonomy":"carmodels","embeddable":true,"href":"https:\/\/e-parts.dk\/sv\/wp-json\/wp\/v2\/carmodels?post=22529"},{"taxonomy":"brands","embeddable":true,"href":"https:\/\/e-parts.dk\/sv\/wp-json\/wp\/v2\/brands?post=22529"}],"curies":[{"name":"wp","href":"https:\/\/api.w.org\/{rel}","templated":true}]}}