{"id":15751,"date":"2022-11-22T10:12:07","date_gmt":"2022-11-22T09:12:07","guid":{"rendered":"https:\/\/e-parts.dk\/?product=nitrilhandsker-bla-str-xl"},"modified":"2023-06-15T19:03:20","modified_gmt":"2023-06-15T17:03:20","slug":"nitrilhandsker-bla-str-xl","status":"publish","type":"product","link":"https:\/\/e-parts.dk\/sv\/vare\/nitrilhandsker-bla-str-xl\/","title":{"rendered":"Nitrilhandskar, bl\u00e5 str XL"},"content":{"rendered":"<p>MDR (EU) 2017\/745, (EU) 2016\/425, (EF) nr. 1935\/2004, BEK nr 681 av 25\/05\/2020, (EF) Nr. 2023\/2006<\/p>\n<p>Elastisk handske som anpassar sig efter handens form vid anv\u00e4ndning Kan anv\u00e4ndas f\u00f6r ett brett spektrum av uppgifter s\u00e5som st\u00e4dning, sk\u00f6tseluppgifter, livsmedelshantering, laboratorieuppgifter, l\u00e4kemedelshantering, cytostatika och hormonkr\u00e4mer. Inneh\u00e5ller inga latexproteiner, s\u00e5 kan s\u00e4kert anv\u00e4ndas vid latexallergi.<\/p>\n","protected":false},"excerpt":{"rendered":"<p>180\/ask<\/p>\n","protected":false},"featured_media":27022,"template":"","meta":{"_seopress_robots_primary_cat":"","_seopress_titles_title":"","_seopress_titles_desc":"","_seopress_robots_index":"","_mo_disable_npp":"","iawp_total_views":0},"product_brand":[],"product_cat":[2210,2230],"product_tag":[],"display":[8187],"carmodels":[],"brands":[],"class_list":{"0":"post-15751","1":"product","2":"type-product","3":"status-publish","4":"has-post-thumbnail","6":"product_cat-handsker-sv","7":"product_cat-nitrilhandsker-sv","8":"display-e-supply-slider","10":"first","11":"instock","12":"taxable","13":"shipping-taxable","14":"purchasable","15":"product-type-simple"},"tiered_pricing_type":"fixed","tiered_pricing_fixed_rules":[],"tiered_pricing_product_settings":{"layout":"default","base_unit_name":{"singular":null,"plural":null},"default_variation":null},"tiered_pricing_minimum_quantity":null,"tiered_pricing_roles_data":[],"tiered_pricing_percentage_rules":[],"_links":{"self":[{"href":"https:\/\/e-parts.dk\/sv\/wp-json\/wp\/v2\/product\/15751","targetHints":{"allow":["GET"]}}],"collection":[{"href":"https:\/\/e-parts.dk\/sv\/wp-json\/wp\/v2\/product"}],"about":[{"href":"https:\/\/e-parts.dk\/sv\/wp-json\/wp\/v2\/types\/product"}],"wp:featuredmedia":[{"embeddable":true,"href":"https:\/\/e-parts.dk\/sv\/wp-json\/wp\/v2\/media\/27022"}],"wp:attachment":[{"href":"https:\/\/e-parts.dk\/sv\/wp-json\/wp\/v2\/media?parent=15751"}],"wp:term":[{"taxonomy":"product_brand","embeddable":true,"href":"https:\/\/e-parts.dk\/sv\/wp-json\/wp\/v2\/product_brand?post=15751"},{"taxonomy":"product_cat","embeddable":true,"href":"https:\/\/e-parts.dk\/sv\/wp-json\/wp\/v2\/product_cat?post=15751"},{"taxonomy":"product_tag","embeddable":true,"href":"https:\/\/e-parts.dk\/sv\/wp-json\/wp\/v2\/product_tag?post=15751"},{"taxonomy":"display","embeddable":true,"href":"https:\/\/e-parts.dk\/sv\/wp-json\/wp\/v2\/display?post=15751"},{"taxonomy":"carmodels","embeddable":true,"href":"https:\/\/e-parts.dk\/sv\/wp-json\/wp\/v2\/carmodels?post=15751"},{"taxonomy":"brands","embeddable":true,"href":"https:\/\/e-parts.dk\/sv\/wp-json\/wp\/v2\/brands?post=15751"}],"curies":[{"name":"wp","href":"https:\/\/api.w.org\/{rel}","templated":true}]}}