{"id":15561,"date":"2022-01-19T14:40:46","date_gmt":"2022-01-19T13:40:46","guid":{"rendered":"https:\/\/e-parts.dk\/?product=osram-h4-nightbreaker-200"},"modified":"2025-12-01T01:50:38","modified_gmt":"2025-12-01T00:50:38","slug":"osram-h4-nightbreaker-200-2","status":"publish","type":"product","link":"https:\/\/e-parts.dk\/sv\/vare\/osram-h4-nightbreaker-200-2\/","title":{"rendered":"OSRAM H4 Nightbreaker +200"},"content":{"rendered":"<p>Den mest kraftfulde halogenp\u00e6re nogensinde fra OSRAM<\/p>\n<p>Velkommen til det nyeste og bedste lysniveau for halogenp\u00e6rer.<\/p>\n<p>NIGHT BREAKER 200 &#8211; den kraftigste halogen forlygtep\u00e6re fra OSRAM!<\/p>\n<p>Denne banebrydende forlygtep\u00e6re imponerer med op til 200% mere lys og 20% mere hvidt lys sammenlignet med minimums kravet (ECE) og den d\u00e6kker op til 150 m som fjernlys.<\/p>\n<p>Mere lys og forbedret sigtbarhed kan hj\u00e6lpe bilister identificere og reagere hurtigere p\u00e5 farlige situationer.<\/p>\n<p>Det ideelle lys for bilister, som v\u00e6rds\u00e6tter, hvilken forskel et kraftfuld lys g\u00f8r.<\/p>\n","protected":false},"excerpt":{"rendered":"<p>op til 200% mere lys<\/p>\n","protected":false},"featured_media":15559,"template":"","meta":{"_seopress_robots_primary_cat":"","_seopress_titles_title":"","_seopress_titles_desc":"","_seopress_robots_index":"","_mo_disable_npp":"","iawp_total_views":0},"product_brand":[],"product_cat":[2330,3390],"product_tag":[],"display":[],"carmodels":[],"brands":[],"class_list":{"0":"post-15561","1":"product","2":"type-product","3":"status-publish","4":"has-post-thumbnail","6":"product_cat-paerer-sv1670540009","7":"product_cat-osram-forlygter-sv","9":"first","10":"instock","11":"taxable","12":"shipping-taxable","13":"product-type-simple"},"tiered_pricing_type":"fixed","tiered_pricing_fixed_rules":[],"tiered_pricing_product_settings":{"layout":"default","base_unit_name":{"singular":null,"plural":null},"default_variation":null},"tiered_pricing_minimum_quantity":null,"tiered_pricing_roles_data":[],"tiered_pricing_percentage_rules":[],"_links":{"self":[{"href":"https:\/\/e-parts.dk\/sv\/wp-json\/wp\/v2\/product\/15561","targetHints":{"allow":["GET"]}}],"collection":[{"href":"https:\/\/e-parts.dk\/sv\/wp-json\/wp\/v2\/product"}],"about":[{"href":"https:\/\/e-parts.dk\/sv\/wp-json\/wp\/v2\/types\/product"}],"wp:featuredmedia":[{"embeddable":true,"href":"https:\/\/e-parts.dk\/sv\/wp-json\/wp\/v2\/media\/15559"}],"wp:attachment":[{"href":"https:\/\/e-parts.dk\/sv\/wp-json\/wp\/v2\/media?parent=15561"}],"wp:term":[{"taxonomy":"product_brand","embeddable":true,"href":"https:\/\/e-parts.dk\/sv\/wp-json\/wp\/v2\/product_brand?post=15561"},{"taxonomy":"product_cat","embeddable":true,"href":"https:\/\/e-parts.dk\/sv\/wp-json\/wp\/v2\/product_cat?post=15561"},{"taxonomy":"product_tag","embeddable":true,"href":"https:\/\/e-parts.dk\/sv\/wp-json\/wp\/v2\/product_tag?post=15561"},{"taxonomy":"display","embeddable":true,"href":"https:\/\/e-parts.dk\/sv\/wp-json\/wp\/v2\/display?post=15561"},{"taxonomy":"carmodels","embeddable":true,"href":"https:\/\/e-parts.dk\/sv\/wp-json\/wp\/v2\/carmodels?post=15561"},{"taxonomy":"brands","embeddable":true,"href":"https:\/\/e-parts.dk\/sv\/wp-json\/wp\/v2\/brands?post=15561"}],"curies":[{"name":"wp","href":"https:\/\/api.w.org\/{rel}","templated":true}]}}