{"id":15531,"date":"2021-11-23T08:40:50","date_gmt":"2021-11-23T07:40:50","guid":{"rendered":"https:\/\/e-parts.dk\/?product=3m-renserondel-grov-100mm"},"modified":"2023-06-15T19:03:10","modified_gmt":"2023-06-15T17:03:10","slug":"3m-renserondel-grov-100mm","status":"publish","type":"product","link":"https:\/\/e-parts.dk\/sv\/vare\/3m-renserondel-grov-100mm\/","title":{"rendered":"3M Renserondel, grov 100mm"},"content":{"rendered":"<p>Grove reng\u00f8ringsskiver er nemme at bruge, holdbare og tidsbesparende, is\u00e6r til vanskelige maskinomr\u00e5der. De fremmer arbejdssikkerhed: ingen skade ved at l\u00f8sne ledninger. Derudover er de fri for korrosionsproducerende metaller, fordi de er fremstillet af nylon nonwoven stof behandlet med &#8221;antifoggant&#8221;. Grove reng\u00f8ringsskiver kan bruges til beskyttelse af underarmsbeskyttelse, t\u00e6tningsmidler, gamle bel\u00e6gninger, rust, kl\u00e6bemiddelrester og ved reng\u00f8ring af slibende materialer (oxider) eller svejsede led.<\/p>\n","protected":false},"excerpt":{"rendered":"<p>1 styk, 100 x 13 mm<\/p>\n","protected":false},"featured_media":21597,"template":"","meta":{"_seopress_robots_primary_cat":"","_seopress_titles_title":"","_seopress_titles_desc":"","_seopress_robots_index":"","_mo_disable_npp":"","iawp_total_views":0},"product_brand":[],"product_cat":[2725,2305,2320],"product_tag":[],"display":[],"carmodels":[],"brands":[],"class_list":{"0":"post-15531","1":"product","2":"type-product","3":"status-publish","4":"has-post-thumbnail","6":"product_cat-aktuella-erbjudanden","7":"product_cat-klargoring-sv","8":"product_cat-slib-spartel-poler-sv","10":"first","11":"onbackorder","12":"sale","13":"taxable","14":"shipping-taxable","15":"purchasable","16":"product-type-simple"},"tiered_pricing_type":"fixed","tiered_pricing_fixed_rules":[],"tiered_pricing_product_settings":{"layout":"default","base_unit_name":{"singular":null,"plural":null},"default_variation":null},"tiered_pricing_minimum_quantity":null,"tiered_pricing_roles_data":[],"tiered_pricing_percentage_rules":[],"_links":{"self":[{"href":"https:\/\/e-parts.dk\/sv\/wp-json\/wp\/v2\/product\/15531","targetHints":{"allow":["GET"]}}],"collection":[{"href":"https:\/\/e-parts.dk\/sv\/wp-json\/wp\/v2\/product"}],"about":[{"href":"https:\/\/e-parts.dk\/sv\/wp-json\/wp\/v2\/types\/product"}],"wp:featuredmedia":[{"embeddable":true,"href":"https:\/\/e-parts.dk\/sv\/wp-json\/wp\/v2\/media\/21597"}],"wp:attachment":[{"href":"https:\/\/e-parts.dk\/sv\/wp-json\/wp\/v2\/media?parent=15531"}],"wp:term":[{"taxonomy":"product_brand","embeddable":true,"href":"https:\/\/e-parts.dk\/sv\/wp-json\/wp\/v2\/product_brand?post=15531"},{"taxonomy":"product_cat","embeddable":true,"href":"https:\/\/e-parts.dk\/sv\/wp-json\/wp\/v2\/product_cat?post=15531"},{"taxonomy":"product_tag","embeddable":true,"href":"https:\/\/e-parts.dk\/sv\/wp-json\/wp\/v2\/product_tag?post=15531"},{"taxonomy":"display","embeddable":true,"href":"https:\/\/e-parts.dk\/sv\/wp-json\/wp\/v2\/display?post=15531"},{"taxonomy":"carmodels","embeddable":true,"href":"https:\/\/e-parts.dk\/sv\/wp-json\/wp\/v2\/carmodels?post=15531"},{"taxonomy":"brands","embeddable":true,"href":"https:\/\/e-parts.dk\/sv\/wp-json\/wp\/v2\/brands?post=15531"}],"curies":[{"name":"wp","href":"https:\/\/api.w.org\/{rel}","templated":true}]}}