{"id":15521,"date":"2021-11-22T08:58:15","date_gmt":"2021-11-22T07:58:15","guid":{"rendered":"https:\/\/e-parts.dk\/?product=overflade-desinfektion"},"modified":"2023-06-15T19:03:09","modified_gmt":"2023-06-15T17:03:09","slug":"overflade-desinfektion-2","status":"publish","type":"product","link":"https:\/\/e-parts.dk\/sv\/vare\/overflade-desinfektion-2\/","title":{"rendered":"Overflade desinfektion,REFILL,"},"content":{"rendered":"<p>Med citrus duft.<\/p>\n<p>Nemt og enkelt. Efterlader rene overflade uden at &#8221;fedte&#8221;. <\/p>\n<p>Auto Expel Sanitizing Spray er specielt udviklet til at dr\u00e6be bakterier, vira og bakterier<br \/>\nfra alle overflader, inklusive por\u00f8se og ikke-por\u00f8se overflader. Spr\u00f8jt direkte p\u00e5 overfladen<br \/>\nmed den desinficerende v\u00e6ske og eftert\u00f8r med en klud.<\/p>\n<p>Brug den evt sammen med \u200b\u200bAuto Expel Misting renseanl\u00e6g og p\u00e5f\u00f8r denne p\u00e5 ber\u00f8ringspunkterne p\u00e5<br \/>\ndit k\u00f8ret\u00f8j for at sikre den mest effektive reng\u00f8ring.<\/p>\n<p>Biocidformel, der har vist sig at dr\u00e6be indhyllede vira s\u00e5som Coronavirus og MRSA<br \/>\nEgnet til brug p\u00e5 por\u00f8se og ikke-por\u00f8se overflader<br \/>\nBrug p\u00e5 textil, l\u00e6der, plastik med mere<br \/>\nLet og hurtig reng\u00f8ring<br \/>\nSpr\u00f8jt blot og t\u00f8r overfladen ren<br \/>\nFrisk duft<br \/>\nBrug p\u00e5 ber\u00f8ringspunkter, som fx rat, d\u00f8rh\u00e5ndtag, gearstang, h\u00e5ndbremse<br \/>\n1 liter citronduft<\/p>\n","protected":false},"excerpt":{"rendered":"<p>1 liter med citrus duft<\/p>\n","protected":false},"featured_media":21587,"template":"","meta":{"_seopress_robots_primary_cat":"","_seopress_titles_title":"","_seopress_titles_desc":"","_seopress_robots_index":"","_mo_disable_npp":""},"product_brand":[],"product_cat":[2425,2420],"product_tag":[],"display":[],"carmodels":[],"brands":[],"class_list":{"0":"post-15521","1":"product","2":"type-product","3":"status-publish","4":"has-post-thumbnail","6":"product_cat-affedtning-rens-sv","7":"product_cat-vaesker-sv","9":"first","10":"instock","11":"taxable","12":"shipping-taxable","13":"purchasable","14":"product-type-simple"},"tiered_pricing_type":"fixed","tiered_pricing_fixed_rules":[],"tiered_pricing_product_settings":{"layout":"default","base_unit_name":{"singular":null,"plural":null},"default_variation":null},"tiered_pricing_minimum_quantity":null,"tiered_pricing_roles_data":[],"tiered_pricing_percentage_rules":[],"_links":{"self":[{"href":"https:\/\/e-parts.dk\/sv\/wp-json\/wp\/v2\/product\/15521","targetHints":{"allow":["GET"]}}],"collection":[{"href":"https:\/\/e-parts.dk\/sv\/wp-json\/wp\/v2\/product"}],"about":[{"href":"https:\/\/e-parts.dk\/sv\/wp-json\/wp\/v2\/types\/product"}],"wp:featuredmedia":[{"embeddable":true,"href":"https:\/\/e-parts.dk\/sv\/wp-json\/wp\/v2\/media\/21587"}],"wp:attachment":[{"href":"https:\/\/e-parts.dk\/sv\/wp-json\/wp\/v2\/media?parent=15521"}],"wp:term":[{"taxonomy":"product_brand","embeddable":true,"href":"https:\/\/e-parts.dk\/sv\/wp-json\/wp\/v2\/product_brand?post=15521"},{"taxonomy":"product_cat","embeddable":true,"href":"https:\/\/e-parts.dk\/sv\/wp-json\/wp\/v2\/product_cat?post=15521"},{"taxonomy":"product_tag","embeddable":true,"href":"https:\/\/e-parts.dk\/sv\/wp-json\/wp\/v2\/product_tag?post=15521"},{"taxonomy":"display","embeddable":true,"href":"https:\/\/e-parts.dk\/sv\/wp-json\/wp\/v2\/display?post=15521"},{"taxonomy":"carmodels","embeddable":true,"href":"https:\/\/e-parts.dk\/sv\/wp-json\/wp\/v2\/carmodels?post=15521"},{"taxonomy":"brands","embeddable":true,"href":"https:\/\/e-parts.dk\/sv\/wp-json\/wp\/v2\/brands?post=15521"}],"curies":[{"name":"wp","href":"https:\/\/api.w.org\/{rel}","templated":true}]}}