{"id":15337,"date":"2021-03-18T09:38:34","date_gmt":"2021-03-18T08:38:34","guid":{"rendered":"https:\/\/e-parts.dk\/?product=advanced-1900-maxi-flex"},"modified":"2023-06-15T19:03:24","modified_gmt":"2023-06-15T17:03:24","slug":"advanced-1900-maxi-flex","status":"publish","type":"product","link":"https:\/\/e-parts.dk\/sv\/vare\/advanced-1900-maxi-flex\/","title":{"rendered":"Advanced 1900 (Maxi Flex)"},"content":{"rendered":"<p>OX-ON Flexible Advanced 1900 er klassens allrounder i den ypperste kvalitet, og den har f\u00e5et tilf\u00f8jet touch-funktion, s\u00e5 du kan betjene din mobiltelefon, tablet og andre displays uden at tage handsken af. Handsken er ekstrem slidst\u00e6rk og sidder som st\u00f8bt til p\u00e5 din h\u00e5nd. Pasformen er uds\u00f8gt og yderst komfortabel at have p\u00e5 dag efter dag &#8211; uanset hvilket erhverv, du har. OX-ON Flexible Advanced 1900 er strikket i nylon og elastan, der giver dig en unik \u00e5ndbarhed samtidig med at smidigheden og komforten er uovertruffen. H\u00e5ndfladen og fingrene er belagt med en nitrilskum i specialkvalitet der g\u00f8r, at du bevarer en sublim fingerf\u00f8ling og et pr\u00e6cist og sikkert greb. Advanced 1900 handsken er OekoTex-certificeret. Det er din garanti for, at handsken ikke indeholder sundheds- eller milj\u00f8farlige kemikalier og farvestoffer. Handsken er desuden Sanitized-behandlet, s\u00e5 den f\u00f8les friskere i l\u00e6ngere tid og beskytter dig mod bakterier og svedlugt. Desuden er handsken ogs\u00e5 testet til at kunne blive vasket op til 2 gange ved 40 grader samt t\u00f8rretumbles ved lav varme, uden at miste nogle af dens unikke egenskaber. En handske i s\u00e6rklasse!<\/p>\n","protected":false},"excerpt":{"rendered":"<p>12 par per pakke<\/p>\n","protected":false},"featured_media":21542,"template":"","meta":{"_seopress_robots_primary_cat":"","_seopress_titles_title":"","_seopress_titles_desc":"","_seopress_robots_index":"","_mo_disable_npp":"","iawp_total_views":0},"product_brand":[],"product_cat":[2225,2210],"product_tag":[],"display":[],"carmodels":[],"brands":[],"class_list":{"0":"post-15337","1":"product","2":"type-product","3":"status-publish","4":"has-post-thumbnail","6":"product_cat-flexhandsker-sv","7":"product_cat-handsker-sv","9":"first","10":"instock","11":"taxable","12":"shipping-taxable","13":"purchasable","14":"product-type-variable"},"tiered_pricing_type":"fixed","tiered_pricing_fixed_rules":[],"tiered_pricing_product_settings":{"layout":"default","base_unit_name":{"singular":null,"plural":null},"default_variation":null},"tiered_pricing_minimum_quantity":null,"tiered_pricing_roles_data":[],"tiered_pricing_percentage_rules":[],"_links":{"self":[{"href":"https:\/\/e-parts.dk\/sv\/wp-json\/wp\/v2\/product\/15337","targetHints":{"allow":["GET"]}}],"collection":[{"href":"https:\/\/e-parts.dk\/sv\/wp-json\/wp\/v2\/product"}],"about":[{"href":"https:\/\/e-parts.dk\/sv\/wp-json\/wp\/v2\/types\/product"}],"wp:featuredmedia":[{"embeddable":true,"href":"https:\/\/e-parts.dk\/sv\/wp-json\/wp\/v2\/media\/21542"}],"wp:attachment":[{"href":"https:\/\/e-parts.dk\/sv\/wp-json\/wp\/v2\/media?parent=15337"}],"wp:term":[{"taxonomy":"product_brand","embeddable":true,"href":"https:\/\/e-parts.dk\/sv\/wp-json\/wp\/v2\/product_brand?post=15337"},{"taxonomy":"product_cat","embeddable":true,"href":"https:\/\/e-parts.dk\/sv\/wp-json\/wp\/v2\/product_cat?post=15337"},{"taxonomy":"product_tag","embeddable":true,"href":"https:\/\/e-parts.dk\/sv\/wp-json\/wp\/v2\/product_tag?post=15337"},{"taxonomy":"display","embeddable":true,"href":"https:\/\/e-parts.dk\/sv\/wp-json\/wp\/v2\/display?post=15337"},{"taxonomy":"carmodels","embeddable":true,"href":"https:\/\/e-parts.dk\/sv\/wp-json\/wp\/v2\/carmodels?post=15337"},{"taxonomy":"brands","embeddable":true,"href":"https:\/\/e-parts.dk\/sv\/wp-json\/wp\/v2\/brands?post=15337"}],"curies":[{"name":"wp","href":"https:\/\/api.w.org\/{rel}","templated":true}]}}