{"id":15251,"date":"2021-02-01T08:46:56","date_gmt":"2021-02-01T07:46:56","guid":{"rendered":"https:\/\/e-parts.dk\/?product=skuresvamp-ridsefri"},"modified":"2023-06-15T19:02:54","modified_gmt":"2023-06-15T17:02:54","slug":"skuresvamp-ridsefri","status":"publish","type":"product","link":"https:\/\/e-parts.dk\/sv\/vare\/skuresvamp-ridsefri\/","title":{"rendered":"Skuresvamp, ridsefri"},"content":{"rendered":"<p>Skuresvampen er lavet af fine teksturerede fibre, der sikrer en sk\u00e5nsom og ridsefri reng\u00f8ring. Skuresvampens form g\u00f8r den nem at h\u00e5ndtere og beskytter fingrene. Kan bruges med b\u00e5de varmt vand og s\u00e6dvanlige reng\u00f8ringsmidler. Svampene kan bruges til farvekodning og er med printet symbol p\u00e5 toppen.<\/p>\n<p>Vask med vand f\u00f8r og efter brug. Da polyamid\/nylon har en affedtende effekt, anbefales det at b\u00e6re handsker under brug.<\/p>\n","protected":false},"excerpt":{"rendered":"<p>10 styk Bl\u00e5 Scotch-Brite 3M<\/p>\n","protected":false},"featured_media":21527,"template":"","meta":{"_seopress_robots_primary_cat":"","_seopress_titles_title":"","_seopress_titles_desc":"","_seopress_robots_index":"","_mo_disable_npp":"","iawp_total_views":0},"product_brand":[],"product_cat":[2410,2400],"product_tag":[],"display":[],"carmodels":[],"brands":[],"class_list":{"0":"post-15251","1":"product","2":"type-product","3":"status-publish","4":"has-post-thumbnail","6":"product_cat-borster-sv","7":"product_cat-vask-sv","9":"first","10":"instock","11":"taxable","12":"shipping-taxable","13":"purchasable","14":"product-type-simple"},"tiered_pricing_type":"fixed","tiered_pricing_fixed_rules":[],"tiered_pricing_product_settings":{"layout":"default","base_unit_name":{"singular":null,"plural":null},"default_variation":null},"tiered_pricing_minimum_quantity":null,"tiered_pricing_roles_data":[],"tiered_pricing_percentage_rules":[],"_links":{"self":[{"href":"https:\/\/e-parts.dk\/sv\/wp-json\/wp\/v2\/product\/15251","targetHints":{"allow":["GET"]}}],"collection":[{"href":"https:\/\/e-parts.dk\/sv\/wp-json\/wp\/v2\/product"}],"about":[{"href":"https:\/\/e-parts.dk\/sv\/wp-json\/wp\/v2\/types\/product"}],"wp:featuredmedia":[{"embeddable":true,"href":"https:\/\/e-parts.dk\/sv\/wp-json\/wp\/v2\/media\/21527"}],"wp:attachment":[{"href":"https:\/\/e-parts.dk\/sv\/wp-json\/wp\/v2\/media?parent=15251"}],"wp:term":[{"taxonomy":"product_brand","embeddable":true,"href":"https:\/\/e-parts.dk\/sv\/wp-json\/wp\/v2\/product_brand?post=15251"},{"taxonomy":"product_cat","embeddable":true,"href":"https:\/\/e-parts.dk\/sv\/wp-json\/wp\/v2\/product_cat?post=15251"},{"taxonomy":"product_tag","embeddable":true,"href":"https:\/\/e-parts.dk\/sv\/wp-json\/wp\/v2\/product_tag?post=15251"},{"taxonomy":"display","embeddable":true,"href":"https:\/\/e-parts.dk\/sv\/wp-json\/wp\/v2\/display?post=15251"},{"taxonomy":"carmodels","embeddable":true,"href":"https:\/\/e-parts.dk\/sv\/wp-json\/wp\/v2\/carmodels?post=15251"},{"taxonomy":"brands","embeddable":true,"href":"https:\/\/e-parts.dk\/sv\/wp-json\/wp\/v2\/brands?post=15251"}],"curies":[{"name":"wp","href":"https:\/\/api.w.org\/{rel}","templated":true}]}}