{"id":15081,"date":"2021-01-11T13:43:37","date_gmt":"2021-01-11T12:43:37","guid":{"rendered":"https:\/\/e-parts.dk\/?product=osram-12498"},"modified":"2024-12-16T00:01:10","modified_gmt":"2024-12-15T23:01:10","slug":"osram-12498","status":"publish","type":"product","link":"https:\/\/e-parts.dk\/sv\/vare\/osram-12498\/","title":{"rendered":"OSRAM 12498"},"content":{"rendered":"<p>L\u00e6ngere levetid end andre aftermarkets p\u00e6rer<br \/>\nSamme p\u00e6rer som fabriksmonteret p\u00e5 nye k\u00f8ret\u00f8jer<br \/>\nOEM kvalitet<br \/>\nUdviklet i samarbejde med producenterne &#8217;<br \/>\nECE-godkendte <\/p>\n","protected":false},"excerpt":{"rendered":"<p>21W 12V<\/p>\n","protected":false},"featured_media":21492,"template":"","meta":{"_seopress_robots_primary_cat":"","_seopress_titles_title":"","_seopress_titles_desc":"","_seopress_robots_index":"","_mo_disable_npp":"","iawp_total_views":0},"product_brand":[],"product_cat":[2330,3395],"product_tag":[],"display":[],"carmodels":[],"brands":[],"class_list":{"0":"post-15081","1":"product","2":"type-product","3":"status-publish","4":"has-post-thumbnail","6":"product_cat-paerer-sv1670540009","7":"product_cat-osram-signalpaerer-sv","9":"first","10":"onbackorder","11":"taxable","12":"shipping-taxable","13":"product-type-simple"},"tiered_pricing_type":"fixed","tiered_pricing_fixed_rules":[],"tiered_pricing_product_settings":{"layout":"default","base_unit_name":{"singular":null,"plural":null},"default_variation":null},"tiered_pricing_minimum_quantity":null,"tiered_pricing_roles_data":[],"tiered_pricing_percentage_rules":[],"_links":{"self":[{"href":"https:\/\/e-parts.dk\/sv\/wp-json\/wp\/v2\/product\/15081","targetHints":{"allow":["GET"]}}],"collection":[{"href":"https:\/\/e-parts.dk\/sv\/wp-json\/wp\/v2\/product"}],"about":[{"href":"https:\/\/e-parts.dk\/sv\/wp-json\/wp\/v2\/types\/product"}],"wp:featuredmedia":[{"embeddable":true,"href":"https:\/\/e-parts.dk\/sv\/wp-json\/wp\/v2\/media\/21492"}],"wp:attachment":[{"href":"https:\/\/e-parts.dk\/sv\/wp-json\/wp\/v2\/media?parent=15081"}],"wp:term":[{"taxonomy":"product_brand","embeddable":true,"href":"https:\/\/e-parts.dk\/sv\/wp-json\/wp\/v2\/product_brand?post=15081"},{"taxonomy":"product_cat","embeddable":true,"href":"https:\/\/e-parts.dk\/sv\/wp-json\/wp\/v2\/product_cat?post=15081"},{"taxonomy":"product_tag","embeddable":true,"href":"https:\/\/e-parts.dk\/sv\/wp-json\/wp\/v2\/product_tag?post=15081"},{"taxonomy":"display","embeddable":true,"href":"https:\/\/e-parts.dk\/sv\/wp-json\/wp\/v2\/display?post=15081"},{"taxonomy":"carmodels","embeddable":true,"href":"https:\/\/e-parts.dk\/sv\/wp-json\/wp\/v2\/carmodels?post=15081"},{"taxonomy":"brands","embeddable":true,"href":"https:\/\/e-parts.dk\/sv\/wp-json\/wp\/v2\/brands?post=15081"}],"curies":[{"name":"wp","href":"https:\/\/api.w.org\/{rel}","templated":true}]}}