{"id":15031,"date":"2020-09-21T07:18:27","date_gmt":"2020-09-21T05:18:27","guid":{"rendered":"https:\/\/e-parts.dk\/?product=ansigtsmaske-m-oreelastikker"},"modified":"2023-06-15T19:02:44","modified_gmt":"2023-06-15T17:02:44","slug":"ansigtsmaske-m-oreelastikker-3","status":"publish","type":"product","link":"https:\/\/e-parts.dk\/sv\/vare\/ansigtsmaske-m-oreelastikker-3\/","title":{"rendered":"Ansigtsmaske m\/\u00f8reelastikker"},"content":{"rendered":"<p>Ansigtsmaske med bl\u00f8de og st\u00e6rke \u00f8reelastikker og n\u00e6seklemme, der sikrer god pasform. Maskerne har en lav respirationsmodstand samt h\u00f8j bakteriefiltrering. Maskerne anbefales til brug af sundhedsfagligt personaler i operationsstuer eller i omgivelser med lignende hygiejne krav for at mindske krydskontaminering. Omgivelserne beskyttes imod smitte og brugeren imod st\u00e6nk og spr\u00f8jt med et tryk p\u00e5 120 mmHg. Type IIR godkendt i henhold til EN 14683:2019.<\/p>\n","protected":false},"excerpt":{"rendered":"<p>pakke med 10 styk<\/p>\n","protected":false},"featured_media":21457,"template":"","meta":{"_seopress_robots_primary_cat":"","_seopress_titles_title":"","_seopress_titles_desc":"","_seopress_robots_index":"","_mo_disable_npp":"","iawp_total_views":0},"product_brand":[],"product_cat":[],"product_tag":[],"display":[],"carmodels":[],"brands":[],"class_list":{"0":"post-15031","1":"product","2":"type-product","3":"status-publish","4":"has-post-thumbnail","7":"first","8":"onbackorder","9":"taxable","10":"shipping-taxable","11":"purchasable","12":"product-type-simple"},"tiered_pricing_type":"fixed","tiered_pricing_fixed_rules":[],"tiered_pricing_product_settings":{"layout":"default","base_unit_name":{"singular":null,"plural":null},"default_variation":null},"tiered_pricing_minimum_quantity":null,"tiered_pricing_roles_data":[],"tiered_pricing_percentage_rules":[],"_links":{"self":[{"href":"https:\/\/e-parts.dk\/sv\/wp-json\/wp\/v2\/product\/15031","targetHints":{"allow":["GET"]}}],"collection":[{"href":"https:\/\/e-parts.dk\/sv\/wp-json\/wp\/v2\/product"}],"about":[{"href":"https:\/\/e-parts.dk\/sv\/wp-json\/wp\/v2\/types\/product"}],"wp:featuredmedia":[{"embeddable":true,"href":"https:\/\/e-parts.dk\/sv\/wp-json\/wp\/v2\/media\/21457"}],"wp:attachment":[{"href":"https:\/\/e-parts.dk\/sv\/wp-json\/wp\/v2\/media?parent=15031"}],"wp:term":[{"taxonomy":"product_brand","embeddable":true,"href":"https:\/\/e-parts.dk\/sv\/wp-json\/wp\/v2\/product_brand?post=15031"},{"taxonomy":"product_cat","embeddable":true,"href":"https:\/\/e-parts.dk\/sv\/wp-json\/wp\/v2\/product_cat?post=15031"},{"taxonomy":"product_tag","embeddable":true,"href":"https:\/\/e-parts.dk\/sv\/wp-json\/wp\/v2\/product_tag?post=15031"},{"taxonomy":"display","embeddable":true,"href":"https:\/\/e-parts.dk\/sv\/wp-json\/wp\/v2\/display?post=15031"},{"taxonomy":"carmodels","embeddable":true,"href":"https:\/\/e-parts.dk\/sv\/wp-json\/wp\/v2\/carmodels?post=15031"},{"taxonomy":"brands","embeddable":true,"href":"https:\/\/e-parts.dk\/sv\/wp-json\/wp\/v2\/brands?post=15031"}],"curies":[{"name":"wp","href":"https:\/\/api.w.org\/{rel}","templated":true}]}}