{"id":1456,"date":"2016-09-28T14:12:34","date_gmt":"2016-09-28T12:12:34","guid":{"rendered":"https:\/\/e-parts.dk\/?product=sandal-sixton"},"modified":"2023-06-15T18:58:55","modified_gmt":"2023-06-15T16:58:55","slug":"sandal-sixton-2","status":"publish","type":"product","link":"https:\/\/e-parts.dk\/sv\/vare\/sandal-sixton-2\/","title":{"rendered":"Sandal, Sixton"},"content":{"rendered":"<p>Anvendelsen af de mest avancerede materialer g\u00f8r disse sandaler robuste, komfortable og ekstrem lette. Sandalens overdel og detaljer er produceret i materialer i h\u00f8j kvalitet der g\u00f8r dem velegnede til brug i tunge arbejdsmilj\u00f8er. S\u00e5len er opbygget af flere PU lag som giver h\u00f8j komfort og en slidst\u00e6rk s\u00e5l. Yders\u00e5len er med selvrensende m\u00f8nster og SRC design som g\u00f8r at man st\u00e5r bedre fast p\u00e5 glatte og smudsige overflader. Sandalen er med komposit t\u00e5kappe. Godkendelse: EN ISO 20345<\/p>\n","protected":false},"excerpt":{"rendered":"<p>Anvendelsen af de mest avancerede materialer g\u00f8r disse sandaler robuste, komfortable og ekstrem lette. Sandalens overdel og detaljer er produceret i materialer i h\u00f8j kvalitet der g\u00f8r dem velegnede til brug i tunge arbejdsmilj\u00f8er. S\u00e5len er opbygget af flere PU lag som giver h\u00f8j komfort og en slidst\u00e6rk s\u00e5l. Yders\u00e5len er med selvrensende m\u00f8nster og [&hellip;]<\/p>\n","protected":false},"featured_media":17900,"template":"","meta":{"_seopress_robots_primary_cat":"","_seopress_titles_title":"","_seopress_titles_desc":"","_seopress_robots_index":"","_mo_disable_npp":""},"product_brand":[],"product_cat":[2105,2120],"product_tag":[],"display":[],"carmodels":[],"brands":[],"class_list":{"0":"post-1456","1":"product","2":"type-product","3":"status-publish","4":"has-post-thumbnail","6":"product_cat-beklaedning-sv","7":"product_cat-fodtoj-sko-sv","9":"first","10":"onbackorder","11":"taxable","12":"shipping-taxable","13":"purchasable","14":"product-type-simple"},"tiered_pricing_type":"fixed","tiered_pricing_fixed_rules":[],"tiered_pricing_product_settings":{"layout":"default","base_unit_name":{"singular":null,"plural":null},"default_variation":null},"tiered_pricing_minimum_quantity":null,"tiered_pricing_roles_data":[],"tiered_pricing_percentage_rules":[],"_links":{"self":[{"href":"https:\/\/e-parts.dk\/sv\/wp-json\/wp\/v2\/product\/1456","targetHints":{"allow":["GET"]}}],"collection":[{"href":"https:\/\/e-parts.dk\/sv\/wp-json\/wp\/v2\/product"}],"about":[{"href":"https:\/\/e-parts.dk\/sv\/wp-json\/wp\/v2\/types\/product"}],"wp:featuredmedia":[{"embeddable":true,"href":"https:\/\/e-parts.dk\/sv\/wp-json\/wp\/v2\/media\/17900"}],"wp:attachment":[{"href":"https:\/\/e-parts.dk\/sv\/wp-json\/wp\/v2\/media?parent=1456"}],"wp:term":[{"taxonomy":"product_brand","embeddable":true,"href":"https:\/\/e-parts.dk\/sv\/wp-json\/wp\/v2\/product_brand?post=1456"},{"taxonomy":"product_cat","embeddable":true,"href":"https:\/\/e-parts.dk\/sv\/wp-json\/wp\/v2\/product_cat?post=1456"},{"taxonomy":"product_tag","embeddable":true,"href":"https:\/\/e-parts.dk\/sv\/wp-json\/wp\/v2\/product_tag?post=1456"},{"taxonomy":"display","embeddable":true,"href":"https:\/\/e-parts.dk\/sv\/wp-json\/wp\/v2\/display?post=1456"},{"taxonomy":"carmodels","embeddable":true,"href":"https:\/\/e-parts.dk\/sv\/wp-json\/wp\/v2\/carmodels?post=1456"},{"taxonomy":"brands","embeddable":true,"href":"https:\/\/e-parts.dk\/sv\/wp-json\/wp\/v2\/brands?post=1456"}],"curies":[{"name":"wp","href":"https:\/\/api.w.org\/{rel}","templated":true}]}}