{"id":1451,"date":"2016-09-07T04:12:32","date_gmt":"2016-09-07T02:12:32","guid":{"rendered":"https:\/\/e-parts.dk\/?product=emballagetape"},"modified":"2023-06-15T18:58:55","modified_gmt":"2023-06-15T16:58:55","slug":"emballagetape","status":"publish","type":"product","link":"https:\/\/e-parts.dk\/sv\/vare\/emballagetape\/","title":{"rendered":"Emballagetape"},"content":{"rendered":"<p>Pr\u00e6get PVC tape, 50mm bred, brun<\/p>\n<p>tesa<span class=\"sup\">\u00ae<\/span> 4100 best\u00e5r af en pr\u00e6get PVC-folie med en naturgummikl\u00e6ber.<br \/>Den pr\u00e6gede filmtekstur sikrer en j\u00e6vn og nem afrulning. Den pr\u00e6gede overflade forebygger desuden refleksion, eksempelvis i forbindelse med stregkodel\u00e6sning. Derfor er produktet perfekt egnet til beskyttelse af m\u00e6rkater.<\/p>\n<p>Den nemme afrulning g\u00f8r tesa<span class=\"sup\">\u00ae<\/span> 4100 velegnet til automatisk forseglingsudstyr.<\/p>\n<p><strong>Indhold<\/strong><\/p>\n<p>6 ruller<\/p>\n","protected":false},"excerpt":{"rendered":"<p>50mm bred<\/p>\n","protected":false},"featured_media":17895,"template":"","meta":{"_seopress_robots_primary_cat":"","_seopress_titles_title":"","_seopress_titles_desc":"","_seopress_robots_index":"","_mo_disable_npp":"","iawp_total_views":1},"product_brand":[],"product_cat":[2145,2130],"product_tag":[],"display":[],"carmodels":[],"brands":[],"class_list":{"0":"post-1451","1":"product","2":"type-product","3":"status-publish","4":"has-post-thumbnail","6":"product_cat-emballagetape-sv","7":"product_cat-diverse-sv","9":"first","10":"instock","11":"taxable","12":"shipping-taxable","13":"purchasable","14":"product-type-simple"},"tiered_pricing_type":"fixed","tiered_pricing_fixed_rules":[],"tiered_pricing_product_settings":{"layout":"default","base_unit_name":{"singular":null,"plural":null},"default_variation":null},"tiered_pricing_minimum_quantity":null,"tiered_pricing_roles_data":[],"tiered_pricing_percentage_rules":[],"_links":{"self":[{"href":"https:\/\/e-parts.dk\/sv\/wp-json\/wp\/v2\/product\/1451","targetHints":{"allow":["GET"]}}],"collection":[{"href":"https:\/\/e-parts.dk\/sv\/wp-json\/wp\/v2\/product"}],"about":[{"href":"https:\/\/e-parts.dk\/sv\/wp-json\/wp\/v2\/types\/product"}],"wp:featuredmedia":[{"embeddable":true,"href":"https:\/\/e-parts.dk\/sv\/wp-json\/wp\/v2\/media\/17895"}],"wp:attachment":[{"href":"https:\/\/e-parts.dk\/sv\/wp-json\/wp\/v2\/media?parent=1451"}],"wp:term":[{"taxonomy":"product_brand","embeddable":true,"href":"https:\/\/e-parts.dk\/sv\/wp-json\/wp\/v2\/product_brand?post=1451"},{"taxonomy":"product_cat","embeddable":true,"href":"https:\/\/e-parts.dk\/sv\/wp-json\/wp\/v2\/product_cat?post=1451"},{"taxonomy":"product_tag","embeddable":true,"href":"https:\/\/e-parts.dk\/sv\/wp-json\/wp\/v2\/product_tag?post=1451"},{"taxonomy":"display","embeddable":true,"href":"https:\/\/e-parts.dk\/sv\/wp-json\/wp\/v2\/display?post=1451"},{"taxonomy":"carmodels","embeddable":true,"href":"https:\/\/e-parts.dk\/sv\/wp-json\/wp\/v2\/carmodels?post=1451"},{"taxonomy":"brands","embeddable":true,"href":"https:\/\/e-parts.dk\/sv\/wp-json\/wp\/v2\/brands?post=1451"}],"curies":[{"name":"wp","href":"https:\/\/api.w.org\/{rel}","templated":true}]}}