{"id":14011,"date":"2018-12-07T07:56:40","date_gmt":"2018-12-07T06:56:40","guid":{"rendered":"https:\/\/e-parts.dk\/?product=vikan-negleborste"},"modified":"2023-11-26T00:00:31","modified_gmt":"2023-11-25T23:00:31","slug":"vikan-negleborste","status":"publish","type":"product","link":"https:\/\/e-parts.dk\/sv\/vare\/vikan-negleborste\/","title":{"rendered":"Vikan negleb\u00f8rste"},"content":{"rendered":"<p>L\u00e6ngde\/dybde: 120 mm<br \/>\nBredde: 45 mm<br \/>\nH\u00f8jde: 40 mm<\/p>\n<p>Produktbeskrivelse: Negleb\u00f8rste udf\u00f8rt i sort polypropylen med stive r\u00f8de\/gr\u00f8nne filamenter. Denne negleb\u00f8rste er v\u00e6sentlige st\u00f8rre en almindelige negleb\u00f8rster p\u00e5 markedet, og derfor god at have p\u00e5 v\u00e6rksteder og andre steder hvor grundig reng\u00f8ring kan v\u00e6re p\u00e5kr\u00e6vet. kan t\u00e5le kemikalier og h\u00f8je temperaturer.<\/p>\n","protected":false},"excerpt":{"rendered":"<p>1 stk<\/p>\n","protected":false},"featured_media":14009,"template":"","meta":{"_seopress_robots_primary_cat":"","_seopress_titles_title":"","_seopress_titles_desc":"","_seopress_robots_index":"","_mo_disable_npp":"","iawp_total_views":0},"product_brand":[],"product_cat":[2410,2400],"product_tag":[],"display":[],"carmodels":[],"brands":[],"class_list":{"0":"post-14011","1":"product","2":"type-product","3":"status-publish","4":"has-post-thumbnail","6":"product_cat-borster-sv","7":"product_cat-vask-sv","9":"first","10":"instock","11":"taxable","12":"shipping-taxable","13":"product-type-simple"},"tiered_pricing_type":"fixed","tiered_pricing_fixed_rules":[],"tiered_pricing_product_settings":{"layout":"default","base_unit_name":{"singular":null,"plural":null},"default_variation":null},"tiered_pricing_minimum_quantity":null,"tiered_pricing_roles_data":[],"tiered_pricing_percentage_rules":[],"_links":{"self":[{"href":"https:\/\/e-parts.dk\/sv\/wp-json\/wp\/v2\/product\/14011","targetHints":{"allow":["GET"]}}],"collection":[{"href":"https:\/\/e-parts.dk\/sv\/wp-json\/wp\/v2\/product"}],"about":[{"href":"https:\/\/e-parts.dk\/sv\/wp-json\/wp\/v2\/types\/product"}],"wp:featuredmedia":[{"embeddable":true,"href":"https:\/\/e-parts.dk\/sv\/wp-json\/wp\/v2\/media\/14009"}],"wp:attachment":[{"href":"https:\/\/e-parts.dk\/sv\/wp-json\/wp\/v2\/media?parent=14011"}],"wp:term":[{"taxonomy":"product_brand","embeddable":true,"href":"https:\/\/e-parts.dk\/sv\/wp-json\/wp\/v2\/product_brand?post=14011"},{"taxonomy":"product_cat","embeddable":true,"href":"https:\/\/e-parts.dk\/sv\/wp-json\/wp\/v2\/product_cat?post=14011"},{"taxonomy":"product_tag","embeddable":true,"href":"https:\/\/e-parts.dk\/sv\/wp-json\/wp\/v2\/product_tag?post=14011"},{"taxonomy":"display","embeddable":true,"href":"https:\/\/e-parts.dk\/sv\/wp-json\/wp\/v2\/display?post=14011"},{"taxonomy":"carmodels","embeddable":true,"href":"https:\/\/e-parts.dk\/sv\/wp-json\/wp\/v2\/carmodels?post=14011"},{"taxonomy":"brands","embeddable":true,"href":"https:\/\/e-parts.dk\/sv\/wp-json\/wp\/v2\/brands?post=14011"}],"curies":[{"name":"wp","href":"https:\/\/api.w.org\/{rel}","templated":true}]}}