{"id":13951,"date":"2018-10-10T08:52:21","date_gmt":"2018-10-10T06:52:21","guid":{"rendered":"https:\/\/e-parts.dk\/?product=kontaktrens"},"modified":"2023-06-15T19:02:10","modified_gmt":"2023-06-15T17:02:10","slug":"kontaktrens","status":"publish","type":"product","link":"https:\/\/e-parts.dk\/sv\/vare\/kontaktrens\/","title":{"rendered":"Kontaktrens"},"content":{"rendered":"<p>Netaktiv kontakt rens. Produktbasis er fuld afstemt med den opl\u00f8sningsmiddel der er indeholdt i TUNAP Elektronik-Fedt 372 og TUNAP Elektronik-Olie 373.<\/p>\n<p>\u2022 Fjerner forureninger, olie og \u00e6ldningsbetingede beh\u00e6ftninger og kontaktflader<br \/>\n\u2022 Skyller forekommende fugtighedsspor p\u00e5 sv\u00e6rt tilg\u00e6ngelige steder<\/p>\n","protected":false},"excerpt":{"rendered":"<p>TUNAP 375, 200ml<\/p>\n","protected":false},"featured_media":13949,"template":"","meta":{"_seopress_robots_primary_cat":"","_seopress_titles_title":"","_seopress_titles_desc":"","_seopress_robots_index":"","_mo_disable_npp":""},"product_brand":[],"product_cat":[2425,2420],"product_tag":[],"display":[],"carmodels":[],"brands":[],"class_list":{"0":"post-13951","1":"product","2":"type-product","3":"status-publish","4":"has-post-thumbnail","6":"product_cat-affedtning-rens-sv","7":"product_cat-vaesker-sv","9":"first","10":"onbackorder","11":"taxable","12":"shipping-taxable","13":"purchasable","14":"product-type-simple"},"tiered_pricing_type":"fixed","tiered_pricing_fixed_rules":[],"tiered_pricing_product_settings":{"layout":"default","base_unit_name":{"singular":null,"plural":null},"default_variation":null},"tiered_pricing_minimum_quantity":null,"tiered_pricing_roles_data":[],"tiered_pricing_percentage_rules":[],"_links":{"self":[{"href":"https:\/\/e-parts.dk\/sv\/wp-json\/wp\/v2\/product\/13951","targetHints":{"allow":["GET"]}}],"collection":[{"href":"https:\/\/e-parts.dk\/sv\/wp-json\/wp\/v2\/product"}],"about":[{"href":"https:\/\/e-parts.dk\/sv\/wp-json\/wp\/v2\/types\/product"}],"wp:featuredmedia":[{"embeddable":true,"href":"https:\/\/e-parts.dk\/sv\/wp-json\/wp\/v2\/media\/13949"}],"wp:attachment":[{"href":"https:\/\/e-parts.dk\/sv\/wp-json\/wp\/v2\/media?parent=13951"}],"wp:term":[{"taxonomy":"product_brand","embeddable":true,"href":"https:\/\/e-parts.dk\/sv\/wp-json\/wp\/v2\/product_brand?post=13951"},{"taxonomy":"product_cat","embeddable":true,"href":"https:\/\/e-parts.dk\/sv\/wp-json\/wp\/v2\/product_cat?post=13951"},{"taxonomy":"product_tag","embeddable":true,"href":"https:\/\/e-parts.dk\/sv\/wp-json\/wp\/v2\/product_tag?post=13951"},{"taxonomy":"display","embeddable":true,"href":"https:\/\/e-parts.dk\/sv\/wp-json\/wp\/v2\/display?post=13951"},{"taxonomy":"carmodels","embeddable":true,"href":"https:\/\/e-parts.dk\/sv\/wp-json\/wp\/v2\/carmodels?post=13951"},{"taxonomy":"brands","embeddable":true,"href":"https:\/\/e-parts.dk\/sv\/wp-json\/wp\/v2\/brands?post=13951"}],"curies":[{"name":"wp","href":"https:\/\/api.w.org\/{rel}","templated":true}]}}