{"id":13926,"date":"2018-09-20T10:07:11","date_gmt":"2018-09-20T08:07:11","guid":{"rendered":"https:\/\/e-parts.dk\/?product=gummimatter"},"modified":"2023-06-15T19:02:09","modified_gmt":"2023-06-15T17:02:09","slug":"gummimatter","status":"publish","type":"product","link":"https:\/\/e-parts.dk\/sv\/vare\/gummimatter\/","title":{"rendered":"Gummimattor"},"content":{"rendered":"<p>Gummimattor till n\u00e4stan alla bilm\u00e4rken. Mycket bra kvalitet. Kontakt oss f\u00f6r mer info<\/p>\n<p>OBS! Vid order p\u00e5 min 20 av samma sort, kan vi gjuta in erat namn i mattorna.<\/p>\n","protected":false},"excerpt":{"rendered":"<p>Se listan p\u00e5 alla typer mattor h\u00e4r: Gummimattor<\/p>\n","protected":false},"featured_media":21162,"template":"","meta":{"_seopress_robots_primary_cat":"","_seopress_titles_title":"","_seopress_titles_desc":"","_seopress_robots_index":"","_mo_disable_npp":"","iawp_total_views":0},"product_brand":[],"product_cat":[7903,7566],"product_tag":[],"display":[],"carmodels":[],"brands":[],"class_list":{"0":"post-13926","1":"product","2":"type-product","3":"status-publish","4":"has-post-thumbnail","6":"product_cat-ingen-kategori-sv","7":"product_cat-ukategoriseret","9":"first","10":"onbackorder","11":"taxable","12":"shipping-taxable","13":"purchasable","14":"product-type-simple"},"tiered_pricing_type":"fixed","tiered_pricing_fixed_rules":[],"tiered_pricing_product_settings":{"layout":"default","base_unit_name":{"singular":null,"plural":null},"default_variation":null},"tiered_pricing_minimum_quantity":null,"tiered_pricing_roles_data":[],"tiered_pricing_percentage_rules":[],"_links":{"self":[{"href":"https:\/\/e-parts.dk\/sv\/wp-json\/wp\/v2\/product\/13926","targetHints":{"allow":["GET"]}}],"collection":[{"href":"https:\/\/e-parts.dk\/sv\/wp-json\/wp\/v2\/product"}],"about":[{"href":"https:\/\/e-parts.dk\/sv\/wp-json\/wp\/v2\/types\/product"}],"wp:featuredmedia":[{"embeddable":true,"href":"https:\/\/e-parts.dk\/sv\/wp-json\/wp\/v2\/media\/21162"}],"wp:attachment":[{"href":"https:\/\/e-parts.dk\/sv\/wp-json\/wp\/v2\/media?parent=13926"}],"wp:term":[{"taxonomy":"product_brand","embeddable":true,"href":"https:\/\/e-parts.dk\/sv\/wp-json\/wp\/v2\/product_brand?post=13926"},{"taxonomy":"product_cat","embeddable":true,"href":"https:\/\/e-parts.dk\/sv\/wp-json\/wp\/v2\/product_cat?post=13926"},{"taxonomy":"product_tag","embeddable":true,"href":"https:\/\/e-parts.dk\/sv\/wp-json\/wp\/v2\/product_tag?post=13926"},{"taxonomy":"display","embeddable":true,"href":"https:\/\/e-parts.dk\/sv\/wp-json\/wp\/v2\/display?post=13926"},{"taxonomy":"carmodels","embeddable":true,"href":"https:\/\/e-parts.dk\/sv\/wp-json\/wp\/v2\/carmodels?post=13926"},{"taxonomy":"brands","embeddable":true,"href":"https:\/\/e-parts.dk\/sv\/wp-json\/wp\/v2\/brands?post=13926"}],"curies":[{"name":"wp","href":"https:\/\/api.w.org\/{rel}","templated":true}]}}