{"id":13621,"date":"2018-02-20T10:01:26","date_gmt":"2018-02-20T09:01:26","guid":{"rendered":"https:\/\/e-parts.dk\/?product=renserondel-3m-clean-strip"},"modified":"2023-06-15T19:02:03","modified_gmt":"2023-06-15T17:02:03","slug":"renserondel-3m-clean-strip","status":"publish","type":"product","link":"https:\/\/e-parts.dk\/sv\/vare\/renserondel-3m-clean-strip\/","title":{"rendered":"Renserondel 3M &#8221;Clean &#038; Strip&#8221;"},"content":{"rendered":"<p>\u00d850mm, GROV<br \/>\n1 stk.<\/p>\n","protected":false},"excerpt":{"rendered":"<p>\u00d850mm, GROV, 1 stk.<\/p>\n<p>Roloc rondeller med Scotch-Brite v\u00e6v. Til finish p\u00e5 rustfrit st\u00e5l, aluminium, f.eks. efter slibning med fiberrondel. Rondel- lerne kan ogs\u00e5 anvendes til afrensning af metal, oxidering og maling. Efterlader en gratfri ensartet overflade. 3M Roloc lynkoblingssystem sikrer hurtig produktskift. Udviklet til finish, afgratning, afrensning af h\u00f8j kvalitet p\u00e5 sv\u00e6rt tilg\u00e6ngelige steder med elektrisk- og lufth\u00e5nd-v\u00e6rkt\u00f8j.<\/p>\n","protected":false},"featured_media":21112,"template":"","meta":{"_seopress_robots_primary_cat":"","_seopress_titles_title":"","_seopress_titles_desc":"","_seopress_robots_index":"","_mo_disable_npp":"","iawp_total_views":0},"product_brand":[],"product_cat":[2725,2305,2320],"product_tag":[],"display":[],"carmodels":[],"brands":[],"class_list":{"0":"post-13621","1":"product","2":"type-product","3":"status-publish","4":"has-post-thumbnail","6":"product_cat-aktuella-erbjudanden","7":"product_cat-klargoring-sv","8":"product_cat-slib-spartel-poler-sv","10":"first","11":"onbackorder","12":"sale","13":"taxable","14":"shipping-taxable","15":"purchasable","16":"product-type-simple"},"tiered_pricing_type":"fixed","tiered_pricing_fixed_rules":[],"tiered_pricing_product_settings":{"layout":"default","base_unit_name":{"singular":null,"plural":null},"default_variation":null},"tiered_pricing_minimum_quantity":null,"tiered_pricing_roles_data":[],"tiered_pricing_percentage_rules":[],"_links":{"self":[{"href":"https:\/\/e-parts.dk\/sv\/wp-json\/wp\/v2\/product\/13621","targetHints":{"allow":["GET"]}}],"collection":[{"href":"https:\/\/e-parts.dk\/sv\/wp-json\/wp\/v2\/product"}],"about":[{"href":"https:\/\/e-parts.dk\/sv\/wp-json\/wp\/v2\/types\/product"}],"wp:featuredmedia":[{"embeddable":true,"href":"https:\/\/e-parts.dk\/sv\/wp-json\/wp\/v2\/media\/21112"}],"wp:attachment":[{"href":"https:\/\/e-parts.dk\/sv\/wp-json\/wp\/v2\/media?parent=13621"}],"wp:term":[{"taxonomy":"product_brand","embeddable":true,"href":"https:\/\/e-parts.dk\/sv\/wp-json\/wp\/v2\/product_brand?post=13621"},{"taxonomy":"product_cat","embeddable":true,"href":"https:\/\/e-parts.dk\/sv\/wp-json\/wp\/v2\/product_cat?post=13621"},{"taxonomy":"product_tag","embeddable":true,"href":"https:\/\/e-parts.dk\/sv\/wp-json\/wp\/v2\/product_tag?post=13621"},{"taxonomy":"display","embeddable":true,"href":"https:\/\/e-parts.dk\/sv\/wp-json\/wp\/v2\/display?post=13621"},{"taxonomy":"carmodels","embeddable":true,"href":"https:\/\/e-parts.dk\/sv\/wp-json\/wp\/v2\/carmodels?post=13621"},{"taxonomy":"brands","embeddable":true,"href":"https:\/\/e-parts.dk\/sv\/wp-json\/wp\/v2\/brands?post=13621"}],"curies":[{"name":"wp","href":"https:\/\/api.w.org\/{rel}","templated":true}]}}