{"id":13387,"date":"2017-11-29T14:25:00","date_gmt":"2017-11-29T13:25:00","guid":{"rendered":"https:\/\/e-parts.dk\/?product=beskyttelsesdragt"},"modified":"2023-06-15T19:02:43","modified_gmt":"2023-06-15T17:02:43","slug":"beskyttelsesdragt","status":"publish","type":"product","link":"https:\/\/e-parts.dk\/sv\/vare\/beskyttelsesdragt\/","title":{"rendered":"Beskyttelsesdragt"},"content":{"rendered":"<p>Str L, XL\u00a0og XXL<br \/>\nIndhold<br \/>\n1 stk<br \/>\nAnvendelse<br \/>\nBeskyttelsesdragt i kategori 3 med h\u00e6tte<br \/>\nElastik ved h\u00e6tte, ankler og talje<br \/>\nRib ved \u00e6rmer samt lynl\u00e5s foran<br \/>\nMeget slidest\u00e6rk<br \/>\nGodkendt som type 5 (partikelt\u00e6t) og type 6 (begr\u00e6nset st\u00e6nkt\u00e6t)<br \/>\nGodkendt efter EN340:2003, EN ISO 13982-1:2004, EN 13034:2005+A1:2009, EN 1149-5:2008, EN 1073-2:2002, EN 14126:2003\/AC:2004, Kat3, type 5 og 6<\/p>\n","protected":false},"excerpt":{"rendered":"<p>Str L, XL\u00a0og XXL Indhold 1 stk Anvendelse Beskyttelsesdragt i kategori 3 med h\u00e6tte Elastik ved h\u00e6tte, ankler og talje Rib ved \u00e6rmer samt lynl\u00e5s foran Meget slidest\u00e6rk Godkendt som type 5 (partikelt\u00e6t) og type 6 (begr\u00e6nset st\u00e6nkt\u00e6t) Godkendt efter EN340:2003, EN ISO 13982-1:2004, EN 13034:2005+A1:2009, EN 1149-5:2008, EN 1073-2:2002, EN 14126:2003\/AC:2004, Kat3, type 5 [&hellip;]<\/p>\n","protected":false},"featured_media":21042,"template":"","meta":{"_seopress_robots_primary_cat":"","_seopress_titles_title":"","_seopress_titles_desc":"","_seopress_robots_index":"","_mo_disable_npp":""},"product_brand":[],"product_cat":[2105,2115],"product_tag":[],"display":[],"carmodels":[],"brands":[],"class_list":{"0":"post-13387","1":"product","2":"type-product","3":"status-publish","4":"has-post-thumbnail","6":"product_cat-beklaedning-sv","7":"product_cat-beskyttelsesbeklaedning-sv","9":"first","10":"instock","11":"taxable","12":"shipping-taxable","13":"purchasable","14":"product-type-variable"},"tiered_pricing_type":"fixed","tiered_pricing_fixed_rules":[],"tiered_pricing_product_settings":{"layout":"default","base_unit_name":{"singular":null,"plural":null},"default_variation":null},"tiered_pricing_minimum_quantity":null,"tiered_pricing_roles_data":[],"tiered_pricing_percentage_rules":[],"_links":{"self":[{"href":"https:\/\/e-parts.dk\/sv\/wp-json\/wp\/v2\/product\/13387","targetHints":{"allow":["GET"]}}],"collection":[{"href":"https:\/\/e-parts.dk\/sv\/wp-json\/wp\/v2\/product"}],"about":[{"href":"https:\/\/e-parts.dk\/sv\/wp-json\/wp\/v2\/types\/product"}],"wp:featuredmedia":[{"embeddable":true,"href":"https:\/\/e-parts.dk\/sv\/wp-json\/wp\/v2\/media\/21042"}],"wp:attachment":[{"href":"https:\/\/e-parts.dk\/sv\/wp-json\/wp\/v2\/media?parent=13387"}],"wp:term":[{"taxonomy":"product_brand","embeddable":true,"href":"https:\/\/e-parts.dk\/sv\/wp-json\/wp\/v2\/product_brand?post=13387"},{"taxonomy":"product_cat","embeddable":true,"href":"https:\/\/e-parts.dk\/sv\/wp-json\/wp\/v2\/product_cat?post=13387"},{"taxonomy":"product_tag","embeddable":true,"href":"https:\/\/e-parts.dk\/sv\/wp-json\/wp\/v2\/product_tag?post=13387"},{"taxonomy":"display","embeddable":true,"href":"https:\/\/e-parts.dk\/sv\/wp-json\/wp\/v2\/display?post=13387"},{"taxonomy":"carmodels","embeddable":true,"href":"https:\/\/e-parts.dk\/sv\/wp-json\/wp\/v2\/carmodels?post=13387"},{"taxonomy":"brands","embeddable":true,"href":"https:\/\/e-parts.dk\/sv\/wp-json\/wp\/v2\/brands?post=13387"}],"curies":[{"name":"wp","href":"https:\/\/api.w.org\/{rel}","templated":true}]}}