{"id":12881,"date":"2017-03-06T07:11:27","date_gmt":"2017-03-06T06:11:27","guid":{"rendered":"https:\/\/e-parts.dk\/?product=a-c-rens"},"modified":"2023-06-15T19:01:40","modified_gmt":"2023-06-15T17:01:40","slug":"a-c-rens","status":"publish","type":"product","link":"https:\/\/e-parts.dk\/sv\/vare\/a-c-rens\/","title":{"rendered":"Reng\u00f6ring av A\/C"},"content":{"rendered":"<p>Med &#8221;Self-Trigger&#8221; Reng\u00f6r och desinficerar luftkonditioneringssystem, tar bort obehagliga lukter (r\u00f6kande bilar), eliminerar bakterier, sporer och m\u00f6gel och f\u00f6rdr\u00f6jer deras \u00e5terkomst. Optimerar luftkonditioneringssystemets effektivitet.  <a href=\"https:\/\/e-parts.dk\/wp-content\/uploads\/2017\/03\/KlimaFreshACRefreshwithLemonfragrance_SDS_10_da-DK.pdf\" target=\"_blank\" rel=\"noopener\">S\u00e4kerhetsdatablad<\/a><\/p>\n<p>&nbsp;<\/p>\n","protected":false},"excerpt":{"rendered":"<p>1 burk r\u00e4cker f\u00f6r en rening<\/p>\n","protected":false},"featured_media":12879,"template":"","meta":{"_seopress_robots_primary_cat":"","_seopress_titles_title":"","_seopress_titles_desc":"","_seopress_robots_index":"","_mo_disable_npp":""},"product_brand":[],"product_cat":[2425,2420],"product_tag":[],"display":[8187],"carmodels":[],"brands":[],"class_list":{"0":"post-12881","1":"product","2":"type-product","3":"status-publish","4":"has-post-thumbnail","6":"product_cat-affedtning-rens-sv","7":"product_cat-vaesker-sv","8":"display-e-supply-slider","10":"first","11":"instock","12":"taxable","13":"shipping-taxable","14":"purchasable","15":"product-type-simple"},"tiered_pricing_type":"fixed","tiered_pricing_fixed_rules":[],"tiered_pricing_product_settings":{"layout":"default","base_unit_name":{"singular":null,"plural":null},"default_variation":null},"tiered_pricing_minimum_quantity":null,"tiered_pricing_roles_data":[],"tiered_pricing_percentage_rules":[],"_links":{"self":[{"href":"https:\/\/e-parts.dk\/sv\/wp-json\/wp\/v2\/product\/12881","targetHints":{"allow":["GET"]}}],"collection":[{"href":"https:\/\/e-parts.dk\/sv\/wp-json\/wp\/v2\/product"}],"about":[{"href":"https:\/\/e-parts.dk\/sv\/wp-json\/wp\/v2\/types\/product"}],"wp:featuredmedia":[{"embeddable":true,"href":"https:\/\/e-parts.dk\/sv\/wp-json\/wp\/v2\/media\/12879"}],"wp:attachment":[{"href":"https:\/\/e-parts.dk\/sv\/wp-json\/wp\/v2\/media?parent=12881"}],"wp:term":[{"taxonomy":"product_brand","embeddable":true,"href":"https:\/\/e-parts.dk\/sv\/wp-json\/wp\/v2\/product_brand?post=12881"},{"taxonomy":"product_cat","embeddable":true,"href":"https:\/\/e-parts.dk\/sv\/wp-json\/wp\/v2\/product_cat?post=12881"},{"taxonomy":"product_tag","embeddable":true,"href":"https:\/\/e-parts.dk\/sv\/wp-json\/wp\/v2\/product_tag?post=12881"},{"taxonomy":"display","embeddable":true,"href":"https:\/\/e-parts.dk\/sv\/wp-json\/wp\/v2\/display?post=12881"},{"taxonomy":"carmodels","embeddable":true,"href":"https:\/\/e-parts.dk\/sv\/wp-json\/wp\/v2\/carmodels?post=12881"},{"taxonomy":"brands","embeddable":true,"href":"https:\/\/e-parts.dk\/sv\/wp-json\/wp\/v2\/brands?post=12881"}],"curies":[{"name":"wp","href":"https:\/\/api.w.org\/{rel}","templated":true}]}}