{"id":12619,"date":"2017-03-01T10:55:20","date_gmt":"2017-03-01T09:55:20","guid":{"rendered":"https:\/\/e-parts.dk\/?product=odin-flex"},"modified":"2023-06-15T19:01:25","modified_gmt":"2023-06-15T17:01:25","slug":"odin-flex","status":"publish","type":"product","link":"https:\/\/e-parts.dk\/sv\/vare\/odin-flex\/","title":{"rendered":"Odin Flex"},"content":{"rendered":"<p><span id=\"ctl00_at_ProductsGrid1_ProductsGridView_ctl02_TxtItemName\">Halvtdoppat nitrilhandske, Odinflex, svart, lycra \u00f6verdel, lycra, nitril<\/span><\/p>\n<p>Tunn smidig handske med god passform. F\u00e4rg indikation av storlekar.<\/p>\n<p>str.9 = L<\/p>\n<p>str. 10 = XL<\/p>\n<p>str. 11 = XXL<\/p>\n<p><strong>Inneh\u00e5ll<\/strong><\/p>\n<p>12 par<\/p>\n<p><a href=\"\/wysiwyg\/PDF\/Produktdatablad_ES4005-0090.pdf\" target=\"_blank\" rel=\"noopener\">Produktdatablad<\/a><\/p>\n<p>&nbsp;<\/p>\n","protected":false},"excerpt":{"rendered":"<p>Halvtdoppat nitrilhandske, Odinflex, svart, lycra \u00f6verdel, lycra, nitril Tunn smidig handske med god passform. F\u00e4rg indikation av storlekar. str.9 = L str. 10 = XL str. 11 = XXL Inneh\u00e5ll 12 par Produktdatablad &nbsp;<\/p>\n","protected":false},"featured_media":20951,"template":"","meta":{"_seopress_robots_primary_cat":"","_seopress_titles_title":"","_seopress_titles_desc":"","_seopress_robots_index":"","_mo_disable_npp":""},"product_brand":[],"product_cat":[2225,2210],"product_tag":[],"display":[],"carmodels":[],"brands":[],"class_list":{"0":"post-12619","1":"product","2":"type-product","3":"status-publish","4":"has-post-thumbnail","6":"product_cat-flexhandsker-sv","7":"product_cat-handsker-sv","9":"first","10":"instock","11":"taxable","12":"shipping-taxable","13":"purchasable","14":"product-type-variable"},"tiered_pricing_type":"fixed","tiered_pricing_fixed_rules":[],"tiered_pricing_product_settings":{"layout":"default","base_unit_name":{"singular":null,"plural":null},"default_variation":null},"tiered_pricing_minimum_quantity":null,"tiered_pricing_roles_data":[],"tiered_pricing_percentage_rules":[],"_links":{"self":[{"href":"https:\/\/e-parts.dk\/sv\/wp-json\/wp\/v2\/product\/12619","targetHints":{"allow":["GET"]}}],"collection":[{"href":"https:\/\/e-parts.dk\/sv\/wp-json\/wp\/v2\/product"}],"about":[{"href":"https:\/\/e-parts.dk\/sv\/wp-json\/wp\/v2\/types\/product"}],"wp:featuredmedia":[{"embeddable":true,"href":"https:\/\/e-parts.dk\/sv\/wp-json\/wp\/v2\/media\/20951"}],"wp:attachment":[{"href":"https:\/\/e-parts.dk\/sv\/wp-json\/wp\/v2\/media?parent=12619"}],"wp:term":[{"taxonomy":"product_brand","embeddable":true,"href":"https:\/\/e-parts.dk\/sv\/wp-json\/wp\/v2\/product_brand?post=12619"},{"taxonomy":"product_cat","embeddable":true,"href":"https:\/\/e-parts.dk\/sv\/wp-json\/wp\/v2\/product_cat?post=12619"},{"taxonomy":"product_tag","embeddable":true,"href":"https:\/\/e-parts.dk\/sv\/wp-json\/wp\/v2\/product_tag?post=12619"},{"taxonomy":"display","embeddable":true,"href":"https:\/\/e-parts.dk\/sv\/wp-json\/wp\/v2\/display?post=12619"},{"taxonomy":"carmodels","embeddable":true,"href":"https:\/\/e-parts.dk\/sv\/wp-json\/wp\/v2\/carmodels?post=12619"},{"taxonomy":"brands","embeddable":true,"href":"https:\/\/e-parts.dk\/sv\/wp-json\/wp\/v2\/brands?post=12619"}],"curies":[{"name":"wp","href":"https:\/\/api.w.org\/{rel}","templated":true}]}}