{"id":1211,"date":"2016-09-07T02:11:09","date_gmt":"2016-09-07T00:11:09","guid":{"rendered":"https:\/\/e-parts.dk\/?product=cubitron-ii"},"modified":"2023-06-15T18:58:45","modified_gmt":"2023-06-15T16:58:45","slug":"cubitron-ii-2","status":"publish","type":"product","link":"https:\/\/e-parts.dk\/sv\/vare\/cubitron-ii-2\/","title":{"rendered":"Cubitron II"},"content":{"rendered":"<p>Cubitron\u2122 II Fiberrondeller er belagt med 3M&#8217;s nye revolutionerende pr\u00e6cisionsformede keramiske mineralteknologi med ultraskarpe, hurtigsk\u00e6rende mineraler, der brydes j\u00e6vnt og giver et k\u00f8ligt sk\u00e6r for en optimal levetid.<\/p>\n<div class=\"moredesc\" style=\"display: inline;\">\n<div class=\"curtaininner\">\n<p>Den exceptionelle lange levetid og h\u00f8jere sk\u00e6rehastighed ved lavere arbejdstryk giver dig: <br \/>\u2022 Forbedret produktivitet <br \/>\u2022 Et mere komfortabelt arbejdsmilj\u00f8 <br \/>\u2022 En lettere slibning <br \/>\u2022 F\u00e6rre totale slibeomkostninger<\/p>\n<p>\u00a0<\/p>\n<\/div>\n<\/div>\n<p><strong>Indhold<\/strong><\/p>\n<p>1 kasse med 50 ark<\/p>\n","protected":false},"excerpt":{"rendered":"<p>Cubitron\u2122 II Fiberrondeller er belagt med 3M&#8217;s nye revolutionerende pr\u00e6cisionsformede keramiske mineralteknologi med ultraskarpe, hurtigsk\u00e6rende mineraler, der brydes j\u00e6vnt og giver et k\u00f8ligt sk\u00e6r for en optimal levetid. Den exceptionelle lange levetid og h\u00f8jere sk\u00e6rehastighed ved lavere arbejdstryk giver dig: \u2022 Forbedret produktivitet \u2022 Et mere komfortabelt arbejdsmilj\u00f8 \u2022 En lettere slibning \u2022 F\u00e6rre totale [&hellip;]<\/p>\n","protected":false},"featured_media":17800,"template":"","meta":{"_seopress_robots_primary_cat":"","_seopress_titles_title":"","_seopress_titles_desc":"","_seopress_robots_index":"","_mo_disable_npp":"","iawp_total_views":0},"product_brand":[],"product_cat":[2725,2305,2320],"product_tag":[],"display":[],"carmodels":[],"brands":[],"class_list":{"0":"post-1211","1":"product","2":"type-product","3":"status-publish","4":"has-post-thumbnail","6":"product_cat-aktuella-erbjudanden","7":"product_cat-klargoring-sv","8":"product_cat-slib-spartel-poler-sv","10":"first","11":"onbackorder","12":"sale","13":"taxable","14":"shipping-taxable","15":"purchasable","16":"product-type-simple"},"tiered_pricing_type":"fixed","tiered_pricing_fixed_rules":[],"tiered_pricing_product_settings":{"layout":"default","base_unit_name":{"singular":null,"plural":null},"default_variation":null},"tiered_pricing_minimum_quantity":null,"tiered_pricing_roles_data":[],"tiered_pricing_percentage_rules":[],"_links":{"self":[{"href":"https:\/\/e-parts.dk\/sv\/wp-json\/wp\/v2\/product\/1211","targetHints":{"allow":["GET"]}}],"collection":[{"href":"https:\/\/e-parts.dk\/sv\/wp-json\/wp\/v2\/product"}],"about":[{"href":"https:\/\/e-parts.dk\/sv\/wp-json\/wp\/v2\/types\/product"}],"wp:featuredmedia":[{"embeddable":true,"href":"https:\/\/e-parts.dk\/sv\/wp-json\/wp\/v2\/media\/17800"}],"wp:attachment":[{"href":"https:\/\/e-parts.dk\/sv\/wp-json\/wp\/v2\/media?parent=1211"}],"wp:term":[{"taxonomy":"product_brand","embeddable":true,"href":"https:\/\/e-parts.dk\/sv\/wp-json\/wp\/v2\/product_brand?post=1211"},{"taxonomy":"product_cat","embeddable":true,"href":"https:\/\/e-parts.dk\/sv\/wp-json\/wp\/v2\/product_cat?post=1211"},{"taxonomy":"product_tag","embeddable":true,"href":"https:\/\/e-parts.dk\/sv\/wp-json\/wp\/v2\/product_tag?post=1211"},{"taxonomy":"display","embeddable":true,"href":"https:\/\/e-parts.dk\/sv\/wp-json\/wp\/v2\/display?post=1211"},{"taxonomy":"carmodels","embeddable":true,"href":"https:\/\/e-parts.dk\/sv\/wp-json\/wp\/v2\/carmodels?post=1211"},{"taxonomy":"brands","embeddable":true,"href":"https:\/\/e-parts.dk\/sv\/wp-json\/wp\/v2\/brands?post=1211"}],"curies":[{"name":"wp","href":"https:\/\/api.w.org\/{rel}","templated":true}]}}