{"id":12066,"date":"2017-01-28T03:19:52","date_gmt":"2017-01-28T02:19:52","guid":{"rendered":"https:\/\/e-parts.dk\/?product=zink-afbalanceringsvaegt"},"modified":"2024-12-01T00:01:09","modified_gmt":"2024-11-30T23:01:09","slug":"zink-afbalanceringsvaegt-7","status":"publish","type":"product","link":"https:\/\/e-parts.dk\/sv\/vare\/zink-afbalanceringsvaegt-7\/","title":{"rendered":"Zink v\u00e6gte, 30g"},"content":{"rendered":"<p>Til st\u00e5lf\u00e6lge, 30 gram<\/p>\n<p><strong>Indhold<\/strong> <br \/>1 pakke med 100 stk.<\/p>\n","protected":false},"excerpt":{"rendered":"<p>Til st\u00e5lf\u00e6lge, 30 gram Indhold 1 pakke med 100 stk.<\/p>\n","protected":false},"featured_media":20736,"template":"","meta":{"_seopress_robots_primary_cat":"","_seopress_titles_title":"","_seopress_titles_desc":"","_seopress_robots_index":"","_mo_disable_npp":""},"product_brand":[],"product_cat":[2175,2185],"product_tag":[],"display":[],"carmodels":[],"brands":[],"class_list":{"0":"post-12066","1":"product","2":"type-product","3":"status-publish","4":"has-post-thumbnail","6":"product_cat-daekmaterialer-sv","7":"product_cat-afbalanceringsvaegte-stalfaelge-sv","9":"first","10":"instock","11":"taxable","12":"shipping-taxable","13":"product-type-simple"},"tiered_pricing_type":"fixed","tiered_pricing_fixed_rules":[],"tiered_pricing_product_settings":{"layout":"default","base_unit_name":{"singular":null,"plural":null},"default_variation":null},"tiered_pricing_minimum_quantity":null,"tiered_pricing_roles_data":[],"tiered_pricing_percentage_rules":[],"_links":{"self":[{"href":"https:\/\/e-parts.dk\/sv\/wp-json\/wp\/v2\/product\/12066","targetHints":{"allow":["GET"]}}],"collection":[{"href":"https:\/\/e-parts.dk\/sv\/wp-json\/wp\/v2\/product"}],"about":[{"href":"https:\/\/e-parts.dk\/sv\/wp-json\/wp\/v2\/types\/product"}],"wp:featuredmedia":[{"embeddable":true,"href":"https:\/\/e-parts.dk\/sv\/wp-json\/wp\/v2\/media\/20736"}],"wp:attachment":[{"href":"https:\/\/e-parts.dk\/sv\/wp-json\/wp\/v2\/media?parent=12066"}],"wp:term":[{"taxonomy":"product_brand","embeddable":true,"href":"https:\/\/e-parts.dk\/sv\/wp-json\/wp\/v2\/product_brand?post=12066"},{"taxonomy":"product_cat","embeddable":true,"href":"https:\/\/e-parts.dk\/sv\/wp-json\/wp\/v2\/product_cat?post=12066"},{"taxonomy":"product_tag","embeddable":true,"href":"https:\/\/e-parts.dk\/sv\/wp-json\/wp\/v2\/product_tag?post=12066"},{"taxonomy":"display","embeddable":true,"href":"https:\/\/e-parts.dk\/sv\/wp-json\/wp\/v2\/display?post=12066"},{"taxonomy":"carmodels","embeddable":true,"href":"https:\/\/e-parts.dk\/sv\/wp-json\/wp\/v2\/carmodels?post=12066"},{"taxonomy":"brands","embeddable":true,"href":"https:\/\/e-parts.dk\/sv\/wp-json\/wp\/v2\/brands?post=12066"}],"curies":[{"name":"wp","href":"https:\/\/api.w.org\/{rel}","templated":true}]}}