{"id":11951,"date":"2017-02-07T23:19:22","date_gmt":"2017-02-07T22:19:22","guid":{"rendered":"https:\/\/e-parts.dk\/?product=jakke-kansas"},"modified":"2023-06-15T19:00:58","modified_gmt":"2023-06-15T17:00:58","slug":"jakke-kansas","status":"publish","type":"product","link":"https:\/\/e-parts.dk\/sv\/vare\/jakke-kansas\/","title":{"rendered":"Jakke, Kansas"},"content":{"rendered":"<p><strong>Indhold<\/strong> <br \/>1 stk.<\/p>\n<p><strong>Beskrivelse<\/strong><\/p>\n<p><strong><\/strong>Kansas tofarvet, bomuldsjakke<\/p>\n<ul>\n<li>kontraststikninger, knapper foran med overfald,<\/li>\n<li>formsk\u00e5rne \u00e6rmer, justerbare talje og manchetterrefleksvinger<\/li>\n<li>to brystlommer med inderlomme og klap, mobillomme med lynl\u00e5s og overfald<\/li>\n<li>diagonalt snit foran med integrerede sidelommer med inderlomme.<\/li>\n<\/ul>\n<p>MATERIALE: 100% bomuld.\u00a0<\/p>\n<p> FARVER: Marine\/kongebl\u00e5, Gr\u00e5\/sort.<\/p>\n<p> STR. S\u20132XL. hvis 3XL-4XL \u00f8nskes kontakt da kundeservice.<\/p>\n","protected":false},"excerpt":{"rendered":"<p>Indhold 1 stk. Beskrivelse Kansas tofarvet, bomuldsjakke kontraststikninger, knapper foran med overfald, formsk\u00e5rne \u00e6rmer, justerbare talje og manchetterrefleksvinger to brystlommer med inderlomme og klap, mobillomme med lynl\u00e5s og overfald diagonalt snit foran med integrerede sidelommer med inderlomme. MATERIALE: 100% bomuld.\u00a0 FARVER: Marine\/kongebl\u00e5, Gr\u00e5\/sort. STR. S\u20132XL. hvis 3XL-4XL \u00f8nskes kontakt da kundeservice.<\/p>\n","protected":false},"featured_media":17261,"template":"","meta":{"_seopress_robots_primary_cat":"","_seopress_titles_title":"","_seopress_titles_desc":"","_seopress_robots_index":"","_mo_disable_npp":""},"product_brand":[],"product_cat":[2110,2105],"product_tag":[],"display":[],"carmodels":[],"brands":[],"class_list":{"0":"post-11951","1":"product","2":"type-product","3":"status-publish","4":"has-post-thumbnail","6":"product_cat-arbejdstoj-sv","7":"product_cat-beklaedning-sv","9":"first","10":"onbackorder","11":"taxable","12":"shipping-taxable","13":"purchasable","14":"product-type-simple"},"tiered_pricing_type":"fixed","tiered_pricing_fixed_rules":[],"tiered_pricing_product_settings":{"layout":"default","base_unit_name":{"singular":null,"plural":null},"default_variation":null},"tiered_pricing_minimum_quantity":null,"tiered_pricing_roles_data":[],"tiered_pricing_percentage_rules":[],"_links":{"self":[{"href":"https:\/\/e-parts.dk\/sv\/wp-json\/wp\/v2\/product\/11951","targetHints":{"allow":["GET"]}}],"collection":[{"href":"https:\/\/e-parts.dk\/sv\/wp-json\/wp\/v2\/product"}],"about":[{"href":"https:\/\/e-parts.dk\/sv\/wp-json\/wp\/v2\/types\/product"}],"wp:featuredmedia":[{"embeddable":true,"href":"https:\/\/e-parts.dk\/sv\/wp-json\/wp\/v2\/media\/17261"}],"wp:attachment":[{"href":"https:\/\/e-parts.dk\/sv\/wp-json\/wp\/v2\/media?parent=11951"}],"wp:term":[{"taxonomy":"product_brand","embeddable":true,"href":"https:\/\/e-parts.dk\/sv\/wp-json\/wp\/v2\/product_brand?post=11951"},{"taxonomy":"product_cat","embeddable":true,"href":"https:\/\/e-parts.dk\/sv\/wp-json\/wp\/v2\/product_cat?post=11951"},{"taxonomy":"product_tag","embeddable":true,"href":"https:\/\/e-parts.dk\/sv\/wp-json\/wp\/v2\/product_tag?post=11951"},{"taxonomy":"display","embeddable":true,"href":"https:\/\/e-parts.dk\/sv\/wp-json\/wp\/v2\/display?post=11951"},{"taxonomy":"carmodels","embeddable":true,"href":"https:\/\/e-parts.dk\/sv\/wp-json\/wp\/v2\/carmodels?post=11951"},{"taxonomy":"brands","embeddable":true,"href":"https:\/\/e-parts.dk\/sv\/wp-json\/wp\/v2\/brands?post=11951"}],"curies":[{"name":"wp","href":"https:\/\/api.w.org\/{rel}","templated":true}]}}