{"id":11906,"date":"2017-02-07T09:19:12","date_gmt":"2017-02-07T08:19:12","guid":{"rendered":"https:\/\/e-parts.dk\/?product=bremse-universalrens"},"modified":"2023-06-15T19:00:56","modified_gmt":"2023-06-15T17:00:56","slug":"bremse-universalrens-2","status":"publish","type":"product","link":"https:\/\/e-parts.dk\/sv\/vare\/bremse-universalrens-2\/","title":{"rendered":"Bremse\/Universalrens"},"content":{"rendered":"<p>Alkalisk affedtning<\/p>\n<p><strong>Indhold<\/strong> <br \/>20 L<\/p>\n<p><strong>Anvendelse<br \/><\/strong><span style=\"font-size: 13px;\">Universalt, alkalisk reng\u00f8rings- og affedtningsmiddel som benyttes til at fjerne organiske urenheder som f.eks. fedt, olie, bel\u00e6gninger, film m.m. blandes i en koncentration som er tilpasset den enkelte reng\u00f8ringsopgave. Som p\u00e5f\u00f8ringsmiddel kan anvendes pensel, svamp eller spray. Efter en kort ventetid afvaskes overfladen med vand, hvorefter overfladen fremst\u00e5r ren.<\/span><\/p>\n<p><span style=\"font-size: 13px;\"><strong>Download<\/strong><br \/><a title=\"Sikkerhedsdatablad ES4250-0012.pdf\" href=\"\/wysiwyg\/PDF\/Sikkerhedsdatablad_ES4250-0012_1.pdf\" target=\"_blank\" rel=\"noopener\">Sikkerhedsdatablad<\/a><br \/><\/span><\/p>\n","protected":false},"excerpt":{"rendered":"<p>Alkalisk affedtning Indhold 20 L AnvendelseUniversalt, alkalisk reng\u00f8rings- og affedtningsmiddel som benyttes til at fjerne organiske urenheder som f.eks. fedt, olie, bel\u00e6gninger, film m.m. blandes i en koncentration som er tilpasset den enkelte reng\u00f8ringsopgave. Som p\u00e5f\u00f8ringsmiddel kan anvendes pensel, svamp eller spray. Efter en kort ventetid afvaskes overfladen med vand, hvorefter overfladen fremst\u00e5r ren. DownloadSikkerhedsdatablad<\/p>\n","protected":false},"featured_media":11904,"template":"","meta":{"_seopress_robots_primary_cat":"","_seopress_titles_title":"","_seopress_titles_desc":"","_seopress_robots_index":"","_mo_disable_npp":"","iawp_total_views":0},"product_brand":[],"product_cat":[2425,2420],"product_tag":[],"display":[],"carmodels":[],"brands":[],"class_list":{"0":"post-11906","1":"product","2":"type-product","3":"status-publish","4":"has-post-thumbnail","6":"product_cat-affedtning-rens-sv","7":"product_cat-vaesker-sv","9":"first","10":"instock","11":"taxable","12":"shipping-taxable","13":"purchasable","14":"product-type-simple"},"tiered_pricing_type":"fixed","tiered_pricing_fixed_rules":[],"tiered_pricing_product_settings":{"layout":"default","base_unit_name":{"singular":null,"plural":null},"default_variation":null},"tiered_pricing_minimum_quantity":null,"tiered_pricing_roles_data":[],"tiered_pricing_percentage_rules":[],"_links":{"self":[{"href":"https:\/\/e-parts.dk\/sv\/wp-json\/wp\/v2\/product\/11906","targetHints":{"allow":["GET"]}}],"collection":[{"href":"https:\/\/e-parts.dk\/sv\/wp-json\/wp\/v2\/product"}],"about":[{"href":"https:\/\/e-parts.dk\/sv\/wp-json\/wp\/v2\/types\/product"}],"wp:featuredmedia":[{"embeddable":true,"href":"https:\/\/e-parts.dk\/sv\/wp-json\/wp\/v2\/media\/11904"}],"wp:attachment":[{"href":"https:\/\/e-parts.dk\/sv\/wp-json\/wp\/v2\/media?parent=11906"}],"wp:term":[{"taxonomy":"product_brand","embeddable":true,"href":"https:\/\/e-parts.dk\/sv\/wp-json\/wp\/v2\/product_brand?post=11906"},{"taxonomy":"product_cat","embeddable":true,"href":"https:\/\/e-parts.dk\/sv\/wp-json\/wp\/v2\/product_cat?post=11906"},{"taxonomy":"product_tag","embeddable":true,"href":"https:\/\/e-parts.dk\/sv\/wp-json\/wp\/v2\/product_tag?post=11906"},{"taxonomy":"display","embeddable":true,"href":"https:\/\/e-parts.dk\/sv\/wp-json\/wp\/v2\/display?post=11906"},{"taxonomy":"carmodels","embeddable":true,"href":"https:\/\/e-parts.dk\/sv\/wp-json\/wp\/v2\/carmodels?post=11906"},{"taxonomy":"brands","embeddable":true,"href":"https:\/\/e-parts.dk\/sv\/wp-json\/wp\/v2\/brands?post=11906"}],"curies":[{"name":"wp","href":"https:\/\/api.w.org\/{rel}","templated":true}]}}