{"id":11686,"date":"2017-02-07T00:18:46","date_gmt":"2017-02-06T23:18:46","guid":{"rendered":"https:\/\/e-parts.dk\/?product=fejekost"},"modified":"2023-06-15T19:00:51","modified_gmt":"2023-06-15T17:00:51","slug":"fejekost","status":"publish","type":"product","link":"https:\/\/e-parts.dk\/sv\/vare\/fejekost\/","title":{"rendered":"Fejekost"},"content":{"rendered":"<p>Vikan classic, medium med socket<\/p>\n<p><strong>Indhold<\/strong> <br \/>1 stk.<\/p>\n<p><strong>Anvendelse<\/strong><\/p>\n<ul>\n<li>Fejekost med god fejeevne<\/li>\n<li>God til st\u00f8v og st\u00f8rre partikler p\u00e5 glatte cement- og klinkegulve i lager og v\u00e6rkstedslokaler<\/li>\n<li>Uden skaft<\/li>\n<\/ul>\n<p><strong>Download<\/strong><br \/><a title=\"Produktdatablad ES4005-0019.pdf\" href=\"\/wysiwyg\/PDF\/Produktdatablad_ES4005-0019_1.pdf\" target=\"_blank\" rel=\"noopener\">Produktdatablad<\/a><\/p>\n","protected":false},"excerpt":{"rendered":"<p>Vikan classic, medium med socket Indhold 1 stk. Anvendelse Fejekost med god fejeevne God til st\u00f8v og st\u00f8rre partikler p\u00e5 glatte cement- og klinkegulve i lager og v\u00e6rkstedslokaler Uden skaft DownloadProduktdatablad<\/p>\n","protected":false},"featured_media":11684,"template":"","meta":{"_seopress_robots_primary_cat":"","_seopress_titles_title":"","_seopress_titles_desc":"","_seopress_robots_index":"","_mo_disable_npp":"","iawp_total_views":0},"product_brand":[],"product_cat":[2415,2400],"product_tag":[],"display":[],"carmodels":[],"brands":[],"class_list":{"0":"post-11686","1":"product","2":"type-product","3":"status-publish","4":"has-post-thumbnail","6":"product_cat-gulvvask-sv","7":"product_cat-vask-sv","9":"first","10":"instock","11":"taxable","12":"shipping-taxable","13":"purchasable","14":"product-type-simple"},"tiered_pricing_type":"fixed","tiered_pricing_fixed_rules":[],"tiered_pricing_product_settings":{"layout":"default","base_unit_name":{"singular":null,"plural":null},"default_variation":null},"tiered_pricing_minimum_quantity":null,"tiered_pricing_roles_data":[],"tiered_pricing_percentage_rules":[],"_links":{"self":[{"href":"https:\/\/e-parts.dk\/sv\/wp-json\/wp\/v2\/product\/11686","targetHints":{"allow":["GET"]}}],"collection":[{"href":"https:\/\/e-parts.dk\/sv\/wp-json\/wp\/v2\/product"}],"about":[{"href":"https:\/\/e-parts.dk\/sv\/wp-json\/wp\/v2\/types\/product"}],"wp:featuredmedia":[{"embeddable":true,"href":"https:\/\/e-parts.dk\/sv\/wp-json\/wp\/v2\/media\/11684"}],"wp:attachment":[{"href":"https:\/\/e-parts.dk\/sv\/wp-json\/wp\/v2\/media?parent=11686"}],"wp:term":[{"taxonomy":"product_brand","embeddable":true,"href":"https:\/\/e-parts.dk\/sv\/wp-json\/wp\/v2\/product_brand?post=11686"},{"taxonomy":"product_cat","embeddable":true,"href":"https:\/\/e-parts.dk\/sv\/wp-json\/wp\/v2\/product_cat?post=11686"},{"taxonomy":"product_tag","embeddable":true,"href":"https:\/\/e-parts.dk\/sv\/wp-json\/wp\/v2\/product_tag?post=11686"},{"taxonomy":"display","embeddable":true,"href":"https:\/\/e-parts.dk\/sv\/wp-json\/wp\/v2\/display?post=11686"},{"taxonomy":"carmodels","embeddable":true,"href":"https:\/\/e-parts.dk\/sv\/wp-json\/wp\/v2\/carmodels?post=11686"},{"taxonomy":"brands","embeddable":true,"href":"https:\/\/e-parts.dk\/sv\/wp-json\/wp\/v2\/brands?post=11686"}],"curies":[{"name":"wp","href":"https:\/\/api.w.org\/{rel}","templated":true}]}}