{"id":11666,"date":"2017-02-07T19:18:43","date_gmt":"2017-02-07T18:18:43","guid":{"rendered":"https:\/\/e-parts.dk\/?product=autoborste"},"modified":"2023-06-15T19:00:51","modified_gmt":"2023-06-15T17:00:51","slug":"autoborste-3","status":"publish","type":"product","link":"https:\/\/e-parts.dk\/sv\/vare\/autoborste-3\/","title":{"rendered":"Autob\u00f8rste"},"content":{"rendered":"<p>Vikan transport, langt skaft, bl\u00f8de\/spaltede b\u00f8rster<\/p>\n<p><strong>Indhold<\/strong> <br \/>1 stk.<\/p>\n<p><strong>Anvendelse<\/strong> <br \/>Det lange skaft g\u00f8r b\u00f8rsten specielt velegnet til reng\u00f8ring af maskiner, store spande og kar.<\/p>\n<p><strong>Download<\/strong><br \/><a title=\"Produktdatablad ES4005-0015.pdf\" href=\"\/wysiwyg\/PDF\/Produktdatablad_ES4005-0015_1.pdf\" target=\"_blank\" rel=\"noopener\">Produktdatablad<\/a><\/p>\n","protected":false},"excerpt":{"rendered":"<p>Vikan transport, langt skaft, bl\u00f8de\/spaltede b\u00f8rster Indhold 1 stk. Anvendelse Det lange skaft g\u00f8r b\u00f8rsten specielt velegnet til reng\u00f8ring af maskiner, store spande og kar. DownloadProduktdatablad<\/p>\n","protected":false},"featured_media":11664,"template":"","meta":{"_seopress_robots_primary_cat":"","_seopress_titles_title":"","_seopress_titles_desc":"","_seopress_robots_index":"","_mo_disable_npp":"","iawp_total_views":0},"product_brand":[],"product_cat":[2410,2400],"product_tag":[],"display":[],"carmodels":[],"brands":[],"class_list":{"0":"post-11666","1":"product","2":"type-product","3":"status-publish","4":"has-post-thumbnail","6":"product_cat-borster-sv","7":"product_cat-vask-sv","9":"first","10":"instock","11":"taxable","12":"shipping-taxable","13":"purchasable","14":"product-type-simple"},"tiered_pricing_type":"fixed","tiered_pricing_fixed_rules":[],"tiered_pricing_product_settings":{"layout":"default","base_unit_name":{"singular":null,"plural":null},"default_variation":null},"tiered_pricing_minimum_quantity":null,"tiered_pricing_roles_data":[],"tiered_pricing_percentage_rules":[],"_links":{"self":[{"href":"https:\/\/e-parts.dk\/sv\/wp-json\/wp\/v2\/product\/11666","targetHints":{"allow":["GET"]}}],"collection":[{"href":"https:\/\/e-parts.dk\/sv\/wp-json\/wp\/v2\/product"}],"about":[{"href":"https:\/\/e-parts.dk\/sv\/wp-json\/wp\/v2\/types\/product"}],"wp:featuredmedia":[{"embeddable":true,"href":"https:\/\/e-parts.dk\/sv\/wp-json\/wp\/v2\/media\/11664"}],"wp:attachment":[{"href":"https:\/\/e-parts.dk\/sv\/wp-json\/wp\/v2\/media?parent=11666"}],"wp:term":[{"taxonomy":"product_brand","embeddable":true,"href":"https:\/\/e-parts.dk\/sv\/wp-json\/wp\/v2\/product_brand?post=11666"},{"taxonomy":"product_cat","embeddable":true,"href":"https:\/\/e-parts.dk\/sv\/wp-json\/wp\/v2\/product_cat?post=11666"},{"taxonomy":"product_tag","embeddable":true,"href":"https:\/\/e-parts.dk\/sv\/wp-json\/wp\/v2\/product_tag?post=11666"},{"taxonomy":"display","embeddable":true,"href":"https:\/\/e-parts.dk\/sv\/wp-json\/wp\/v2\/display?post=11666"},{"taxonomy":"carmodels","embeddable":true,"href":"https:\/\/e-parts.dk\/sv\/wp-json\/wp\/v2\/carmodels?post=11666"},{"taxonomy":"brands","embeddable":true,"href":"https:\/\/e-parts.dk\/sv\/wp-json\/wp\/v2\/brands?post=11666"}],"curies":[{"name":"wp","href":"https:\/\/api.w.org\/{rel}","templated":true}]}}