{"id":1141,"date":"2016-09-07T02:10:47","date_gmt":"2016-09-07T00:10:47","guid":{"rendered":"https:\/\/e-parts.dk\/?product=gaffatape"},"modified":"2023-06-15T18:58:44","modified_gmt":"2023-06-15T16:58:44","slug":"gaffatape","status":"publish","type":"product","link":"https:\/\/e-parts.dk\/sv\/vare\/gaffatape\/","title":{"rendered":"Gaffatape"},"content":{"rendered":"<p>St\u00e6rk ducttape. Den best\u00e5r af et b\u00e6remateriale af PET\/bomuld med en v\u00e6vst\u00e6thed p\u00e5 27, der er belagt med en naturgummikl\u00e6ber. <\/p>\n<p>Egenskaber:<\/p>\n<ul>\n<li>fremragende vedh\u00e6ftning, selv p\u00e5 r\u00e5 og st\u00f8vede overflader (f.eks. mursten og tr\u00e6)<\/li>\n<li>vandafvisende<\/li>\n<li>tilpasningsvenligt<\/li>\n<\/ul>\n<div class=\"list-box-product\">\n<div><strong class=\"title\">Anvendelser<\/strong><\/p>\n<ul>\n<li>Forsegling af r\u00f8r og ventilationskanaler<\/li>\n<li>Fastg\u00f8ring af konstruktions- og beskyttelsesfilm<\/li>\n<li>Lukning af d\u00e6kkende folier<\/li>\n<li>Anvendelse p\u00e5 mursten og tr\u00e6<\/li>\n<li>Fastg\u00f8relse, lukning, indpakning og meget mere!<\/li>\n<\/ul>\n<\/div>\n<\/div>\n","protected":false},"excerpt":{"rendered":"<p>St\u00e6rk ducttape. Den best\u00e5r af et b\u00e6remateriale af PET\/bomuld med en v\u00e6vst\u00e6thed p\u00e5 27, der er belagt med en naturgummikl\u00e6ber. Egenskaber: fremragende vedh\u00e6ftning, selv p\u00e5 r\u00e5 og st\u00f8vede overflader (f.eks. mursten og tr\u00e6) vandafvisende tilpasningsvenligt Anvendelser Forsegling af r\u00f8r og ventilationskanaler Fastg\u00f8ring af konstruktions- og beskyttelsesfilm Lukning af d\u00e6kkende folier Anvendelse p\u00e5 mursten og tr\u00e6 [&hellip;]<\/p>\n","protected":false},"featured_media":1139,"template":"","meta":{"_seopress_robots_primary_cat":"","_seopress_titles_title":"","_seopress_titles_desc":"","_seopress_robots_index":"","_mo_disable_npp":"","iawp_total_views":0},"product_brand":[],"product_cat":[2305,2325],"product_tag":[],"display":[],"carmodels":[],"brands":[],"class_list":{"0":"post-1141","1":"product","2":"type-product","3":"status-publish","4":"has-post-thumbnail","6":"product_cat-klargoring-sv","7":"product_cat-tape-afdaekning-sv","9":"first","10":"instock","11":"taxable","12":"shipping-taxable","13":"purchasable","14":"product-type-simple"},"tiered_pricing_type":"fixed","tiered_pricing_fixed_rules":[],"tiered_pricing_product_settings":{"layout":"default","base_unit_name":{"singular":null,"plural":null},"default_variation":null},"tiered_pricing_minimum_quantity":null,"tiered_pricing_roles_data":[],"tiered_pricing_percentage_rules":[],"_links":{"self":[{"href":"https:\/\/e-parts.dk\/sv\/wp-json\/wp\/v2\/product\/1141","targetHints":{"allow":["GET"]}}],"collection":[{"href":"https:\/\/e-parts.dk\/sv\/wp-json\/wp\/v2\/product"}],"about":[{"href":"https:\/\/e-parts.dk\/sv\/wp-json\/wp\/v2\/types\/product"}],"wp:featuredmedia":[{"embeddable":true,"href":"https:\/\/e-parts.dk\/sv\/wp-json\/wp\/v2\/media\/1139"}],"wp:attachment":[{"href":"https:\/\/e-parts.dk\/sv\/wp-json\/wp\/v2\/media?parent=1141"}],"wp:term":[{"taxonomy":"product_brand","embeddable":true,"href":"https:\/\/e-parts.dk\/sv\/wp-json\/wp\/v2\/product_brand?post=1141"},{"taxonomy":"product_cat","embeddable":true,"href":"https:\/\/e-parts.dk\/sv\/wp-json\/wp\/v2\/product_cat?post=1141"},{"taxonomy":"product_tag","embeddable":true,"href":"https:\/\/e-parts.dk\/sv\/wp-json\/wp\/v2\/product_tag?post=1141"},{"taxonomy":"display","embeddable":true,"href":"https:\/\/e-parts.dk\/sv\/wp-json\/wp\/v2\/display?post=1141"},{"taxonomy":"carmodels","embeddable":true,"href":"https:\/\/e-parts.dk\/sv\/wp-json\/wp\/v2\/carmodels?post=1141"},{"taxonomy":"brands","embeddable":true,"href":"https:\/\/e-parts.dk\/sv\/wp-json\/wp\/v2\/brands?post=1141"}],"curies":[{"name":"wp","href":"https:\/\/api.w.org\/{rel}","templated":true}]}}