{"id":353,"date":"2017-02-09T18:02:39","date_gmt":"2017-02-09T17:02:39","guid":{"rendered":"https:\/\/e-parts.dk?p=353"},"modified":"2023-02-01T11:38:45","modified_gmt":"2023-02-01T10:38:45","slug":"torkarblade","status":"publish","type":"page","link":"https:\/\/e-parts.dk\/sv\/torkarblade\/","title":{"rendered":"Torkarblade"},"content":{"rendered":"<p>Det finns ett hav av olika torkarblad av skiftande kvalitet och till olika priser. De billiga k\u00e4nnetecknas av en ofta tvivelaktig kvalitet p\u00e5 gummit, vilket m\u00e4rks p\u00e5 den korta h\u00e5llbarheten samt den d\u00e5liga motst\u00e5ndskraften mot olika v\u00e4dertyper. P\u00e5 de billiga torkarbladen anv\u00e4nds ofta en plastram. Detta g\u00f6r att trycket p\u00e5 rutan blir oj\u00e4mnt eller f\u00f6r h\u00f6gt \u2013 resultatet blir att torkarbladet l\u00e4mnar streck p\u00e5 rutan eller inte &#8221;v\u00e4nder gummit&#8221; och d\u00e5 gnisslar.<\/p>\n<p>P\u00e5 de dyrare torkarbladen anv\u00e4nds en bra gummikvalitet och metallram. N\u00e4r man anv\u00e4nder dem m\u00e4rker man att torkarbladet torkar av rutan bra utan att det gnisslar. Det enda negativa \u00e4r det h\u00f6ga priset.<\/p>\n<p>Vid tillverkning av e-parts torkarblad anv\u00e4nds en h\u00f6gkvalitativ gummikvalitet som monteras i en metallram. Vi har testat torkarbladet p\u00e5 v\u00e5ra egna bilar under flera \u00e5r och kan garantera att kvaliteten \u00e4r den h\u00f6gsta m\u00f6jliga. e-parts torkarblad \u00e4r gnisselfria, torkar bra och har l\u00e5ng h\u00e5llbarhet.<\/p>\n<p>Priserna p\u00e5 e-parts torkarblad \u00e4r konkurrenskraftiga med priser fr\u00e5n bara SKR 31,00. Det \u00e4r alltid l\u00e4tt att hitta e-parts torkarblad, eftersom vi valt att ange m\u00e5ttet p\u00e5 torkarbladets l\u00e4ngd i best\u00e4llningsnumret. Ett torkarblad med en l\u00e4ngd p\u00e5 50 cm heter t.ex. \u201cWIPE 00 500\u201d hos oss.<\/p>\n","protected":false},"excerpt":{"rendered":"<p>Det finns ett hav av olika torkarblad av skiftande kvalitet och till olika priser. De billiga k\u00e4nnetecknas av en ofta tvivelaktig kvalitet p\u00e5 gummit, vilket m\u00e4rks p\u00e5 den korta h\u00e5llbarheten samt den d\u00e5liga motst\u00e5ndskraften mot olika v\u00e4dertyper. P\u00e5 de billiga torkarbladen anv\u00e4nds ofta en plastram. Detta g\u00f6r att trycket p\u00e5 rutan blir oj\u00e4mnt eller f\u00f6r [&hellip;]<\/p>\n","protected":false},"author":1,"featured_media":0,"parent":0,"menu_order":0,"comment_status":"closed","ping_status":"closed","template":"","meta":{"_seopress_robots_primary_cat":"","_seopress_titles_title":"","_seopress_titles_desc":"","_seopress_robots_index":"","_mo_disable_npp":"","iawp_total_views":0,"footnotes":""},"class_list":["post-353","page","type-page","status-publish","hentry"],"blocksy_meta":{"styles_descriptor":{"styles":{"desktop":"","tablet":"","mobile":""},"google_fonts":[],"version":6}},"_links":{"self":[{"href":"https:\/\/e-parts.dk\/sv\/wp-json\/wp\/v2\/pages\/353","targetHints":{"allow":["GET"]}}],"collection":[{"href":"https:\/\/e-parts.dk\/sv\/wp-json\/wp\/v2\/pages"}],"about":[{"href":"https:\/\/e-parts.dk\/sv\/wp-json\/wp\/v2\/types\/page"}],"author":[{"embeddable":true,"href":"https:\/\/e-parts.dk\/sv\/wp-json\/wp\/v2\/users\/1"}],"replies":[{"embeddable":true,"href":"https:\/\/e-parts.dk\/sv\/wp-json\/wp\/v2\/comments?post=353"}],"version-history":[{"count":0,"href":"https:\/\/e-parts.dk\/sv\/wp-json\/wp\/v2\/pages\/353\/revisions"}],"wp:attachment":[{"href":"https:\/\/e-parts.dk\/sv\/wp-json\/wp\/v2\/media?parent=353"}],"curies":[{"name":"wp","href":"https:\/\/api.w.org\/{rel}","templated":true}]}}