{"id":17528,"date":"2023-01-31T04:46:07","date_gmt":"2023-01-31T03:46:07","guid":{"rendered":"https:\/\/e-parts.dk\/vaelj-webbshop\/"},"modified":"2023-04-22T23:47:51","modified_gmt":"2023-04-22T21:47:51","slug":"vaelj-webbshop","status":"publish","type":"page","link":"https:\/\/e-parts.dk\/sv\/","title":{"rendered":"V\u00e4lj webbshop"},"content":{"rendered":"\t\t<div data-elementor-type=\"wp-page\" data-elementor-id=\"17528\" class=\"elementor elementor-17528 elementor-16623\" data-elementor-post-type=\"page\">\n\t\t\t\t<div class=\"elementor-element elementor-element-e37393c e-flex e-con-boxed e-con e-parent\" data-id=\"e37393c\" data-element_type=\"container\" data-e-type=\"container\" data-settings=\"{&quot;jet_parallax_layout_list&quot;:[]}\">\n\t\t\t\t\t<div class=\"e-con-inner\">\n\t\t<a class=\"elementor-element elementor-element-bd62704 e-con-full e-parts-click e-flex e-con e-parent\" data-id=\"bd62704\" data-element_type=\"container\" data-e-type=\"container\" data-settings=\"{&quot;jet_parallax_layout_list&quot;:[]}\" href=\"https:\/\/e-parts.dk\/sv\/forside\/\">\n\t\t\t\t<div class=\"elementor-element elementor-element-881708d elementor-widget elementor-widget-image\" data-id=\"881708d\" data-element_type=\"widget\" data-e-type=\"widget\" data-widget_type=\"image.default\">\n\t\t\t\t<div class=\"elementor-widget-container\">\n\t\t\t\t\t\t\t\t\t\t\t\t\t\t\t<img loading=\"lazy\" decoding=\"async\" width=\"800\" height=\"800\" src=\"https:\/\/e-parts.dk\/wp-content\/uploads\/2023\/02\/eparts-spareparts.jpg\" class=\"attachment-large size-large wp-image-17197\" alt=\"\" srcset=\"https:\/\/e-parts.dk\/wp-content\/uploads\/2023\/02\/eparts-spareparts.jpg 800w, https:\/\/e-parts.dk\/wp-content\/uploads\/2023\/02\/eparts-spareparts-100x100.jpg 100w, https:\/\/e-parts.dk\/wp-content\/uploads\/2023\/02\/eparts-spareparts-400x400.jpg 400w\" sizes=\"auto, (max-width: 800px) 100vw, 800px\" \/>\t\t\t\t\t\t\t\t\t\t\t\t\t\t\t<\/div>\n\t\t\t\t<\/div>\n\t\t\t\t<div class=\"elementor-element elementor-element-41cc499 elementor-widget elementor-widget-image\" data-id=\"41cc499\" data-element_type=\"widget\" data-e-type=\"widget\" data-widget_type=\"image.default\">\n\t\t\t\t<div class=\"elementor-widget-container\">\n\t\t\t\t\t\t\t\t\t\t\t\t\t\t\t<img loading=\"lazy\" decoding=\"async\" width=\"526\" height=\"122\" src=\"https:\/\/e-parts.dk\/wp-content\/uploads\/2022\/12\/e-parts_rgb.svg\" class=\"attachment-large size-large wp-image-16129\" alt=\"\" \/>\t\t\t\t\t\t\t\t\t\t\t\t\t\t\t<\/div>\n\t\t\t\t<\/div>\n\t\t\t\t<div class=\"elementor-element elementor-element-f237f6a elementor-widget elementor-widget-heading\" data-id=\"f237f6a\" data-element_type=\"widget\" data-e-type=\"widget\" data-widget_type=\"heading.default\">\n\t\t\t\t<div class=\"elementor-widget-container\">\n\t\t\t\t\t<h3 class=\"elementor-heading-title elementor-size-default\">Reservdelar\n- i ursprunglig kvalitet<\/h3>\t\t\t\t<\/div>\n\t\t\t\t<\/div>\n\t\t\t\t<\/a>\n\t\t<a class=\"elementor-element elementor-element-5293b61 e-con-full e-supply-click e-flex e-con e-parent\" data-id=\"5293b61\" data-element_type=\"container\" data-e-type=\"container\" data-settings=\"{&quot;jet_parallax_layout_list&quot;:[]}\" href=\"https:\/\/e-parts.dk\/sv\/e-supply-framsida\/\">\n\t\t\t\t<div class=\"elementor-element elementor-element-31e0f31 elementor-widget elementor-widget-image\" data-id=\"31e0f31\" data-element_type=\"widget\" data-e-type=\"widget\" data-widget_type=\"image.default\">\n\t\t\t\t<div class=\"elementor-widget-container\">\n\t\t\t\t\t\t\t\t\t\t\t\t\t\t\t<img loading=\"lazy\" decoding=\"async\" width=\"800\" height=\"800\" src=\"https:\/\/e-parts.dk\/wp-content\/uploads\/2023\/02\/esupply-forbrugsmaterialer.jpg\" class=\"attachment-large size-large wp-image-17202\" alt=\"\" srcset=\"https:\/\/e-parts.dk\/wp-content\/uploads\/2023\/02\/esupply-forbrugsmaterialer.jpg 800w, https:\/\/e-parts.dk\/wp-content\/uploads\/2023\/02\/esupply-forbrugsmaterialer-100x100.jpg 100w, https:\/\/e-parts.dk\/wp-content\/uploads\/2023\/02\/esupply-forbrugsmaterialer-400x400.jpg 400w\" sizes=\"auto, (max-width: 800px) 100vw, 800px\" \/>\t\t\t\t\t\t\t\t\t\t\t\t\t\t\t<\/div>\n\t\t\t\t<\/div>\n\t\t\t\t<div class=\"elementor-element elementor-element-506f7fb elementor-widget elementor-widget-image\" data-id=\"506f7fb\" data-element_type=\"widget\" data-e-type=\"widget\" data-widget_type=\"image.default\">\n\t\t\t\t<div class=\"elementor-widget-container\">\n\t\t\t\t\t\t\t\t\t\t\t\t\t\t\t<img loading=\"lazy\" decoding=\"async\" width=\"508\" height=\"127\" src=\"https:\/\/e-parts.dk\/wp-content\/uploads\/2022\/12\/e-supply_forbrugsmat_rgb.svg\" class=\"attachment-large size-large wp-image-16125\" alt=\"\" \/>\t\t\t\t\t\t\t\t\t\t\t\t\t\t\t<\/div>\n\t\t\t\t<\/div>\n\t\t\t\t<div class=\"elementor-element elementor-element-8d301aa elementor-widget elementor-widget-heading\" data-id=\"8d301aa\" data-element_type=\"widget\" data-e-type=\"widget\" data-widget_type=\"heading.default\">\n\t\t\t\t<div class=\"elementor-widget-container\">\n\t\t\t\t\t<h3 class=\"elementor-heading-title elementor-size-default\">Alla f\u00f6rbrukningsvaror<\/h3>\t\t\t\t<\/div>\n\t\t\t\t<\/div>\n\t\t\t\t<\/a>\n\t\t\t\t\t<\/div>\n\t\t\t\t<\/div>\n\t\t<div class=\"elementor-element elementor-element-85b8f0f e-flex e-con-boxed e-con e-parent\" data-id=\"85b8f0f\" data-element_type=\"container\" data-e-type=\"container\" data-settings=\"{&quot;jet_parallax_layout_list&quot;:[]}\">\n\t\t\t\t\t<div class=\"e-con-inner\">\n\t\t\t\t<div class=\"elementor-element elementor-element-2d09a1e elementor-widget elementor-widget-wpml-language-switcher\" data-id=\"2d09a1e\" data-element_type=\"widget\" data-e-type=\"widget\" data-widget_type=\"wpml-language-switcher.default\">\n\t\t\t\t<div class=\"elementor-widget-container\">\n\t\t\t\t\t<div class=\"wpml-elementor-ls\">\n<div role=\"navigation\" aria-label=\"Spr\u00e5kbytare\" class=\"wpml-ls-statics-shortcode_actions wpml-ls wpml-ls-legacy-list-horizontal\">\n\t<ul><li class=\"wpml-ls-slot-shortcode_actions wpml-ls-item wpml-ls-item-da wpml-ls-first-item wpml-ls-item-legacy-list-horizontal\">\n\t\t\t\t<a href=\"https:\/\/e-parts.dk\/\" hreflang=\"da\" lang=\"da\" class=\"wpml-ls-link\" aria-label=\"Byt till Danska\" title=\"Byt till Danska\">\n\t\t\t\t\t                                    <img decoding=\"async\"\n            class=\"wpml-ls-flag\"\n            src=\"https:\/\/e-parts.dk\/wp-content\/plugins\/sitepress-multilingual-cms\/res\/flags\/da.png\"\n            alt=\"Danska\"\n            loading=\"lazy\"\n            width=18\n            height=12\n    \/><\/a>\n\t\t\t<\/li><li class=\"wpml-ls-slot-shortcode_actions wpml-ls-item wpml-ls-item-sv wpml-ls-current-language wpml-ls-item-legacy-list-horizontal\">\n\t\t\t\t<a href=\"https:\/\/e-parts.dk\/sv\/\" hreflang=\"sv\" lang=\"sv\" class=\"wpml-ls-link\" aria-current=\"page\" aria-label=\"Byt till Svenska\" title=\"Byt till Svenska\">\n\t\t\t\t\t                                    <img decoding=\"async\"\n            class=\"wpml-ls-flag\"\n            src=\"https:\/\/e-parts.dk\/wp-content\/plugins\/sitepress-multilingual-cms\/res\/flags\/sv.png\"\n            alt=\"Svenska\"\n            loading=\"lazy\"\n            width=18\n            height=12\n    \/><\/a>\n\t\t\t<\/li><li class=\"wpml-ls-slot-shortcode_actions wpml-ls-item wpml-ls-item-de wpml-ls-last-item wpml-ls-item-legacy-list-horizontal\">\n\t\t\t\t<a href=\"https:\/\/e-parts.dk\/de\/\" hreflang=\"de\" lang=\"de\" class=\"wpml-ls-link\" aria-label=\"Byt till Tyska\" title=\"Byt till Tyska\">\n\t\t\t\t\t                                    <img decoding=\"async\"\n            class=\"wpml-ls-flag\"\n            src=\"https:\/\/e-parts.dk\/wp-content\/plugins\/sitepress-multilingual-cms\/res\/flags\/de.png\"\n            alt=\"Tyska\"\n            loading=\"lazy\"\n            width=18\n            height=12\n    \/><\/a>\n\t\t\t<\/li><\/ul>\n<\/div>\n<\/div>\t\t\t\t<\/div>\n\t\t\t\t<\/div>\n\t\t\t\t\t<\/div>\n\t\t\t\t<\/div>\n\t\t<div class=\"elementor-element elementor-element-b6be523 e-flex e-con-boxed e-con e-parent\" data-id=\"b6be523\" data-element_type=\"container\" data-e-type=\"container\" data-settings=\"{&quot;jet_parallax_layout_list&quot;:[]}\">\n\t\t\t\t\t<div class=\"e-con-inner\">\n\t\t\t\t<div class=\"elementor-element elementor-element-8571767 elementor-widget elementor-widget-heading\" data-id=\"8571767\" data-element_type=\"widget\" data-e-type=\"widget\" data-widget_type=\"heading.default\">\n\t\t\t\t<div class=\"elementor-widget-container\">\n\t\t\t\t\t<p class=\"elementor-heading-title elementor-size-default\"><a href=\"#elementor-action%3Aaction%3Dpopup%3Aopen%26settings%3DeyJpZCI6MjE3NjEsInRvZ2dsZSI6ZmFsc2V9\">\u00c4r du inte kund \u00e4nnu? <span class=\"ansog\">Ans\u00f6k h\u00e4r<\/span><\/a><\/p>\t\t\t\t<\/div>\n\t\t\t\t<\/div>\n\t\t\t\t\t<\/div>\n\t\t\t\t<\/div>\n\t\t\t\t<\/div>\n\t\t","protected":false},"excerpt":{"rendered":"<p>Reservdelar &#8211; i ursprunglig kvalitet Alla f\u00f6rbrukningsvaror \u00c4r du inte kund \u00e4nnu? Ans\u00f6k h\u00e4r<\/p>\n","protected":false},"author":1,"featured_media":0,"parent":0,"menu_order":0,"comment_status":"closed","ping_status":"closed","template":"elementor_canvas","meta":{"_seopress_robots_primary_cat":"","_seopress_titles_title":"","_seopress_titles_desc":"","_seopress_robots_index":"","_seopress_analysis_target_kw":"","_mo_disable_npp":"","iawp_total_views":2,"footnotes":""},"class_list":["post-17528","page","type-page","status-publish","hentry"],"blocksy_meta":{"styles_descriptor":{"styles":{"desktop":"","tablet":"","mobile":""},"google_fonts":[],"version":6}},"_links":{"self":[{"href":"https:\/\/e-parts.dk\/sv\/wp-json\/wp\/v2\/pages\/17528","targetHints":{"allow":["GET"]}}],"collection":[{"href":"https:\/\/e-parts.dk\/sv\/wp-json\/wp\/v2\/pages"}],"about":[{"href":"https:\/\/e-parts.dk\/sv\/wp-json\/wp\/v2\/types\/page"}],"author":[{"embeddable":true,"href":"https:\/\/e-parts.dk\/sv\/wp-json\/wp\/v2\/users\/1"}],"replies":[{"embeddable":true,"href":"https:\/\/e-parts.dk\/sv\/wp-json\/wp\/v2\/comments?post=17528"}],"version-history":[{"count":0,"href":"https:\/\/e-parts.dk\/sv\/wp-json\/wp\/v2\/pages\/17528\/revisions"}],"wp:attachment":[{"href":"https:\/\/e-parts.dk\/sv\/wp-json\/wp\/v2\/media?parent=17528"}],"curies":[{"name":"wp","href":"https:\/\/api.w.org\/{rel}","templated":true}]}}