{"id":16798,"date":"2017-01-25T06:40:03","date_gmt":"2017-01-25T05:40:03","guid":{"rendered":"https:\/\/e-parts.dk\/om-os\/"},"modified":"2023-02-01T11:35:25","modified_gmt":"2023-02-01T10:35:25","slug":"om-e-parts","status":"publish","type":"page","link":"https:\/\/e-parts.dk\/sv\/om-e-parts\/","title":{"rendered":"Om e-parts"},"content":{"rendered":"<p>e-parts a\/s \u00e4r ett danskt handelsbolag som specialiserat sig p\u00e5 handel med reservdelar i originalkvalitet till l\u00e4gre priser. Vi anv\u00e4nder Internet i stor utstr\u00e4ckning till bl.a. kataloger och orderbest\u00e4llningar. P\u00e5 s\u00e5 s\u00e4tt sparar vi kostnader, vilket kommer dig till godo!<\/p>\n<p>e-parts a\/s ing\u00e5r i Andersen Motors-gruppen som fram till 2003 ocks\u00e5 \u00e4gde importen av Mazda i Danmark. Vi har d\u00e4rf\u00f6r stor specialkunskap om Mazda och har ocks\u00e5 provat de flesta av v\u00e5ra reservdelar p\u00e5 bilar.<\/p>\n<p>Vi har ett stort lager av Mazda originalreservdelar som vi s\u00e4ljer mycket billigt. Se d\u00e4rf\u00f6r f\u00f6rst v\u00e5ra priser!<\/p>\n<p>e-parts \u00e4r ett registrerat varum\u00e4rke och symboliserar Internethandel med reservdelar av enast\u00e5ende kvalitet. Vi g\u00f6r endast aff\u00e4rer med professionella \u00e5terf\u00f6rs\u00e4ljare, eftersom v\u00e5ra kunder f\u00f6rtj\u00e4nar det b\u00e4sta!<\/p>\n<p>e-parts a\/s<br \/>\nUnionsvej 16<br \/>\n4600 K\u00f8ge<br \/>\nTlf.: +45 5667 1135<br \/>\nFax: +45 5665 1132<br \/>\ne-mail: info@e-parts.dk<\/p>\n<p>V\u00e5ra bankupplysningar \u00e4r:<br \/>\nBank: Nordea Bank<br \/>\nKontonr.: 2233 6445915864<br \/>\nSwiftnr.: NDEADKKKXXX<br \/>\nIban-nr.: DK4420006445915864<\/p>\n","protected":false},"excerpt":{"rendered":"<p>e-parts a\/s \u00e4r ett danskt handelsbolag som specialiserat sig p\u00e5 handel med reservdelar i originalkvalitet till l\u00e4gre priser. Vi anv\u00e4nder Internet i stor utstr\u00e4ckning till bl.a. kataloger och orderbest\u00e4llningar. P\u00e5 s\u00e5 s\u00e4tt sparar vi kostnader, vilket kommer dig till godo! e-parts a\/s ing\u00e5r i Andersen Motors-gruppen som fram till 2003 ocks\u00e5 \u00e4gde importen av Mazda [&hellip;]<\/p>\n","protected":false},"author":1,"featured_media":0,"parent":0,"menu_order":0,"comment_status":"closed","ping_status":"closed","template":"","meta":{"_seopress_robots_primary_cat":"","_seopress_titles_title":"","_seopress_titles_desc":"","_seopress_robots_index":"","_mo_disable_npp":"","iawp_total_views":0,"footnotes":""},"class_list":["post-16798","page","type-page","status-publish","hentry"],"blocksy_meta":{"styles_descriptor":{"styles":{"desktop":"","tablet":"","mobile":""},"google_fonts":[],"version":6}},"_links":{"self":[{"href":"https:\/\/e-parts.dk\/sv\/wp-json\/wp\/v2\/pages\/16798","targetHints":{"allow":["GET"]}}],"collection":[{"href":"https:\/\/e-parts.dk\/sv\/wp-json\/wp\/v2\/pages"}],"about":[{"href":"https:\/\/e-parts.dk\/sv\/wp-json\/wp\/v2\/types\/page"}],"author":[{"embeddable":true,"href":"https:\/\/e-parts.dk\/sv\/wp-json\/wp\/v2\/users\/1"}],"replies":[{"embeddable":true,"href":"https:\/\/e-parts.dk\/sv\/wp-json\/wp\/v2\/comments?post=16798"}],"version-history":[{"count":0,"href":"https:\/\/e-parts.dk\/sv\/wp-json\/wp\/v2\/pages\/16798\/revisions"}],"wp:attachment":[{"href":"https:\/\/e-parts.dk\/sv\/wp-json\/wp\/v2\/media?parent=16798"}],"curies":[{"name":"wp","href":"https:\/\/api.w.org\/{rel}","templated":true}]}}