{"id":16757,"date":"2017-02-09T18:00:39","date_gmt":"2017-02-09T17:00:39","guid":{"rendered":"https:\/\/e-parts.dk\/?page_id=16757"},"modified":"2023-01-31T13:53:22","modified_gmt":"2023-01-31T12:53:22","slug":"avgassystem","status":"publish","type":"page","link":"https:\/\/e-parts.dk\/sv\/avgassystem\/","title":{"rendered":"Avgassystem"},"content":{"rendered":"<p>Det svenska klimatet med skiftande \u00e5rstider, is och v\u00e4gsalt p\u00e5 v\u00e4garna st\u00e4ller stora krav p\u00e5 bilens avgassystem och tillverkarens kunskap. e-parts avgassystem \u00e4r tillverkade av en speciell legering av zink och st\u00e5l (ALZN) som ger ett enast\u00e5ende, starkt skydd mot rost och annan milj\u00f6p\u00e5verkan. Alla avgassystem tillverkas p\u00e5 fabriken i Finland \u2013 fr\u00e5n r\u00f6r till f\u00e4rdiga ljudd\u00e4mpare. P\u00e5 det s\u00e4ttet kan hela produktionen ske p\u00e5 samma plats och kontrolleras b\u00e4ttre.<\/p>\n<p>e-parts avgassystem k\u00e4nnetecknas av originalkvalitet till l\u00e4gre pris \u00e4n andra avgassystem p\u00e5 marknaden. De stora bilimport\u00f6rerna i Norden har ocks\u00e5 i m\u00e5nga \u00e5r anv\u00e4nt detta system som alternativ till originalavgassystem.<br \/>\ne-parts avgassystem uppfyller ocks\u00e5 EU-villkoren 70\/157\/ETY (krav p\u00e5 en begr\u00e4nsad bullerniv\u00e5). Passformen \u00e4r ocks\u00e5 perfekt, vilket inneb\u00e4r att det g\u00e5r snabbt och l\u00e4tt att byta till e-parts avgassystem.<\/p>\n<p>Tillverkningen p\u00e5 den h\u00f6gteknologiska fabriken \u00e4r certifierad av det tyska T\u00dcV-institutet. Det st\u00e5r som en garanti f\u00f6r ett likartat resultat och h\u00f6g kvalitet.<\/p>\n","protected":false},"excerpt":{"rendered":"<p>Det svenska klimatet med skiftande \u00e5rstider, is och v\u00e4gsalt p\u00e5 v\u00e4garna st\u00e4ller stora krav p\u00e5 bilens avgassystem och tillverkarens kunskap. e-parts avgassystem \u00e4r tillverkade av en speciell legering av zink och st\u00e5l (ALZN) som ger ett enast\u00e5ende, starkt skydd mot rost och annan milj\u00f6p\u00e5verkan. Alla avgassystem tillverkas p\u00e5 fabriken i Finland \u2013 fr\u00e5n r\u00f6r till [&hellip;]<\/p>\n","protected":false},"author":919,"featured_media":0,"parent":0,"menu_order":0,"comment_status":"closed","ping_status":"closed","template":"","meta":{"_seopress_robots_primary_cat":"","_seopress_titles_title":"","_seopress_titles_desc":"","_seopress_robots_index":"","_mo_disable_npp":"","iawp_total_views":0,"footnotes":""},"class_list":["post-16757","page","type-page","status-publish","hentry"],"blocksy_meta":{"styles_descriptor":{"styles":{"desktop":"","tablet":"","mobile":""},"google_fonts":[],"version":6}},"_links":{"self":[{"href":"https:\/\/e-parts.dk\/sv\/wp-json\/wp\/v2\/pages\/16757","targetHints":{"allow":["GET"]}}],"collection":[{"href":"https:\/\/e-parts.dk\/sv\/wp-json\/wp\/v2\/pages"}],"about":[{"href":"https:\/\/e-parts.dk\/sv\/wp-json\/wp\/v2\/types\/page"}],"author":[{"embeddable":true,"href":"https:\/\/e-parts.dk\/sv\/wp-json\/wp\/v2\/users\/919"}],"replies":[{"embeddable":true,"href":"https:\/\/e-parts.dk\/sv\/wp-json\/wp\/v2\/comments?post=16757"}],"version-history":[{"count":0,"href":"https:\/\/e-parts.dk\/sv\/wp-json\/wp\/v2\/pages\/16757\/revisions"}],"wp:attachment":[{"href":"https:\/\/e-parts.dk\/sv\/wp-json\/wp\/v2\/media?parent=16757"}],"curies":[{"name":"wp","href":"https:\/\/api.w.org\/{rel}","templated":true}]}}