{"id":16717,"date":"2017-02-09T18:28:20","date_gmt":"2017-02-09T17:28:20","guid":{"rendered":"https:\/\/e-parts.dk\/?page_id=16717"},"modified":"2023-01-31T11:52:44","modified_gmt":"2023-01-31T10:52:44","slug":"prisinfo","status":"publish","type":"page","link":"https:\/\/e-parts.dk\/sv\/prisinfo\/","title":{"rendered":"Prisinfo"},"content":{"rendered":"<p>e-parts reservdelar av originalkvalitet ger tillg\u00e5ng till kunder som inte vill betala det h\u00f6ga priset f\u00f6r biltillverkarnas reservdelar. Det attraktiva priset och den h\u00f6ga kvaliteten g\u00f6r att e-parts reservdelar \u00e4r ett bra alternativ till biltillverkarnas slitdelar. Genom att s\u00e4lja e-parts reservdelar kan man d\u00e4rmed beh\u00e5lla kunderna l\u00e4ngre \u2013 vilket gagnar f\u00f6rtj\u00e4nsten i hela aff\u00e4ren!<\/p>\n<p>N\u00e4r priserna j\u00e4mf\u00f6rs avsl\u00f6jas det att man kan spara upp till 60 % genom att v\u00e4lja<br \/>\ne-parts reservdelar framf\u00f6r bilproducenternas.<\/p>\n<p>Vi har valt att upplysa om dina nettopriser direkt p\u00e5 v\u00e5r hemsida. Som en tumregel kommer det rekommenderade f\u00f6rs\u00e4ljningspriset att vara dubbelt s\u00e5 h\u00f6gt.<\/p>\n","protected":false},"excerpt":{"rendered":"<p>e-parts reservdelar av originalkvalitet ger tillg\u00e5ng till kunder som inte vill betala det h\u00f6ga priset f\u00f6r biltillverkarnas reservdelar. Det attraktiva priset och den h\u00f6ga kvaliteten g\u00f6r att e-parts reservdelar \u00e4r ett bra alternativ till biltillverkarnas slitdelar. Genom att s\u00e4lja e-parts reservdelar kan man d\u00e4rmed beh\u00e5lla kunderna l\u00e4ngre \u2013 vilket gagnar f\u00f6rtj\u00e4nsten i hela aff\u00e4ren! N\u00e4r [&hellip;]<\/p>\n","protected":false},"author":919,"featured_media":0,"parent":0,"menu_order":0,"comment_status":"closed","ping_status":"closed","template":"","meta":{"_seopress_robots_primary_cat":"","_seopress_titles_title":"","_seopress_titles_desc":"","_seopress_robots_index":"","_mo_disable_npp":"","iawp_total_views":0,"footnotes":""},"class_list":["post-16717","page","type-page","status-publish","hentry"],"blocksy_meta":{"styles_descriptor":{"styles":{"desktop":"","tablet":"","mobile":""},"google_fonts":[],"version":6}},"_links":{"self":[{"href":"https:\/\/e-parts.dk\/sv\/wp-json\/wp\/v2\/pages\/16717","targetHints":{"allow":["GET"]}}],"collection":[{"href":"https:\/\/e-parts.dk\/sv\/wp-json\/wp\/v2\/pages"}],"about":[{"href":"https:\/\/e-parts.dk\/sv\/wp-json\/wp\/v2\/types\/page"}],"author":[{"embeddable":true,"href":"https:\/\/e-parts.dk\/sv\/wp-json\/wp\/v2\/users\/919"}],"replies":[{"embeddable":true,"href":"https:\/\/e-parts.dk\/sv\/wp-json\/wp\/v2\/comments?post=16717"}],"version-history":[{"count":0,"href":"https:\/\/e-parts.dk\/sv\/wp-json\/wp\/v2\/pages\/16717\/revisions"}],"wp:attachment":[{"href":"https:\/\/e-parts.dk\/sv\/wp-json\/wp\/v2\/media?parent=16717"}],"curies":[{"name":"wp","href":"https:\/\/api.w.org\/{rel}","templated":true}]}}