{"id":16708,"date":"2017-02-09T18:19:58","date_gmt":"2017-02-09T17:19:58","guid":{"rendered":"https:\/\/e-parts.dk\/?page_id=16708"},"modified":"2023-01-31T11:29:12","modified_gmt":"2023-01-31T10:29:12","slug":"sakerhetsblad","status":"publish","type":"page","link":"https:\/\/e-parts.dk\/sv\/sakerhetsblad\/","title":{"rendered":"S\u00e4kerhetsblad"},"content":{"rendered":"<p>H\u00e4r kan du ladda ner s\u00e4kerhetsdatablad som PDF.<\/p>\n<table style=\"width: 100%;\" border=\"0\">\n<tbody>\n<tr>\n<td><img decoding=\"async\" src=\"https:\/\/e-parts.dk\/images\/assets\/grafik\/pdf_ikon.png\" alt=\"\" \/><a href=\"https:\/\/e-parts.dk\/images\/assets\/PDF\/Sikkerhedsblade\/Sikkerhedsblad-br-vaeske-DK.pdf\" target=\"_blank\" rel=\"noopener\">Bromsv\u00e4tskor<\/a><\/td>\n<td><\/td>\n<td><\/td>\n<\/tr>\n<\/tbody>\n<\/table>\n","protected":false},"excerpt":{"rendered":"<p>H\u00e4r kan du ladda ner s\u00e4kerhetsdatablad som PDF. Bromsv\u00e4tskor<\/p>\n","protected":false},"author":919,"featured_media":0,"parent":0,"menu_order":0,"comment_status":"closed","ping_status":"closed","template":"","meta":{"_seopress_robots_primary_cat":"","_seopress_titles_title":"","_seopress_titles_desc":"","_seopress_robots_index":"","_mo_disable_npp":"","iawp_total_views":0,"footnotes":""},"class_list":["post-16708","page","type-page","status-publish","hentry"],"blocksy_meta":{"styles_descriptor":{"styles":{"desktop":"","tablet":"","mobile":""},"google_fonts":[],"version":6}},"_links":{"self":[{"href":"https:\/\/e-parts.dk\/sv\/wp-json\/wp\/v2\/pages\/16708","targetHints":{"allow":["GET"]}}],"collection":[{"href":"https:\/\/e-parts.dk\/sv\/wp-json\/wp\/v2\/pages"}],"about":[{"href":"https:\/\/e-parts.dk\/sv\/wp-json\/wp\/v2\/types\/page"}],"author":[{"embeddable":true,"href":"https:\/\/e-parts.dk\/sv\/wp-json\/wp\/v2\/users\/919"}],"replies":[{"embeddable":true,"href":"https:\/\/e-parts.dk\/sv\/wp-json\/wp\/v2\/comments?post=16708"}],"version-history":[{"count":0,"href":"https:\/\/e-parts.dk\/sv\/wp-json\/wp\/v2\/pages\/16708\/revisions"}],"wp:attachment":[{"href":"https:\/\/e-parts.dk\/sv\/wp-json\/wp\/v2\/media?parent=16708"}],"curies":[{"name":"wp","href":"https:\/\/api.w.org\/{rel}","templated":true}]}}