{"id":16705,"date":"2017-02-09T18:25:15","date_gmt":"2017-02-09T17:25:15","guid":{"rendered":"https:\/\/e-parts.dk\/?page_id=16705"},"modified":"2023-01-31T12:09:47","modified_gmt":"2023-01-31T11:09:47","slug":"garanti","status":"publish","type":"page","link":"https:\/\/e-parts.dk\/sv\/garanti\/","title":{"rendered":"Garanti"},"content":{"rendered":"<p><strong>Reservedeler i original kvalitet<\/strong><br \/>\nE-parts a\/s har aldrig v\u00e6ret i tvivl om kvaliteten p\u00e5 de reservedele og tilbeh\u00f8r vi handler med, s\u00e5 derfor var det heller ikke sv\u00e6rt at beslutte at indf\u00f8re 3 \u00e5rs garanti.<img decoding=\"async\" style=\"float: right;\" src=\"\/wysiwyg\/Garanti_web.jpg\" alt=\"\" \/><\/p>\n<p>Alle dele i e-parts program af reservedele er Matching Quality Parts, hvilket vil sige at alle vore reservedele har samme kvalitet som f\u00f8rstegangs monterede reservedele har.<\/p>\n<p>Garantien d\u00e6kker mod produktionsfejl- og materialefejl.<\/p>\n<p>Normalt slidtage, forkert brug eller evt. fejlmontering er ikke omfattet af garantien.<\/p>\n","protected":false},"excerpt":{"rendered":"<p>Reservedeler i original kvalitet E-parts a\/s har aldrig v\u00e6ret i tvivl om kvaliteten p\u00e5 de reservedele og tilbeh\u00f8r vi handler med, s\u00e5 derfor var det heller ikke sv\u00e6rt at beslutte at indf\u00f8re 3 \u00e5rs garanti. Alle dele i e-parts program af reservedele er Matching Quality Parts, hvilket vil sige at alle vore reservedele har samme [&hellip;]<\/p>\n","protected":false},"author":919,"featured_media":0,"parent":0,"menu_order":0,"comment_status":"closed","ping_status":"closed","template":"","meta":{"_seopress_robots_primary_cat":"","_seopress_titles_title":"","_seopress_titles_desc":"","_seopress_robots_index":"","_mo_disable_npp":"","iawp_total_views":0,"footnotes":""},"class_list":["post-16705","page","type-page","status-publish","hentry"],"blocksy_meta":{"styles_descriptor":{"styles":{"desktop":"","tablet":"","mobile":""},"google_fonts":[],"version":6}},"_links":{"self":[{"href":"https:\/\/e-parts.dk\/sv\/wp-json\/wp\/v2\/pages\/16705","targetHints":{"allow":["GET"]}}],"collection":[{"href":"https:\/\/e-parts.dk\/sv\/wp-json\/wp\/v2\/pages"}],"about":[{"href":"https:\/\/e-parts.dk\/sv\/wp-json\/wp\/v2\/types\/page"}],"author":[{"embeddable":true,"href":"https:\/\/e-parts.dk\/sv\/wp-json\/wp\/v2\/users\/919"}],"replies":[{"embeddable":true,"href":"https:\/\/e-parts.dk\/sv\/wp-json\/wp\/v2\/comments?post=16705"}],"version-history":[{"count":0,"href":"https:\/\/e-parts.dk\/sv\/wp-json\/wp\/v2\/pages\/16705\/revisions"}],"wp:attachment":[{"href":"https:\/\/e-parts.dk\/sv\/wp-json\/wp\/v2\/media?parent=16705"}],"curies":[{"name":"wp","href":"https:\/\/api.w.org\/{rel}","templated":true}]}}