{"id":16689,"date":"2017-02-09T18:01:51","date_gmt":"2017-02-09T17:01:51","guid":{"rendered":"https:\/\/e-parts.dk\/?page_id=16689"},"modified":"2023-01-31T09:23:30","modified_gmt":"2023-01-31T08:23:30","slug":"bromsdelar","status":"publish","type":"page","link":"https:\/\/e-parts.dk\/sv\/bromsdelar\/","title":{"rendered":"Bromsdelar"},"content":{"rendered":"\n<p>Bilens bromssystem \u00e4r en av de viktigaste produktgrupperna. P\u00e5 just det h\u00e4r omr\u00e5det \u00e4r det d\u00e4rf\u00f6r v\u00e4ldigt viktigt att inte kompromissa med kvaliteten. Om delar av tvivelaktig kvalitet monteras kan bilens bromsstr\u00e4cka \u00f6kas med m\u00e5nga meter, vilket kan f\u00e5 katastrofala f\u00f6ljder.&nbsp;<\/p>\n\n\n\n<p><strong>Bromsklossar i originalkvalitet<\/strong><br>Vi har d\u00e4rf\u00f6r valt att samarbeta med en av Europas stora leverant\u00f6rer av bromsklossar. Flera delar \u00e4r tillverkade i Japan p\u00e5 samma fabriker som levererar direkt till bilfabrikerna. H\u00e4rmed s\u00e4kerst\u00e4lls stor expertis och stort kunnande, vilket i slut\u00e4ndan kommer kunden till godo.&nbsp;<br>Produktionen \u00e4r alltid likartad och av v\u00e4ldigt h\u00f6g kvalitet. e-parts bromsklossar uppfyller g\u00e4llande lagstiftning och \u00e4r sj\u00e4lvklart godk\u00e4nd i f\u00f6rh\u00e5llande till ECR\/90. e-parts bromsklossar \u00e4r d\u00e4rmed det n\u00e4rmaste du kan komma originalkvalitet utan att betala det h\u00f6ga originalpriset.&nbsp;&nbsp;<\/p>\n\n\n\n<p><strong>Bromsskivor i originalkvalitet<\/strong><br>V\u00e5ra bromsskivor tillverkas enligt h\u00f6gsta m\u00f6jliga standarder, bl.a. ISO 9001\/2000 och ISO\/TS 16949. D\u00e4rmed garanteras en likartad och alltid h\u00f6g kvalitet. I geng\u00e4ld \u00e4r priserna l\u00e5ga och v\u00e4ldigt konkurrenskraftiga oavsett m\u00e4rke och modell.<\/p>\n\n\n\n<p><strong>Bromskaliprar utan retur \u2013 den enklaste l\u00f6sningen<\/strong><br>Som en av f\u00e5 leverant\u00f6rer i Europa har vi valt att erbjuda v\u00e5ra bromskaliprar utan utbytessystem. Vi har valt den h\u00e4r l\u00f6sningen f\u00f6r att spara in p\u00e5 kostnader f\u00f6r frakt och administration. F\u00f6r dig som kund betyder det att du k\u00f6per varan som alla andra varor och inte beh\u00f6ver t\u00e4nka p\u00e5 att returnera de anv\u00e4nda kaliprarna eller inv\u00e4nta n\u00e5gon kreditnota f\u00f6r depositionen.&nbsp;<br>V\u00e5ra set best\u00e5r av tv\u00e5 kaliprar (ett set till varje sida), ett set bromsklossar samt eventuella monteringsdelar. Om du j\u00e4mf\u00f6r v\u00e5ra priser med andra leverant\u00f6rers kommer du att uppleva att e-parts \u00e4ven h\u00e4r \u00e4r v\u00e4ldigt konkurrenskraftiga.<\/p>\n","protected":false},"excerpt":{"rendered":"<p>Bilens bromssystem \u00e4r en av de viktigaste produktgrupperna. P\u00e5 just det h\u00e4r omr\u00e5det \u00e4r det d\u00e4rf\u00f6r v\u00e4ldigt viktigt att inte kompromissa med kvaliteten. Om delar av tvivelaktig kvalitet monteras kan bilens bromsstr\u00e4cka \u00f6kas med m\u00e5nga meter, vilket kan f\u00e5 katastrofala f\u00f6ljder.&nbsp; Bromsklossar i originalkvalitetVi har d\u00e4rf\u00f6r valt att samarbeta med en av Europas stora leverant\u00f6rer [&hellip;]<\/p>\n","protected":false},"author":919,"featured_media":0,"parent":0,"menu_order":0,"comment_status":"closed","ping_status":"closed","template":"","meta":{"_seopress_robots_primary_cat":"","_seopress_titles_title":"","_seopress_titles_desc":"","_seopress_robots_index":"","_mo_disable_npp":"","iawp_total_views":0,"footnotes":""},"class_list":["post-16689","page","type-page","status-publish","hentry"],"blocksy_meta":{"styles_descriptor":{"styles":{"desktop":"","tablet":"","mobile":""},"google_fonts":[],"version":6}},"_links":{"self":[{"href":"https:\/\/e-parts.dk\/sv\/wp-json\/wp\/v2\/pages\/16689","targetHints":{"allow":["GET"]}}],"collection":[{"href":"https:\/\/e-parts.dk\/sv\/wp-json\/wp\/v2\/pages"}],"about":[{"href":"https:\/\/e-parts.dk\/sv\/wp-json\/wp\/v2\/types\/page"}],"author":[{"embeddable":true,"href":"https:\/\/e-parts.dk\/sv\/wp-json\/wp\/v2\/users\/919"}],"replies":[{"embeddable":true,"href":"https:\/\/e-parts.dk\/sv\/wp-json\/wp\/v2\/comments?post=16689"}],"version-history":[{"count":0,"href":"https:\/\/e-parts.dk\/sv\/wp-json\/wp\/v2\/pages\/16689\/revisions"}],"wp:attachment":[{"href":"https:\/\/e-parts.dk\/sv\/wp-json\/wp\/v2\/media?parent=16689"}],"curies":[{"name":"wp","href":"https:\/\/api.w.org\/{rel}","templated":true}]}}