{"id":865,"date":"2016-09-06T14:09:44","date_gmt":"2016-09-06T12:09:44","guid":{"rendered":"https:\/\/e-parts.dk\/?product=tip-top-vaegskab"},"modified":"2023-06-15T19:16:05","modified_gmt":"2023-06-15T17:16:05","slug":"tip-top-vaegskab","status":"publish","type":"product","link":"https:\/\/e-parts.dk\/de\/vare\/tip-top-vaegskab\/","title":{"rendered":"Tip-Top v\u00e6gskab"},"content":{"rendered":"<p>&#8222;New Carbide&#8220; v\u00e6gskab.<\/p>\n<p>Indhold:<\/p>\n<p style=\"margin: 0cm 0cm 10pt;\">\u00a0<\/p>\n<p style=\"margin: 0cm 0cm 10pt;\"><span style=\"color: #000000;\"><span style=\"line-height: 115%; font-family: 'Arial','sans-serif'; font-size: 9pt; mso-ansi-language: EN-US;\" lang=\"EN-US\">V\u00e6gskab;\u00a0Innerliner Sealer 175 g, Universal D\u00e6klap UP3 20 stk, Minicombi A3 10 stk,\u00a0Minicombi A4,5 8 stk, Minicombi A6 8 stk, H\u00e5ndrulle Riflet 4,0mm, Liquid Buffer 500 ml spray, Sp. <\/span><span style=\"line-height: 115%; font-family: 'Arial','sans-serif'; font-size: 9pt;\">Cement Hurtig T\u00f8r 25g, H\u00e5rdmetal<\/span><span style=\"line-height: 115%; font-family: 'Cambria Math','serif'; font-size: 9pt; mso-bidi-font-family: 'Cambria Math';\">\u2010<\/span><span style=\"line-height: 115%; font-family: 'Arial','sans-serif'; font-size: 9pt;\">Fr\u00e6ser \u00d83x50mm, <\/span><span style=\"font-family: Calibri; font-size: small;\">H\u00e5rdmetal<\/span><span style=\"line-height: 115%; font-family: 'Cambria Math','serif'; font-size: 9pt; mso-bidi-font-family: 'Cambria Math';\">\u2010<\/span><span style=\"line-height: 115%; font-family: 'Arial','sans-serif'; font-size: 9pt;\">Fr\u00e6ser \u00d84,5mm, <\/span><span style=\"font-family: Calibri; font-size: small;\">H\u00e5rdmetal<\/span><span style=\"line-height: 115%; font-family: 'Cambria Math','serif'; font-size: 9pt; mso-bidi-font-family: 'Cambria Math';\">\u2010<\/span><span style=\"line-height: 115%; font-family: 'Arial','sans-serif'; font-size: 9pt;\">Fr\u00e6ser \u00d86x90mm og <\/span><span style=\"font-family: Calibri; font-size: small;\">Slibekugle m\/skaft 38\/6mm<\/span><\/span><\/p>\n<p style=\"margin: 0cm 0cm 10pt;\">\u00a0<\/p>\n<p>\u00a0<\/p>\n","protected":false},"excerpt":{"rendered":"<p>&#8222;New Carbide&#8220; v\u00e6gskab. Indhold: \u00a0 V\u00e6gskab;\u00a0Innerliner Sealer 175 g, Universal D\u00e6klap UP3 20 stk, Minicombi A3 10 stk,\u00a0Minicombi A4,5 8 stk, Minicombi A6 8 stk, H\u00e5ndrulle Riflet 4,0mm, Liquid Buffer 500 ml spray, Sp. Cement Hurtig T\u00f8r 25g, H\u00e5rdmetal\u2010Fr\u00e6ser \u00d83x50mm, H\u00e5rdmetal\u2010Fr\u00e6ser \u00d84,5mm, H\u00e5rdmetal\u2010Fr\u00e6ser \u00d86x90mm og Slibekugle m\/skaft 38\/6mm \u00a0 \u00a0<\/p>\n","protected":false},"featured_media":861,"template":"","meta":{"_seopress_robots_primary_cat":"","_seopress_titles_title":"","_seopress_titles_desc":"","_seopress_robots_index":"","_mo_disable_npp":""},"product_brand":[],"product_cat":[2174,2189],"product_tag":[],"display":[],"carmodels":[],"brands":[],"class_list":{"0":"post-865","1":"product","2":"type-product","3":"status-publish","4":"has-post-thumbnail","6":"product_cat-daekmaterialer-de","7":"product_cat-lapper-reparation-de","9":"first","10":"onbackorder","11":"taxable","12":"shipping-taxable","13":"purchasable","14":"product-type-simple"},"tiered_pricing_type":"fixed","tiered_pricing_fixed_rules":[],"tiered_pricing_product_settings":{"layout":"default","base_unit_name":{"singular":null,"plural":null},"default_variation":null},"tiered_pricing_minimum_quantity":null,"tiered_pricing_roles_data":[],"tiered_pricing_percentage_rules":[],"_links":{"self":[{"href":"https:\/\/e-parts.dk\/de\/wp-json\/wp\/v2\/product\/865","targetHints":{"allow":["GET"]}}],"collection":[{"href":"https:\/\/e-parts.dk\/de\/wp-json\/wp\/v2\/product"}],"about":[{"href":"https:\/\/e-parts.dk\/de\/wp-json\/wp\/v2\/types\/product"}],"wp:featuredmedia":[{"embeddable":true,"href":"https:\/\/e-parts.dk\/de\/wp-json\/wp\/v2\/media\/861"}],"wp:attachment":[{"href":"https:\/\/e-parts.dk\/de\/wp-json\/wp\/v2\/media?parent=865"}],"wp:term":[{"taxonomy":"product_brand","embeddable":true,"href":"https:\/\/e-parts.dk\/de\/wp-json\/wp\/v2\/product_brand?post=865"},{"taxonomy":"product_cat","embeddable":true,"href":"https:\/\/e-parts.dk\/de\/wp-json\/wp\/v2\/product_cat?post=865"},{"taxonomy":"product_tag","embeddable":true,"href":"https:\/\/e-parts.dk\/de\/wp-json\/wp\/v2\/product_tag?post=865"},{"taxonomy":"display","embeddable":true,"href":"https:\/\/e-parts.dk\/de\/wp-json\/wp\/v2\/display?post=865"},{"taxonomy":"carmodels","embeddable":true,"href":"https:\/\/e-parts.dk\/de\/wp-json\/wp\/v2\/carmodels?post=865"},{"taxonomy":"brands","embeddable":true,"href":"https:\/\/e-parts.dk\/de\/wp-json\/wp\/v2\/brands?post=865"}],"curies":[{"name":"wp","href":"https:\/\/api.w.org\/{rel}","templated":true}]}}