{"id":545,"date":"2016-09-06T22:08:29","date_gmt":"2016-09-06T20:08:29","guid":{"rendered":"https:\/\/e-parts.dk\/?product=bukser-kansas-icon"},"modified":"2023-06-15T19:15:55","modified_gmt":"2023-06-15T17:15:55","slug":"bukser-kansas-icon","status":"publish","type":"product","link":"https:\/\/e-parts.dk\/de\/vare\/bukser-kansas-icon\/","title":{"rendered":"Bukser, Kansas Icon"},"content":{"rendered":"<p><strong>Indhold<\/strong><br \/>1 stk.<\/p>\n<p><strong>Beskrivelse<\/strong><\/p>\n<p>Kansas bukser med<\/p>\n<ul>\n<li>tofarvet, kontraststikninger<\/li>\n<li>halvlav talje, saddleback-snit, lynl\u00e5s i gylp, diagonalt snit over kn\u00e6ene<\/li>\n<li>reflekser under kn\u00e6lommer og forneden<\/li>\n<li>justerbare kn\u00e6lommer syet ind i s\u00f8mmene, benlomme med klap, udvendig mobillomme med velcrolukning og blyantholder, dobbelt tommestoklomme, baglommer med l\u00e6g, en med klap, hammerstrop.<\/li>\n<\/ul>\n<p>MATERIALE: 65% polyester, 35% bomuld.\u00a0<\/p>\n<p> FARVER: Hvid\/gr\u00e5, Marine\/gr\u00e5, Kongebl\u00e5\/marine, Marine\/kongebl\u00e5, Lys armygr\u00f8n\/armygr\u00f8n, Khaki\/sort, Khaki\/gr\u00f8n, Gr\u00e5\/sort, Gr\u00e5\/r\u00f8d, Sort\/gr\u00e5.<\/p>\n<p> STR. C42\u2013C62, hvis C64-C66 el. C146\u2013C160 \u00f8nskes kontakt da kundeservice.<\/p>\n","protected":false},"excerpt":{"rendered":"<p>Indhold1 stk. Beskrivelse Kansas bukser med tofarvet, kontraststikninger halvlav talje, saddleback-snit, lynl\u00e5s i gylp, diagonalt snit over kn\u00e6ene reflekser under kn\u00e6lommer og forneden justerbare kn\u00e6lommer syet ind i s\u00f8mmene, benlomme med klap, udvendig mobillomme med velcrolukning og blyantholder, dobbelt tommestoklomme, baglommer med l\u00e6g, en med klap, hammerstrop. MATERIALE: 65% polyester, 35% bomuld.\u00a0 FARVER: Hvid\/gr\u00e5, Marine\/gr\u00e5, [&hellip;]<\/p>\n","protected":false},"featured_media":541,"template":"","meta":{"_seopress_robots_primary_cat":"","_seopress_titles_title":"","_seopress_titles_desc":"","_seopress_robots_index":"","_mo_disable_npp":""},"product_brand":[],"product_cat":[2109,2104],"product_tag":[],"display":[],"carmodels":[],"brands":[],"class_list":{"0":"post-545","1":"product","2":"type-product","3":"status-publish","4":"has-post-thumbnail","6":"product_cat-arbejdstoj-de","7":"product_cat-beklaedning-de","9":"first","10":"onbackorder","11":"taxable","12":"shipping-taxable","13":"purchasable","14":"product-type-simple"},"tiered_pricing_type":"fixed","tiered_pricing_fixed_rules":[],"tiered_pricing_product_settings":{"layout":"default","base_unit_name":{"singular":null,"plural":null},"default_variation":null},"tiered_pricing_minimum_quantity":null,"tiered_pricing_roles_data":[],"tiered_pricing_percentage_rules":[],"_links":{"self":[{"href":"https:\/\/e-parts.dk\/de\/wp-json\/wp\/v2\/product\/545","targetHints":{"allow":["GET"]}}],"collection":[{"href":"https:\/\/e-parts.dk\/de\/wp-json\/wp\/v2\/product"}],"about":[{"href":"https:\/\/e-parts.dk\/de\/wp-json\/wp\/v2\/types\/product"}],"wp:featuredmedia":[{"embeddable":true,"href":"https:\/\/e-parts.dk\/de\/wp-json\/wp\/v2\/media\/541"}],"wp:attachment":[{"href":"https:\/\/e-parts.dk\/de\/wp-json\/wp\/v2\/media?parent=545"}],"wp:term":[{"taxonomy":"product_brand","embeddable":true,"href":"https:\/\/e-parts.dk\/de\/wp-json\/wp\/v2\/product_brand?post=545"},{"taxonomy":"product_cat","embeddable":true,"href":"https:\/\/e-parts.dk\/de\/wp-json\/wp\/v2\/product_cat?post=545"},{"taxonomy":"product_tag","embeddable":true,"href":"https:\/\/e-parts.dk\/de\/wp-json\/wp\/v2\/product_tag?post=545"},{"taxonomy":"display","embeddable":true,"href":"https:\/\/e-parts.dk\/de\/wp-json\/wp\/v2\/display?post=545"},{"taxonomy":"carmodels","embeddable":true,"href":"https:\/\/e-parts.dk\/de\/wp-json\/wp\/v2\/carmodels?post=545"},{"taxonomy":"brands","embeddable":true,"href":"https:\/\/e-parts.dk\/de\/wp-json\/wp\/v2\/brands?post=545"}],"curies":[{"name":"wp","href":"https:\/\/api.w.org\/{rel}","templated":true}]}}