{"id":535,"date":"2016-09-06T22:08:27","date_gmt":"2016-09-06T20:08:27","guid":{"rendered":"https:\/\/e-parts.dk\/?product=overalls-kansas-icon"},"modified":"2023-06-15T19:15:53","modified_gmt":"2023-06-15T17:15:53","slug":"overalls-kansas-icon","status":"publish","type":"product","link":"https:\/\/e-parts.dk\/de\/vare\/overalls-kansas-icon\/","title":{"rendered":"Overalls, Kansas Icon"},"content":{"rendered":"<p><strong>Indhold<\/strong><br \/>1 stk<\/p>\n<p><strong>Beskrivelse<\/strong><\/p>\n<ul>\n<li>Tofarvet<\/li>\n<li>kontraststikninger<\/li>\n<li>konstrueret diagonalt p\u00e5 ryggen<\/li>\n<li>strikseler<\/li>\n<li>justerbar livvidde<\/li>\n<li>side\u00e5bning til inderbukser<\/li>\n<li>lynl\u00e5s i gylp<\/li>\n<li>diagonalt snit over kn\u00e6ene<\/li>\n<li>reflekser under kn\u00e6lommer<\/li>\n<li>justerbare kn\u00e6lommer syet ind i s\u00f8mmene\/sm\u00e6klomme med klap<\/li>\n<li>stor lomme med klap<\/li>\n<li>mobillomme med velcrolukning<\/li>\n<li>udvendig blyantlomme<\/li>\n<li>inderlomme med lynl\u00e5s<\/li>\n<li>dobbelt tommestoklomme forst\u00e6rket med CORDURA\u00ae<\/li>\n<li>baglommer med l\u00e6g, en med klap<\/li>\n<li>hammerstrop.<\/li>\n<\/ul>\n","protected":false},"excerpt":{"rendered":"<p>Indhold1 stk Beskrivelse Tofarvet kontraststikninger konstrueret diagonalt p\u00e5 ryggen strikseler justerbar livvidde side\u00e5bning til inderbukser lynl\u00e5s i gylp diagonalt snit over kn\u00e6ene reflekser under kn\u00e6lommer justerbare kn\u00e6lommer syet ind i s\u00f8mmene\/sm\u00e6klomme med klap stor lomme med klap mobillomme med velcrolukning udvendig blyantlomme inderlomme med lynl\u00e5s dobbelt tommestoklomme forst\u00e6rket med CORDURA\u00ae baglommer med l\u00e6g, en med [&hellip;]<\/p>\n","protected":false},"featured_media":531,"template":"","meta":{"_seopress_robots_primary_cat":"","_seopress_titles_title":"","_seopress_titles_desc":"","_seopress_robots_index":"","_mo_disable_npp":"","iawp_total_views":0},"product_brand":[],"product_cat":[2109,2104],"product_tag":[],"display":[],"carmodels":[],"brands":[],"class_list":{"0":"post-535","1":"product","2":"type-product","3":"status-publish","4":"has-post-thumbnail","6":"product_cat-arbejdstoj-de","7":"product_cat-beklaedning-de","9":"first","10":"onbackorder","11":"taxable","12":"shipping-taxable","13":"purchasable","14":"product-type-simple"},"tiered_pricing_type":"fixed","tiered_pricing_fixed_rules":[],"tiered_pricing_product_settings":{"layout":"default","base_unit_name":{"singular":null,"plural":null},"default_variation":null},"tiered_pricing_minimum_quantity":null,"tiered_pricing_roles_data":[],"tiered_pricing_percentage_rules":[],"_links":{"self":[{"href":"https:\/\/e-parts.dk\/de\/wp-json\/wp\/v2\/product\/535","targetHints":{"allow":["GET"]}}],"collection":[{"href":"https:\/\/e-parts.dk\/de\/wp-json\/wp\/v2\/product"}],"about":[{"href":"https:\/\/e-parts.dk\/de\/wp-json\/wp\/v2\/types\/product"}],"wp:featuredmedia":[{"embeddable":true,"href":"https:\/\/e-parts.dk\/de\/wp-json\/wp\/v2\/media\/531"}],"wp:attachment":[{"href":"https:\/\/e-parts.dk\/de\/wp-json\/wp\/v2\/media?parent=535"}],"wp:term":[{"taxonomy":"product_brand","embeddable":true,"href":"https:\/\/e-parts.dk\/de\/wp-json\/wp\/v2\/product_brand?post=535"},{"taxonomy":"product_cat","embeddable":true,"href":"https:\/\/e-parts.dk\/de\/wp-json\/wp\/v2\/product_cat?post=535"},{"taxonomy":"product_tag","embeddable":true,"href":"https:\/\/e-parts.dk\/de\/wp-json\/wp\/v2\/product_tag?post=535"},{"taxonomy":"display","embeddable":true,"href":"https:\/\/e-parts.dk\/de\/wp-json\/wp\/v2\/display?post=535"},{"taxonomy":"carmodels","embeddable":true,"href":"https:\/\/e-parts.dk\/de\/wp-json\/wp\/v2\/carmodels?post=535"},{"taxonomy":"brands","embeddable":true,"href":"https:\/\/e-parts.dk\/de\/wp-json\/wp\/v2\/brands?post=535"}],"curies":[{"name":"wp","href":"https:\/\/api.w.org\/{rel}","templated":true}]}}