{"id":515,"date":"2016-09-02T08:08:20","date_gmt":"2016-09-02T06:08:20","guid":{"rendered":"https:\/\/e-parts.dk\/?product=kolervaeske-standard-bla-bs"},"modified":"2023-06-15T19:15:53","modified_gmt":"2023-06-15T17:15:53","slug":"kolervaeske-standard-bla-bs","status":"publish","type":"product","link":"https:\/\/e-parts.dk\/de\/vare\/kolervaeske-standard-bla-bs\/","title":{"rendered":"K\u00f8lerv\u00e6ske, Standard bl\u00e5 BS"},"content":{"rendered":"<p><strong>Indhold<\/strong><br \/><span style=\"font-size: 13px;\">68 kg \/ 60L<\/span><\/p>\n<p><span style=\"font-size: 13px;\"><strong>Anvendelse<\/strong><\/span><span style=\"font-size: 13px;\"><br \/><\/span><span style=\"font-size: 13px;\">Standard <\/span><\/p>\n<p><span style=\"font-size: 13px;\"><span style=\"font-size: 13px;\"><strong>Emballage<\/strong><br \/><\/span><\/span><span style=\"font-size: 13px;\">Pant kr. 90,- ud, krediteres med kr. 70,- ved returnering<\/span><\/p>\n<p><span style=\"font-size: 13px;\">Ved returnering sendes en&nbsp;mail&nbsp;til <a href=\"mailto:reservedele@anmo.dk\">reservedele@anmo.dk<\/a>&nbsp;med antal.<\/span><\/p>\n<p><span style=\"font-size: 13px;\"><strong>HUSK!!!<\/strong> at m&aelig;rke <span style=\"text-decoration: underline;\">hver<\/span> beholder med afsender og modtager<\/span><\/p>\n<p><span style=\"font-size: 13px;\"><strong>Download<\/strong><br \/><a href=\"\/wysiwyg\/PDF\/Sikkerhedsdatablad_ES4250-0016.pdf\" target=\"_blank\" rel=\"noopener\">Sikkerhedsdatablad<\/a><br \/><\/span><\/p>\n","protected":false},"excerpt":{"rendered":"<p>60L dunk<\/p>\n","protected":false},"featured_media":211,"template":"","meta":{"_seopress_robots_primary_cat":"","_seopress_titles_title":"","_seopress_titles_desc":"","_seopress_robots_index":"","_mo_disable_npp":""},"product_brand":[],"product_cat":[2434,2419],"product_tag":[],"display":[],"carmodels":[],"brands":[],"class_list":{"0":"post-515","1":"product","2":"type-product","3":"status-publish","4":"has-post-thumbnail","6":"product_cat-kolervaeske-de","7":"product_cat-vaesker-de","9":"first","10":"instock","11":"taxable","12":"shipping-taxable","13":"purchasable","14":"product-type-simple"},"tiered_pricing_type":"fixed","tiered_pricing_fixed_rules":[],"tiered_pricing_product_settings":{"layout":"default","base_unit_name":{"singular":null,"plural":null},"default_variation":null},"tiered_pricing_minimum_quantity":null,"tiered_pricing_roles_data":[],"tiered_pricing_percentage_rules":[],"_links":{"self":[{"href":"https:\/\/e-parts.dk\/de\/wp-json\/wp\/v2\/product\/515","targetHints":{"allow":["GET"]}}],"collection":[{"href":"https:\/\/e-parts.dk\/de\/wp-json\/wp\/v2\/product"}],"about":[{"href":"https:\/\/e-parts.dk\/de\/wp-json\/wp\/v2\/types\/product"}],"wp:featuredmedia":[{"embeddable":true,"href":"https:\/\/e-parts.dk\/de\/wp-json\/wp\/v2\/media\/211"}],"wp:attachment":[{"href":"https:\/\/e-parts.dk\/de\/wp-json\/wp\/v2\/media?parent=515"}],"wp:term":[{"taxonomy":"product_brand","embeddable":true,"href":"https:\/\/e-parts.dk\/de\/wp-json\/wp\/v2\/product_brand?post=515"},{"taxonomy":"product_cat","embeddable":true,"href":"https:\/\/e-parts.dk\/de\/wp-json\/wp\/v2\/product_cat?post=515"},{"taxonomy":"product_tag","embeddable":true,"href":"https:\/\/e-parts.dk\/de\/wp-json\/wp\/v2\/product_tag?post=515"},{"taxonomy":"display","embeddable":true,"href":"https:\/\/e-parts.dk\/de\/wp-json\/wp\/v2\/display?post=515"},{"taxonomy":"carmodels","embeddable":true,"href":"https:\/\/e-parts.dk\/de\/wp-json\/wp\/v2\/carmodels?post=515"},{"taxonomy":"brands","embeddable":true,"href":"https:\/\/e-parts.dk\/de\/wp-json\/wp\/v2\/brands?post=515"}],"curies":[{"name":"wp","href":"https:\/\/api.w.org\/{rel}","templated":true}]}}