{"id":430,"date":"2016-09-04T08:07:22","date_gmt":"2016-09-04T06:07:22","guid":{"rendered":"https:\/\/e-parts.dk\/?product=teroson-pu-8599-hmlc"},"modified":"2023-06-15T19:15:52","modified_gmt":"2023-06-15T17:15:52","slug":"teroson-pu-8599-hmlc","status":"publish","type":"product","link":"https:\/\/e-parts.dk\/de\/vare\/teroson-pu-8599-hmlc\/","title":{"rendered":"Teroson Bond15 (PU 8599 HMLC)"},"content":{"rendered":"<p>Karosserireparation &#8211; Direkte rudemontering &#8211; enkomponent HMLC<\/p>\n<p>Det hurtigste produkt til forrudeudskiftning, n\u00e5r tiden er knap.<\/p>\n<p><strong>Fordele:<\/strong><\/p>\n<ul>\n<li>Til alle k\u00f8ret\u00f8jer<\/li>\n<li>Meget ringe gardindannelse<\/li>\n<li>Ingen tr\u00e5ddannelse<\/li>\n<li>H\u00f8j positionsvedh\u00e6ftning<\/li>\n<li>P\u00e5f\u00f8res varmt med selvvalgt doseringsudstyr (de bedste resultater opn\u00e5s med PowerLine II)<\/li>\n<\/ul>\n<p><strong>Tekniske data:<\/strong><\/p>\n<ul>\n<li>Produktbase: Enkomponent-PUR<\/li>\n<li>P\u00e5f\u00f8ringsmetode \/ \/ skinddannelsestid: Varmt (efter 15 min opvarmning) \/ 15 min<\/li>\n<li>K\u00f8r-v\u00e6k tid if\u00f8lge FMVSS crash test (50 km\/t og 100% overlap): 15 min<\/li>\n<li>Stort modul \/ lav ledningsevne: Ja<\/li>\n<li>Emballagest\u00f8rrelser: Patron 310 ml Kit<\/li>\n<\/ul>\n<p class=\"p1\"><strong>Indhold<\/strong><br \/>1 stk.\u00a0<\/p>\n<p class=\"p1\"><strong>Indhold i kit<br \/><\/strong>Renseserviet, afstandsklodser, slibepude, p\u00e5f\u00f8ringsfilt, primer og lim.<\/p>\n","protected":false},"excerpt":{"rendered":"<p>Karosserireparation &#8211; Direkte rudemontering &#8211; enkomponent HMLC Det hurtigste produkt til forrudeudskiftning, n\u00e5r tiden er knap. Fordele: Til alle k\u00f8ret\u00f8jer Meget ringe gardindannelse Ingen tr\u00e5ddannelse H\u00f8j positionsvedh\u00e6ftning P\u00e5f\u00f8res varmt med selvvalgt doseringsudstyr (de bedste resultater opn\u00e5s med PowerLine II) Tekniske data: Produktbase: Enkomponent-PUR P\u00e5f\u00f8ringsmetode \/ \/ skinddannelsestid: Varmt (efter 15 min opvarmning) \/ 15 min [&hellip;]<\/p>\n","protected":false},"featured_media":17568,"template":"","meta":{"_seopress_robots_primary_cat":"","_seopress_titles_title":"","_seopress_titles_desc":"","_seopress_robots_index":"","_mo_disable_npp":""},"product_brand":[],"product_cat":[2259,2284],"product_tag":[],"display":[],"carmodels":[],"brands":[],"class_list":{"0":"post-430","1":"product","2":"type-product","3":"status-publish","4":"has-post-thumbnail","6":"product_cat-kemi-de","7":"product_cat-rudelim-de","9":"first","10":"instock","11":"taxable","12":"shipping-taxable","13":"purchasable","14":"product-type-simple"},"tiered_pricing_type":"fixed","tiered_pricing_fixed_rules":[],"tiered_pricing_product_settings":{"layout":"default","base_unit_name":{"singular":null,"plural":null},"default_variation":null},"tiered_pricing_minimum_quantity":null,"tiered_pricing_roles_data":[],"tiered_pricing_percentage_rules":[],"_links":{"self":[{"href":"https:\/\/e-parts.dk\/de\/wp-json\/wp\/v2\/product\/430","targetHints":{"allow":["GET"]}}],"collection":[{"href":"https:\/\/e-parts.dk\/de\/wp-json\/wp\/v2\/product"}],"about":[{"href":"https:\/\/e-parts.dk\/de\/wp-json\/wp\/v2\/types\/product"}],"wp:featuredmedia":[{"embeddable":true,"href":"https:\/\/e-parts.dk\/de\/wp-json\/wp\/v2\/media\/17568"}],"wp:attachment":[{"href":"https:\/\/e-parts.dk\/de\/wp-json\/wp\/v2\/media?parent=430"}],"wp:term":[{"taxonomy":"product_brand","embeddable":true,"href":"https:\/\/e-parts.dk\/de\/wp-json\/wp\/v2\/product_brand?post=430"},{"taxonomy":"product_cat","embeddable":true,"href":"https:\/\/e-parts.dk\/de\/wp-json\/wp\/v2\/product_cat?post=430"},{"taxonomy":"product_tag","embeddable":true,"href":"https:\/\/e-parts.dk\/de\/wp-json\/wp\/v2\/product_tag?post=430"},{"taxonomy":"display","embeddable":true,"href":"https:\/\/e-parts.dk\/de\/wp-json\/wp\/v2\/display?post=430"},{"taxonomy":"carmodels","embeddable":true,"href":"https:\/\/e-parts.dk\/de\/wp-json\/wp\/v2\/carmodels?post=430"},{"taxonomy":"brands","embeddable":true,"href":"https:\/\/e-parts.dk\/de\/wp-json\/wp\/v2\/brands?post=430"}],"curies":[{"name":"wp","href":"https:\/\/api.w.org\/{rel}","templated":true}]}}