{"id":32565,"date":"2025-08-05T09:26:53","date_gmt":"2025-08-05T07:26:53","guid":{"rendered":"https:\/\/e-parts.dk\/?post_type=product&#038;p=32565"},"modified":"2026-04-20T17:01:58","modified_gmt":"2026-04-20T15:01:58","slug":"additiv-til-benzin-hybrid","status":"publish","type":"product","link":"https:\/\/e-parts.dk\/de\/vare\/additiv-til-benzin-hybrid\/","title":{"rendered":"Additiv til benzin\/hybrid"},"content":{"rendered":"<h3><strong>Beskrivelse<\/strong><\/h3>\n<p><strong>Benzinsystemrenser Hybrid Autoprofi<\/strong>\u00a0kan anvendes i alle hybridk\u00f8ret\u00f8jer med benzinmotor. Produktet fjerner driftsrelaterede forureninger samt kondensvand og fugt, som opst\u00e5r p\u00e5 grund af den typisk uregelm\u00e6ssige korttidsdrift i hybridk\u00f8ret\u00f8jer, i hele br\u00e6ndstofsystemet \u2013 fra tanken til forbr\u00e6ndingskamrene. Derudover bek\u00e6mper Hybrid-br\u00e6ndstofsystemrens de negative effekter af br\u00e6ndstof\u00e6ldning, som forekommer hyppigere i hybridk\u00f8ret\u00f8jer. Produktet fjerner bel\u00e6gninger omkring indspr\u00f8jtningsdyserne samt forkoksningsrester, harpiks og sodaflejringer i hele den \u00f8vre del af cylinderen. Samtidig sm\u00f8res og beskyttes dette omr\u00e5de.<\/p>\n<hr \/>\n<h3><strong>Anvendelsesomr\u00e5de<\/strong><\/h3>\n<p>Til alle hybridk\u00f8ret\u00f8jer med benzinmotor.<\/p>\n<hr \/>\n<h3><strong>Anvisninger til brug<\/strong><\/h3>\n<p>Tils\u00e6t regelm\u00e6ssigt til br\u00e6ndstofsystemet\u00a0<strong>hver 6. m\u00e5ned f\u00f8r tankning<\/strong>.<\/p>\n<hr \/>\n<h3><strong>Forbrug<\/strong><\/h3>\n<p><strong>250 ml til 60 liter benzin<\/strong><\/p>\n<hr \/>\n<h3><strong>Virkningstid<\/strong><\/h3>\n<p>Virker\u00a0<strong>under k\u00f8rslen<\/strong><\/p>\n","protected":false},"excerpt":{"rendered":"<p>En kasse med 24 styk<\/p>\n","protected":false},"featured_media":32568,"template":"","meta":{"_seopress_robots_primary_cat":"","_seopress_titles_title":"","_seopress_titles_desc":"","_seopress_robots_index":"","_mo_disable_npp":"","iawp_total_views":0},"product_brand":[],"product_cat":[2498,2418],"product_tag":[],"display":[8187],"carmodels":[],"brands":[],"class_list":{"0":"post-32565","1":"product","2":"type-product","3":"status-publish","4":"has-post-thumbnail","6":"product_cat-additiver","7":"product_cat-vaesker","8":"display-e-supply-slider","10":"first","11":"instock","12":"taxable","13":"shipping-taxable","14":"purchasable","15":"product-type-simple"},"tiered_pricing_type":"fixed","tiered_pricing_fixed_rules":[],"tiered_pricing_product_settings":{"layout":"default","base_unit_name":{"singular":null,"plural":null},"default_variation":null},"tiered_pricing_minimum_quantity":null,"tiered_pricing_roles_data":[],"tiered_pricing_percentage_rules":[],"_links":{"self":[{"href":"https:\/\/e-parts.dk\/de\/wp-json\/wp\/v2\/product\/32565","targetHints":{"allow":["GET"]}}],"collection":[{"href":"https:\/\/e-parts.dk\/de\/wp-json\/wp\/v2\/product"}],"about":[{"href":"https:\/\/e-parts.dk\/de\/wp-json\/wp\/v2\/types\/product"}],"wp:featuredmedia":[{"embeddable":true,"href":"https:\/\/e-parts.dk\/de\/wp-json\/wp\/v2\/media\/32568"}],"wp:attachment":[{"href":"https:\/\/e-parts.dk\/de\/wp-json\/wp\/v2\/media?parent=32565"}],"wp:term":[{"taxonomy":"product_brand","embeddable":true,"href":"https:\/\/e-parts.dk\/de\/wp-json\/wp\/v2\/product_brand?post=32565"},{"taxonomy":"product_cat","embeddable":true,"href":"https:\/\/e-parts.dk\/de\/wp-json\/wp\/v2\/product_cat?post=32565"},{"taxonomy":"product_tag","embeddable":true,"href":"https:\/\/e-parts.dk\/de\/wp-json\/wp\/v2\/product_tag?post=32565"},{"taxonomy":"display","embeddable":true,"href":"https:\/\/e-parts.dk\/de\/wp-json\/wp\/v2\/display?post=32565"},{"taxonomy":"carmodels","embeddable":true,"href":"https:\/\/e-parts.dk\/de\/wp-json\/wp\/v2\/carmodels?post=32565"},{"taxonomy":"brands","embeddable":true,"href":"https:\/\/e-parts.dk\/de\/wp-json\/wp\/v2\/brands?post=32565"}],"curies":[{"name":"wp","href":"https:\/\/api.w.org\/{rel}","templated":true}]}}