{"id":31749,"date":"2025-02-24T09:14:05","date_gmt":"2025-02-24T08:14:05","guid":{"rendered":"https:\/\/e-parts.dk\/?post_type=product&#038;p=31749"},"modified":"2026-03-23T09:06:10","modified_gmt":"2026-03-23T08:06:10","slug":"hella-h16-taagelygtepaere","status":"publish","type":"product","link":"https:\/\/e-parts.dk\/de\/vare\/hella-h16-taagelygtepaere\/","title":{"rendered":"HELLA H16 t\u00e5gelygtep\u00e6re"},"content":{"rendered":"<p>T\u00e5gelygtep\u00e6re<\/p>\n","protected":false},"excerpt":{"rendered":"<p>T\u00e5gelygtep\u00e6re<\/p>\n","protected":false},"featured_media":31752,"template":"","meta":{"_seopress_robots_primary_cat":"","_seopress_titles_title":"","_seopress_titles_desc":"","_seopress_robots_index":"","_mo_disable_npp":"","iawp_total_views":0},"product_brand":[],"product_cat":[2333,2328],"product_tag":[],"display":[8186],"carmodels":[],"brands":[],"class_list":{"0":"post-31749","1":"product","2":"type-product","3":"status-publish","4":"has-post-thumbnail","6":"product_cat-hella-forlygter","7":"product_cat-paerer2","8":"display-e-parts-slider","10":"first","11":"instock","12":"taxable","13":"shipping-taxable","14":"purchasable","15":"product-type-simple"},"tiered_pricing_type":"fixed","tiered_pricing_fixed_rules":[],"tiered_pricing_product_settings":{"layout":"default","base_unit_name":{"singular":null,"plural":null},"default_variation":null},"tiered_pricing_minimum_quantity":null,"tiered_pricing_roles_data":[],"tiered_pricing_percentage_rules":[],"_links":{"self":[{"href":"https:\/\/e-parts.dk\/de\/wp-json\/wp\/v2\/product\/31749","targetHints":{"allow":["GET"]}}],"collection":[{"href":"https:\/\/e-parts.dk\/de\/wp-json\/wp\/v2\/product"}],"about":[{"href":"https:\/\/e-parts.dk\/de\/wp-json\/wp\/v2\/types\/product"}],"wp:featuredmedia":[{"embeddable":true,"href":"https:\/\/e-parts.dk\/de\/wp-json\/wp\/v2\/media\/31752"}],"wp:attachment":[{"href":"https:\/\/e-parts.dk\/de\/wp-json\/wp\/v2\/media?parent=31749"}],"wp:term":[{"taxonomy":"product_brand","embeddable":true,"href":"https:\/\/e-parts.dk\/de\/wp-json\/wp\/v2\/product_brand?post=31749"},{"taxonomy":"product_cat","embeddable":true,"href":"https:\/\/e-parts.dk\/de\/wp-json\/wp\/v2\/product_cat?post=31749"},{"taxonomy":"product_tag","embeddable":true,"href":"https:\/\/e-parts.dk\/de\/wp-json\/wp\/v2\/product_tag?post=31749"},{"taxonomy":"display","embeddable":true,"href":"https:\/\/e-parts.dk\/de\/wp-json\/wp\/v2\/display?post=31749"},{"taxonomy":"carmodels","embeddable":true,"href":"https:\/\/e-parts.dk\/de\/wp-json\/wp\/v2\/carmodels?post=31749"},{"taxonomy":"brands","embeddable":true,"href":"https:\/\/e-parts.dk\/de\/wp-json\/wp\/v2\/brands?post=31749"}],"curies":[{"name":"wp","href":"https:\/\/api.w.org\/{rel}","templated":true}]}}