{"id":31053,"date":"2024-11-15T09:21:51","date_gmt":"2024-11-15T08:21:51","guid":{"rendered":"https:\/\/e-parts.dk\/?post_type=product&#038;p=31053"},"modified":"2026-03-23T08:46:50","modified_gmt":"2026-03-23T07:46:50","slug":"loctite-5980","status":"publish","type":"product","link":"https:\/\/e-parts.dk\/de\/vare\/loctite-5980\/","title":{"rendered":"Loctite 5980"},"content":{"rendered":"<p>100ml<\/p>\n<p>Loctite 5980 flydende pakning er st\u00e6rkt og velegnet til bil og motorcykel. Har utroligt gode oile-resistente egenskaber som g\u00f8r den velegnet til t\u00e6tning af steder med permanent olie-konktakt som bundkar, koblingsskjold og meget mere. Kan bruges til alle metaltyper og plast.<\/p>\n<p>&nbsp;<\/p>\n<ul>\n<li>H\u00f8j kvalitet &#8211; Loctite er f\u00f8rende indenfor v\u00e6rkstedsprodukter<\/li>\n<li>Sort<\/li>\n<li>Max hulbredde der kan t\u00e6tnes: 1mm<\/li>\n<li>Temperaturomr\u00e5de: -60 til 200 grader Celsius<\/li>\n<li>Indhold: 100mL<\/li>\n<\/ul>\n","protected":false},"excerpt":{"rendered":"<p>100ml, sort<\/p>\n","protected":false},"featured_media":0,"template":"","meta":{"_seopress_robots_primary_cat":"","_seopress_titles_title":"","_seopress_titles_desc":"","_seopress_robots_index":"","_mo_disable_npp":"","iawp_total_views":0},"product_brand":[],"product_cat":[2258,2298],"product_tag":[],"display":[],"carmodels":[],"brands":[],"class_list":{"0":"post-31053","1":"product","2":"type-product","3":"status-publish","5":"product_cat-kemi","6":"product_cat-ovrigt","8":"first","9":"instock","10":"taxable","11":"shipping-taxable","12":"purchasable","13":"product-type-simple"},"tiered_pricing_type":"fixed","tiered_pricing_fixed_rules":[],"tiered_pricing_product_settings":{"layout":"default","base_unit_name":{"singular":null,"plural":null},"default_variation":null},"tiered_pricing_minimum_quantity":null,"tiered_pricing_roles_data":[],"tiered_pricing_percentage_rules":[],"_links":{"self":[{"href":"https:\/\/e-parts.dk\/de\/wp-json\/wp\/v2\/product\/31053","targetHints":{"allow":["GET"]}}],"collection":[{"href":"https:\/\/e-parts.dk\/de\/wp-json\/wp\/v2\/product"}],"about":[{"href":"https:\/\/e-parts.dk\/de\/wp-json\/wp\/v2\/types\/product"}],"wp:attachment":[{"href":"https:\/\/e-parts.dk\/de\/wp-json\/wp\/v2\/media?parent=31053"}],"wp:term":[{"taxonomy":"product_brand","embeddable":true,"href":"https:\/\/e-parts.dk\/de\/wp-json\/wp\/v2\/product_brand?post=31053"},{"taxonomy":"product_cat","embeddable":true,"href":"https:\/\/e-parts.dk\/de\/wp-json\/wp\/v2\/product_cat?post=31053"},{"taxonomy":"product_tag","embeddable":true,"href":"https:\/\/e-parts.dk\/de\/wp-json\/wp\/v2\/product_tag?post=31053"},{"taxonomy":"display","embeddable":true,"href":"https:\/\/e-parts.dk\/de\/wp-json\/wp\/v2\/display?post=31053"},{"taxonomy":"carmodels","embeddable":true,"href":"https:\/\/e-parts.dk\/de\/wp-json\/wp\/v2\/carmodels?post=31053"},{"taxonomy":"brands","embeddable":true,"href":"https:\/\/e-parts.dk\/de\/wp-json\/wp\/v2\/brands?post=31053"}],"curies":[{"name":"wp","href":"https:\/\/api.w.org\/{rel}","templated":true}]}}