{"id":30828,"date":"2024-10-18T11:53:06","date_gmt":"2024-10-18T09:53:06","guid":{"rendered":"https:\/\/e-parts.dk\/?post_type=product&#038;p=30828"},"modified":"2026-03-23T08:54:25","modified_gmt":"2026-03-23T07:54:25","slug":"wepp-2053-interioerrens-tp-104","status":"publish","type":"product","link":"https:\/\/e-parts.dk\/de\/vare\/wepp-2053-interioerrens-tp-104\/","title":{"rendered":"WEPP 2053 Interi\u00f8rrens (TP 104)"},"content":{"rendered":"<p>400ml<\/p>\n<p>Fuldsyntetisk vedligeholdelsesspray. Forebygger og fjerner friktionslyde. Beskytter uden at blive fedtet. Til regenerering af plastoverflader. Beskytter mod sk\u00f8rhed og falmning. Virker antistatisk. G\u00f8r sikkerhedsseler almindelige igen. Gode \u200b\u200bsm\u00f8reegenskaber til vinduesstyr og d\u00f8rt\u00e6tninger. I den indvendige beskyttelse mod UV-str\u00e5ling<\/p>\n<p>Datablad: <a href=\"https:\/\/e-parts.dk\/wp-content\/uploads\/2024\/10\/WEPP2053.pdf\">WEPP2053<\/a><\/p>\n","protected":false},"excerpt":{"rendered":"<p>WEPP 2053 Interi\u00f8rpleje (TP 104)<\/p>\n","protected":false},"featured_media":30835,"template":"","meta":{"_seopress_robots_primary_cat":"none","_seopress_titles_title":"","_seopress_titles_desc":"","_seopress_robots_index":"","_mo_disable_npp":""},"product_brand":[],"product_cat":[2423],"product_tag":[],"display":[],"carmodels":[],"brands":[],"class_list":{"0":"post-30828","1":"product","2":"type-product","3":"status-publish","4":"has-post-thumbnail","6":"product_cat-affedtning-rens","8":"first","9":"instock","10":"taxable","11":"shipping-taxable","12":"purchasable","13":"product-type-simple"},"tiered_pricing_type":"fixed","tiered_pricing_fixed_rules":[],"tiered_pricing_product_settings":{"layout":"default","base_unit_name":{"singular":null,"plural":null},"default_variation":null},"tiered_pricing_minimum_quantity":null,"tiered_pricing_roles_data":[],"tiered_pricing_percentage_rules":[],"_links":{"self":[{"href":"https:\/\/e-parts.dk\/de\/wp-json\/wp\/v2\/product\/30828","targetHints":{"allow":["GET"]}}],"collection":[{"href":"https:\/\/e-parts.dk\/de\/wp-json\/wp\/v2\/product"}],"about":[{"href":"https:\/\/e-parts.dk\/de\/wp-json\/wp\/v2\/types\/product"}],"wp:featuredmedia":[{"embeddable":true,"href":"https:\/\/e-parts.dk\/de\/wp-json\/wp\/v2\/media\/30835"}],"wp:attachment":[{"href":"https:\/\/e-parts.dk\/de\/wp-json\/wp\/v2\/media?parent=30828"}],"wp:term":[{"taxonomy":"product_brand","embeddable":true,"href":"https:\/\/e-parts.dk\/de\/wp-json\/wp\/v2\/product_brand?post=30828"},{"taxonomy":"product_cat","embeddable":true,"href":"https:\/\/e-parts.dk\/de\/wp-json\/wp\/v2\/product_cat?post=30828"},{"taxonomy":"product_tag","embeddable":true,"href":"https:\/\/e-parts.dk\/de\/wp-json\/wp\/v2\/product_tag?post=30828"},{"taxonomy":"display","embeddable":true,"href":"https:\/\/e-parts.dk\/de\/wp-json\/wp\/v2\/display?post=30828"},{"taxonomy":"carmodels","embeddable":true,"href":"https:\/\/e-parts.dk\/de\/wp-json\/wp\/v2\/carmodels?post=30828"},{"taxonomy":"brands","embeddable":true,"href":"https:\/\/e-parts.dk\/de\/wp-json\/wp\/v2\/brands?post=30828"}],"curies":[{"name":"wp","href":"https:\/\/api.w.org\/{rel}","templated":true}]}}