{"id":28245,"date":"2023-10-03T14:09:56","date_gmt":"2023-10-03T12:09:56","guid":{"rendered":"https:\/\/e-parts.dk\/?post_type=product&#038;p=28245"},"modified":"2023-10-03T15:31:08","modified_gmt":"2023-10-03T13:31:08","slug":"bremseskive-bag-coatet","status":"publish","type":"product","link":"https:\/\/e-parts.dk\/de\/vare\/bremseskive-bag-coatet\/","title":{"rendered":"Bremseskive, bag coatet"},"content":{"rendered":"<p>K\u00f8ret\u00f8jstilbeh\u00f8r; <span class=\"ng-star-inserted\"><span class=\"\">til k\u00f8ret\u00f8jer med kollisionsadvarsel<\/span><\/span><\/p>\n<p>Udvendig diam.<span class=\"ng-star-inserted\"><span class=\"\">292 mm<\/span><\/span><\/p>\n<p>Bremseskivetykk.<span class=\"ng-star-inserted\"><span class=\"\">16 mm<\/span><\/span><\/p>\n<p>Min. tyk.<span class=\"ng-star-inserted\"><span class=\"\">14 mm<\/span><\/span><\/p>\n<p>H\u00f8jde<span class=\"ng-star-inserted\"><span class=\"\">47 mm<\/span><\/span><\/p>\n<p>F\u00e6lge<span class=\"ng-star-inserted\"><span class=\"\">5 -hul<\/span><\/span><\/p>\n<p>Centreringsdiameter <span class=\"ng-star-inserted\"><span class=\"\">67,8 mm<\/span><\/span><\/p>\n","protected":false},"excerpt":{"rendered":"<p>K\u00f8ret\u00f8jstilbeh\u00f8r; til k\u00f8ret\u00f8jer med kollisionsadvarsel Udvendig diam.292 mm Bremseskivetykk.16 mm Min. tyk.14 mm H\u00f8jde47 mm F\u00e6lge5 -hul Centreringsdiameter 67,8 mm<\/p>\n","protected":false},"featured_media":0,"template":"","meta":{"_seopress_robots_primary_cat":"","_seopress_titles_title":"","_seopress_titles_desc":"","_seopress_robots_index":"","_mo_disable_npp":"","iawp_total_views":0},"product_brand":[],"product_cat":[2463],"product_tag":[],"display":[],"carmodels":[7437,7409,7393],"brands":[],"class_list":{"0":"post-28245","1":"product","2":"type-product","3":"status-publish","5":"product_cat-bremseskiverbag","6":"carmodels-2013-t32","7":"carmodels-2017-ze1","8":"carmodels-leaf","10":"first","11":"instock","12":"taxable","13":"shipping-taxable","14":"purchasable","15":"product-type-simple"},"tiered_pricing_type":"fixed","tiered_pricing_fixed_rules":[],"tiered_pricing_product_settings":{"layout":"default","base_unit_name":{"singular":null,"plural":null},"default_variation":null},"tiered_pricing_minimum_quantity":null,"tiered_pricing_roles_data":[],"tiered_pricing_percentage_rules":[],"_links":{"self":[{"href":"https:\/\/e-parts.dk\/de\/wp-json\/wp\/v2\/product\/28245","targetHints":{"allow":["GET"]}}],"collection":[{"href":"https:\/\/e-parts.dk\/de\/wp-json\/wp\/v2\/product"}],"about":[{"href":"https:\/\/e-parts.dk\/de\/wp-json\/wp\/v2\/types\/product"}],"wp:attachment":[{"href":"https:\/\/e-parts.dk\/de\/wp-json\/wp\/v2\/media?parent=28245"}],"wp:term":[{"taxonomy":"product_brand","embeddable":true,"href":"https:\/\/e-parts.dk\/de\/wp-json\/wp\/v2\/product_brand?post=28245"},{"taxonomy":"product_cat","embeddable":true,"href":"https:\/\/e-parts.dk\/de\/wp-json\/wp\/v2\/product_cat?post=28245"},{"taxonomy":"product_tag","embeddable":true,"href":"https:\/\/e-parts.dk\/de\/wp-json\/wp\/v2\/product_tag?post=28245"},{"taxonomy":"display","embeddable":true,"href":"https:\/\/e-parts.dk\/de\/wp-json\/wp\/v2\/display?post=28245"},{"taxonomy":"carmodels","embeddable":true,"href":"https:\/\/e-parts.dk\/de\/wp-json\/wp\/v2\/carmodels?post=28245"},{"taxonomy":"brands","embeddable":true,"href":"https:\/\/e-parts.dk\/de\/wp-json\/wp\/v2\/brands?post=28245"}],"curies":[{"name":"wp","href":"https:\/\/api.w.org\/{rel}","templated":true}]}}