{"id":23874,"date":"2023-03-01T00:00:00","date_gmt":"2023-02-28T23:00:00","guid":{"rendered":"https:\/\/e-parts.dk\/vare\/245-50rf19-105v-blue-wintv905-xl-run-flat-rpb\/"},"modified":"2024-05-29T09:23:16","modified_gmt":"2024-05-29T07:23:16","slug":"245-50rf19-105v-blue-wintv905-xl-run-flat-rpb","status":"publish","type":"product","link":"https:\/\/e-parts.dk\/de\/vare\/245-50rf19-105v-blue-wintv905-xl-run-flat-rpb\/","title":{"rendered":"245\/50RF19 105V BluE-Wint(V905) XL Run Flat RPB"},"content":{"rendered":"<p>Bredde: 245<br \/>\nProfil: 50<br \/>\nTommer: 19<br \/>\nD\u00e6km\u00f8nster: V905<br \/>\nHastighedskode: V<br \/>\nSt\u00f8j: 71 (DB)<br \/>\nBr\u00e6ndstofsforbrug: D<br \/>\nBremseegenskaber: C<br \/>\nSt\u00f8jkategori klasse: 0<br \/>\nLoadindex: 105<br \/>\nForst\u00e6rket:<br \/>\nRPB:<br \/>\nAnbefalet f\u00e6lgst\u00f8rrelse:<br \/>\nF\u00e6lgst\u00f8rrelser:<br \/>\nEAN-kode: 4968814958800<br \/>\nEU d\u00e6kkategori: C1<\/p>\n","protected":false},"excerpt":{"rendered":"<p>Bredde: 245 Profil: 50 Tommer: 19 D\u00e6km\u00f8nster: V905 Hastighedskode: V St\u00f8j: 71 (DB) Br\u00e6ndstofsforbrug: D Bremseegenskaber: C St\u00f8jkategori klasse: 0 Loadindex: 105 Forst\u00e6rket: RPB: Anbefalet f\u00e6lgst\u00f8rrelse: F\u00e6lgst\u00f8rrelser: EAN-kode: 4968814958800 EU d\u00e6kkategori: C1<\/p>\n","protected":false},"featured_media":0,"template":"","meta":{"_seopress_robots_primary_cat":"","_seopress_titles_title":"","_seopress_titles_desc":"","_seopress_robots_index":"","_mo_disable_npp":""},"product_brand":[],"product_cat":[7566],"product_tag":[],"display":[],"carmodels":[],"brands":[],"class_list":{"0":"post-23874","1":"product","2":"type-product","3":"status-publish","5":"product_cat-ukategoriseret","7":"first","8":"outofstock","9":"taxable","10":"shipping-taxable","11":"purchasable","12":"product-type-simple"},"tiered_pricing_type":"fixed","tiered_pricing_fixed_rules":[],"tiered_pricing_product_settings":{"layout":"default","base_unit_name":{"singular":null,"plural":null},"default_variation":null},"tiered_pricing_minimum_quantity":null,"tiered_pricing_roles_data":[],"tiered_pricing_percentage_rules":[],"_links":{"self":[{"href":"https:\/\/e-parts.dk\/de\/wp-json\/wp\/v2\/product\/23874","targetHints":{"allow":["GET"]}}],"collection":[{"href":"https:\/\/e-parts.dk\/de\/wp-json\/wp\/v2\/product"}],"about":[{"href":"https:\/\/e-parts.dk\/de\/wp-json\/wp\/v2\/types\/product"}],"wp:attachment":[{"href":"https:\/\/e-parts.dk\/de\/wp-json\/wp\/v2\/media?parent=23874"}],"wp:term":[{"taxonomy":"product_brand","embeddable":true,"href":"https:\/\/e-parts.dk\/de\/wp-json\/wp\/v2\/product_brand?post=23874"},{"taxonomy":"product_cat","embeddable":true,"href":"https:\/\/e-parts.dk\/de\/wp-json\/wp\/v2\/product_cat?post=23874"},{"taxonomy":"product_tag","embeddable":true,"href":"https:\/\/e-parts.dk\/de\/wp-json\/wp\/v2\/product_tag?post=23874"},{"taxonomy":"display","embeddable":true,"href":"https:\/\/e-parts.dk\/de\/wp-json\/wp\/v2\/display?post=23874"},{"taxonomy":"carmodels","embeddable":true,"href":"https:\/\/e-parts.dk\/de\/wp-json\/wp\/v2\/carmodels?post=23874"},{"taxonomy":"brands","embeddable":true,"href":"https:\/\/e-parts.dk\/de\/wp-json\/wp\/v2\/brands?post=23874"}],"curies":[{"name":"wp","href":"https:\/\/api.w.org\/{rel}","templated":true}]}}